{"id":494,"date":"2023-11-22T19:54:56","date_gmt":"2023-11-22T19:54:56","guid":{"rendered":"https:\/\/vwmstudio.com\/?post_type=product&#038;p=494"},"modified":"2025-11-03T09:01:34","modified_gmt":"2025-11-03T09:01:34","slug":"add-on-half-moon","status":"publish","type":"product","link":"https:\/\/vwmstudio.com\/sv\/produkt\/add-on-half-moon\/","title":{"rendered":"ADD ON HALF MOON F\u00d6R GATUPRATARE"},"content":{"rendered":"<p>-Easy to Add to your <a href=\"https:\/\/vwmstudio.com\/sv\/produkt\/gatupratare-svart\/\">gatupratare<\/a> when unfolding simply slide into the top opening. By completely unfolding the sidewalk sign the Add On sign will be clamped firmly.<\/p>\n<p>-Pulverlackering \u2013 f\u00f6r utomhus- och inomhusbruk.<\/p>\n<p>-Tillg\u00e4nglig i lager - RAL 9005. F\u00f6r n\u00e5gon annan f\u00e4rg, v\u00e4nligen skicka ett e-postmeddelande till <a href=\"mailto:info@vwmstudio.com\">Laurens<\/a><\/p>\n<p>-Also available: <a href=\"https:\/\/vwmstudio.com\/sv\/produkt\/add-on-banner\/\">Add On Banner<\/a> and <a href=\"https:\/\/vwmstudio.com\/sv\/produkt\/add-on-circle\/\">Add On Circle.<\/a><\/p>\n<p>-Det st\u00e5lskylten \u00e4r l\u00e4mplig f\u00f6r klisterm\u00e4rken, kritmark\u00f6rer och magnetiska alternativ.<\/p>\n<p class=\"p1\"><span class=\"s1\">-Sticker service: Please send us a PDF with your design and we will get back to you with a quote. Not able to make the design? Or what to write on your sidewalk sign? Feel free to reach out. We happily help you find the perfect solution.<\/span><\/p>\n<p class=\"p1\"><span class=\"s1\">-Order stickers online, when ordering your stickers online.\u00a0<\/span><span class=\"s1\">Make sure to order stickers with high adhesive strength for outdoor use.<\/span><\/p>\n<p>-Endast leverans inom EU.<\/p>\n<p>&nbsp;<\/p>\n<p>&nbsp;<\/p>","protected":false},"excerpt":{"rendered":"<p>Add On\u2019s f\u00f6r din hopf\u00e4llbara trottoarskylt. <a href=\"https:\/\/vwmstudio.com\/sv\/produkt\/gatupratare-svart\/\">Sidewalk Sign<\/a>.<\/p>\n<p>Till\u00e4ggsskyltarna \u00e4r mycket enkla att l\u00e4gga till n\u00e4r du vecklar ut trottoarskylten. V\u00e4lj klisterm\u00e4rke, magnetiskt klisterm\u00e4rke eller kritm\u00e4rke f\u00f6r att l\u00e4gga till ditt meddelande.<\/p>\n<p>Anv\u00e4nd dem f\u00f6r ytterligare text, din f\u00f6retagslogotyp eller som s\u00e4ljskyltning, specialerbjudanden, ny kollektion, dagens specialitet, speciellt evenemang, \u00e4ndring av \u00f6ppettider, s\u00e4songens meddelande etc. Perfekt att anv\u00e4nda i detaljhandeln som ett uppm\u00e4rksamhetsverktyg, som ett g\u00e4stfrihetsskylt och mycket mer.<\/p>\n<p>Observera: Om man anv\u00e4nder en chalk marker och samma text exponeras f\u00f6r solen under en l\u00e4ngre tid kan det h\u00e4nda att den inte g\u00e5r att ta bort.<\/p>\n<p>Precis som trottoarskylten \u00e4r till\u00e4ggsskylten l\u00e4mplig f\u00f6r anv\u00e4ndning utomhus och inomhus. Anv\u00e4nd kombinationen som ett utm\u00e4rkt marknadsf\u00f6ringsverktyg, se till att du sticker ut fr\u00e5n m\u00e4ngden.<\/p>\n<p>\u00a9 Copyright VWM AB 19 &#8211; Oktober &#8211; 2023<\/p>","protected":false},"featured_media":1501,"template":"","meta":{"inline_featured_image":false,"site-sidebar-layout":"default","site-content-layout":"","ast-site-content-layout":"default","site-content-style":"default","site-sidebar-style":"default","ast-global-header-display":"","ast-banner-title-visibility":"","ast-main-header-display":"","ast-hfb-above-header-display":"","ast-hfb-below-header-display":"","ast-hfb-mobile-header-display":"","site-post-title":"","ast-breadcrumbs-content":"","ast-featured-img":"","footer-sml-layout":"","ast-disable-related-posts":"","theme-transparent-header-meta":"default","adv-header-id-meta":"","stick-header-meta":"","header-above-stick-meta":"","header-main-stick-meta":"","header-below-stick-meta":"","astra-migrate-meta-layouts":"set","ast-page-background-enabled":"default","ast-page-background-meta":{"desktop":{"background-color":"var(--ast-global-color-4)","background-image":"","background-repeat":"repeat","background-position":"center center","background-size":"auto","background-attachment":"scroll","background-type":"","background-media":"","overlay-type":"","overlay-color":"","overlay-opacity":"","overlay-gradient":""},"tablet":{"background-color":"","background-image":"","background-repeat":"repeat","background-position":"center center","background-size":"auto","background-attachment":"scroll","background-type":"","background-media":"","overlay-type":"","overlay-color":"","overlay-opacity":"","overlay-gradient":""},"mobile":{"background-color":"","background-image":"","background-repeat":"repeat","background-position":"center center","background-size":"auto","background-attachment":"scroll","background-type":"","background-media":"","overlay-type":"","overlay-color":"","overlay-opacity":"","overlay-gradient":""}},"ast-content-background-meta":{"desktop":{"background-color":"var(--ast-global-color-5)","background-image":"","background-repeat":"repeat","background-position":"center center","background-size":"auto","background-attachment":"scroll","background-type":"","background-media":"","overlay-type":"","overlay-color":"","overlay-opacity":"","overlay-gradient":""},"tablet":{"background-color":"var(--ast-global-color-5)","background-image":"","background-repeat":"repeat","background-position":"center center","background-size":"auto","background-attachment":"scroll","background-type":"","background-media":"","overlay-type":"","overlay-color":"","overlay-opacity":"","overlay-gradient":""},"mobile":{"background-color":"var(--ast-global-color-5)","background-image":"","background-repeat":"repeat","background-position":"center center","background-size":"auto","background-attachment":"scroll","background-type":"","background-media":"","overlay-type":"","overlay-color":"","overlay-opacity":"","overlay-gradient":""}}},"product_brand":[],"product_cat":[16],"product_tag":[],"class_list":{"0":"post-494","1":"product","2":"type-product","3":"status-publish","4":"has-post-thumbnail","6":"product_cat-okategoriserad","7":"product_shipping_class-small-parcel","8":"desktop-align-left","9":"tablet-align-left","10":"mobile-align-left","12":"first","13":"instock","14":"taxable","15":"shipping-taxable","16":"purchasable","17":"product-type-simple"},"yoast_head":"<!-- This site is optimized with the Yoast SEO plugin v27.5 - https:\/\/yoast.com\/product\/yoast-seo-wordpress\/ -->\n<title>ADD ON HALF MOON FOR SIDEWALK SIGN - VWM Studio<\/title>\n<meta name=\"robots\" content=\"index, follow, max-snippet:-1, max-image-preview:large, max-video-preview:-1\" \/>\n<link rel=\"canonical\" href=\"https:\/\/vwmstudio.com\/sv\/produkt\/add-on-half-moon\/\" \/>\n<meta property=\"og:locale\" content=\"sv_SE\" \/>\n<meta property=\"og:type\" content=\"article\" \/>\n<meta property=\"og:title\" content=\"ADD ON HALF MOON FOR SIDEWALK SIGN - VWM Studio\" \/>\n<meta property=\"og:description\" content=\"Add On\u2019s for your foldable Sidewalk Sign.  The Add on signs are very easy to add when unfolding the Sidewalk Sign. Choose sticker, magnetic sticker or chalk marker to add your message.  Use your Add On sign to add additional text to your sidewalk sign. For example your company logo, as sale signing, special offers, new collection, specialty of the day, special event, change in opening hours, seasonal message etc. Perfect to use in retail as attention grabbing tool, as hospitality sign and many more.  Please note: if using chalk marker and the same text is exposed to the sun for a longer time it is possible it won\u2019t come off any more.  Just like the Sidewalk sign the Add On sign is suitable for outside&amp; in. Use the combination as a great marketing tool, make sure everyone will notice you are open for business.  \u00a9 Copyright VWM AB 19 - Oktober - 2023\" \/>\n<meta property=\"og:url\" content=\"https:\/\/vwmstudio.com\/sv\/produkt\/add-on-half-moon\/\" \/>\n<meta property=\"og:site_name\" content=\"VWM Studio\" \/>\n<meta property=\"article:modified_time\" content=\"2025-11-03T09:01:34+00:00\" \/>\n<meta property=\"og:image\" content=\"https:\/\/vwmstudio.com\/wp-content\/uploads\/2023\/11\/Add-Ons-for-sidewalk-sign-WEB85-scaled.jpg\" \/>\n\t<meta property=\"og:image:width\" content=\"1706\" \/>\n\t<meta property=\"og:image:height\" content=\"2560\" \/>\n\t<meta property=\"og:image:type\" content=\"image\/jpeg\" \/>\n<meta name=\"twitter:card\" content=\"summary_large_image\" \/>\n<meta name=\"twitter:label1\" content=\"Ber\u00e4knad l\u00e4stid\" \/>\n\t<meta name=\"twitter:data1\" content=\"1 minut\" \/>\n<script type=\"application\/ld+json\" class=\"yoast-schema-graph\">{\"@context\":\"https:\\\/\\\/schema.org\",\"@graph\":[{\"@type\":\"WebPage\",\"@id\":\"https:\\\/\\\/vwmstudio.com\\\/produkt\\\/add-on-half-moon\\\/\",\"url\":\"https:\\\/\\\/vwmstudio.com\\\/produkt\\\/add-on-half-moon\\\/\",\"name\":\"ADD ON HALF MOON FOR SIDEWALK SIGN - VWM Studio\",\"isPartOf\":{\"@id\":\"https:\\\/\\\/vwmstudio.com\\\/#website\"},\"primaryImageOfPage\":{\"@id\":\"https:\\\/\\\/vwmstudio.com\\\/produkt\\\/add-on-half-moon\\\/#primaryimage\"},\"image\":{\"@id\":\"https:\\\/\\\/vwmstudio.com\\\/produkt\\\/add-on-half-moon\\\/#primaryimage\"},\"thumbnailUrl\":\"https:\\\/\\\/vwmstudio.com\\\/wp-content\\\/uploads\\\/2023\\\/11\\\/Add-Ons-for-sidewalk-sign-WEB85-scaled.jpg\",\"datePublished\":\"2023-11-22T19:54:56+00:00\",\"dateModified\":\"2025-11-03T09:01:34+00:00\",\"breadcrumb\":{\"@id\":\"https:\\\/\\\/vwmstudio.com\\\/produkt\\\/add-on-half-moon\\\/#breadcrumb\"},\"inLanguage\":\"sv-SE\",\"potentialAction\":[{\"@type\":\"ReadAction\",\"target\":[\"https:\\\/\\\/vwmstudio.com\\\/produkt\\\/add-on-half-moon\\\/\"]}]},{\"@type\":\"ImageObject\",\"inLanguage\":\"sv-SE\",\"@id\":\"https:\\\/\\\/vwmstudio.com\\\/produkt\\\/add-on-half-moon\\\/#primaryimage\",\"url\":\"https:\\\/\\\/vwmstudio.com\\\/wp-content\\\/uploads\\\/2023\\\/11\\\/Add-Ons-for-sidewalk-sign-WEB85-scaled.jpg\",\"contentUrl\":\"https:\\\/\\\/vwmstudio.com\\\/wp-content\\\/uploads\\\/2023\\\/11\\\/Add-Ons-for-sidewalk-sign-WEB85-scaled.jpg\",\"width\":1706,\"height\":2560},{\"@type\":\"BreadcrumbList\",\"@id\":\"https:\\\/\\\/vwmstudio.com\\\/produkt\\\/add-on-half-moon\\\/#breadcrumb\",\"itemListElement\":[{\"@type\":\"ListItem\",\"position\":1,\"name\":\"Home\",\"item\":\"https:\\\/\\\/vwmstudio.com\\\/\"},{\"@type\":\"ListItem\",\"position\":2,\"name\":\"Products\",\"item\":\"https:\\\/\\\/vwmstudio.com\\\/products\\\/\"},{\"@type\":\"ListItem\",\"position\":3,\"name\":\"ADD ON HALF MOON FOR SIDEWALK SIGN\"}]},{\"@type\":\"WebSite\",\"@id\":\"https:\\\/\\\/vwmstudio.com\\\/#website\",\"url\":\"https:\\\/\\\/vwmstudio.com\\\/\",\"name\":\"VWM Signing\",\"description\":\"\",\"publisher\":{\"@id\":\"https:\\\/\\\/vwmstudio.com\\\/#organization\"},\"potentialAction\":[{\"@type\":\"SearchAction\",\"target\":{\"@type\":\"EntryPoint\",\"urlTemplate\":\"https:\\\/\\\/vwmstudio.com\\\/?s={search_term_string}\"},\"query-input\":{\"@type\":\"PropertyValueSpecification\",\"valueRequired\":true,\"valueName\":\"search_term_string\"}}],\"inLanguage\":\"sv-SE\"},{\"@type\":\"Organization\",\"@id\":\"https:\\\/\\\/vwmstudio.com\\\/#organization\",\"name\":\"VWM Signing\",\"url\":\"https:\\\/\\\/vwmstudio.com\\\/\",\"logo\":{\"@type\":\"ImageObject\",\"inLanguage\":\"sv-SE\",\"@id\":\"https:\\\/\\\/vwmstudio.com\\\/#\\\/schema\\\/logo\\\/image\\\/\",\"url\":\"https:\\\/\\\/vwmstudio.com\\\/wp-content\\\/uploads\\\/2023\\\/11\\\/VWMstudio_zwart.png\",\"contentUrl\":\"https:\\\/\\\/vwmstudio.com\\\/wp-content\\\/uploads\\\/2023\\\/11\\\/VWMstudio_zwart.png\",\"width\":1280,\"height\":667,\"caption\":\"VWM Signing\"},\"image\":{\"@id\":\"https:\\\/\\\/vwmstudio.com\\\/#\\\/schema\\\/logo\\\/image\\\/\"}}]}<\/script>\n<!-- \/ Yoast SEO plugin. -->","yoast_head_json":{"title":"ADD ON HALF MOON FOR SIDEWALK SIGN - VWM Studio","robots":{"index":"index","follow":"follow","max-snippet":"max-snippet:-1","max-image-preview":"max-image-preview:large","max-video-preview":"max-video-preview:-1"},"canonical":"https:\/\/vwmstudio.com\/sv\/produkt\/add-on-half-moon\/","og_locale":"sv_SE","og_type":"article","og_title":"ADD ON HALF MOON FOR SIDEWALK SIGN - VWM Studio","og_description":"Add On\u2019s for your foldable Sidewalk Sign.  The Add on signs are very easy to add when unfolding the Sidewalk Sign. Choose sticker, magnetic sticker or chalk marker to add your message.  Use your Add On sign to add additional text to your sidewalk sign. For example your company logo, as sale signing, special offers, new collection, specialty of the day, special event, change in opening hours, seasonal message etc. Perfect to use in retail as attention grabbing tool, as hospitality sign and many more.  Please note: if using chalk marker and the same text is exposed to the sun for a longer time it is possible it won\u2019t come off any more.  Just like the Sidewalk sign the Add On sign is suitable for outside&amp; in. Use the combination as a great marketing tool, make sure everyone will notice you are open for business.  \u00a9 Copyright VWM AB 19 - Oktober - 2023","og_url":"https:\/\/vwmstudio.com\/sv\/produkt\/add-on-half-moon\/","og_site_name":"VWM Studio","article_modified_time":"2025-11-03T09:01:34+00:00","og_image":[{"width":1706,"height":2560,"url":"https:\/\/vwmstudio.com\/wp-content\/uploads\/2023\/11\/Add-Ons-for-sidewalk-sign-WEB85-scaled.jpg","type":"image\/jpeg"}],"twitter_card":"summary_large_image","twitter_misc":{"Ber\u00e4knad l\u00e4stid":"1 minut"},"schema":{"@context":"https:\/\/schema.org","@graph":[{"@type":"WebPage","@id":"https:\/\/vwmstudio.com\/produkt\/add-on-half-moon\/","url":"https:\/\/vwmstudio.com\/produkt\/add-on-half-moon\/","name":"ADD ON HALF MOON FOR SIDEWALK SIGN - VWM Studio","isPartOf":{"@id":"https:\/\/vwmstudio.com\/#website"},"primaryImageOfPage":{"@id":"https:\/\/vwmstudio.com\/produkt\/add-on-half-moon\/#primaryimage"},"image":{"@id":"https:\/\/vwmstudio.com\/produkt\/add-on-half-moon\/#primaryimage"},"thumbnailUrl":"https:\/\/vwmstudio.com\/wp-content\/uploads\/2023\/11\/Add-Ons-for-sidewalk-sign-WEB85-scaled.jpg","datePublished":"2023-11-22T19:54:56+00:00","dateModified":"2025-11-03T09:01:34+00:00","breadcrumb":{"@id":"https:\/\/vwmstudio.com\/produkt\/add-on-half-moon\/#breadcrumb"},"inLanguage":"sv-SE","potentialAction":[{"@type":"ReadAction","target":["https:\/\/vwmstudio.com\/produkt\/add-on-half-moon\/"]}]},{"@type":"ImageObject","inLanguage":"sv-SE","@id":"https:\/\/vwmstudio.com\/produkt\/add-on-half-moon\/#primaryimage","url":"https:\/\/vwmstudio.com\/wp-content\/uploads\/2023\/11\/Add-Ons-for-sidewalk-sign-WEB85-scaled.jpg","contentUrl":"https:\/\/vwmstudio.com\/wp-content\/uploads\/2023\/11\/Add-Ons-for-sidewalk-sign-WEB85-scaled.jpg","width":1706,"height":2560},{"@type":"BreadcrumbList","@id":"https:\/\/vwmstudio.com\/produkt\/add-on-half-moon\/#breadcrumb","itemListElement":[{"@type":"ListItem","position":1,"name":"Home","item":"https:\/\/vwmstudio.com\/"},{"@type":"ListItem","position":2,"name":"Products","item":"https:\/\/vwmstudio.com\/products\/"},{"@type":"ListItem","position":3,"name":"ADD ON HALF MOON FOR SIDEWALK SIGN"}]},{"@type":"WebSite","@id":"https:\/\/vwmstudio.com\/#website","url":"https:\/\/vwmstudio.com\/","name":"VWM Signing","description":"","publisher":{"@id":"https:\/\/vwmstudio.com\/#organization"},"potentialAction":[{"@type":"SearchAction","target":{"@type":"EntryPoint","urlTemplate":"https:\/\/vwmstudio.com\/?s={search_term_string}"},"query-input":{"@type":"PropertyValueSpecification","valueRequired":true,"valueName":"search_term_string"}}],"inLanguage":"sv-SE"},{"@type":"Organization","@id":"https:\/\/vwmstudio.com\/#organization","name":"VWM Signing","url":"https:\/\/vwmstudio.com\/","logo":{"@type":"ImageObject","inLanguage":"sv-SE","@id":"https:\/\/vwmstudio.com\/#\/schema\/logo\/image\/","url":"https:\/\/vwmstudio.com\/wp-content\/uploads\/2023\/11\/VWMstudio_zwart.png","contentUrl":"https:\/\/vwmstudio.com\/wp-content\/uploads\/2023\/11\/VWMstudio_zwart.png","width":1280,"height":667,"caption":"VWM Signing"},"image":{"@id":"https:\/\/vwmstudio.com\/#\/schema\/logo\/image\/"}}]}},"_links":{"self":[{"href":"https:\/\/vwmstudio.com\/sv\/wp-json\/wp\/v2\/product\/494","targetHints":{"allow":["GET"]}}],"collection":[{"href":"https:\/\/vwmstudio.com\/sv\/wp-json\/wp\/v2\/product"}],"about":[{"href":"https:\/\/vwmstudio.com\/sv\/wp-json\/wp\/v2\/types\/product"}],"wp:featuredmedia":[{"embeddable":true,"href":"https:\/\/vwmstudio.com\/sv\/wp-json\/wp\/v2\/media\/1501"}],"wp:attachment":[{"href":"https:\/\/vwmstudio.com\/sv\/wp-json\/wp\/v2\/media?parent=494"}],"wp:term":[{"taxonomy":"product_brand","embeddable":true,"href":"https:\/\/vwmstudio.com\/sv\/wp-json\/wp\/v2\/product_brand?post=494"},{"taxonomy":"product_cat","embeddable":true,"href":"https:\/\/vwmstudio.com\/sv\/wp-json\/wp\/v2\/product_cat?post=494"},{"taxonomy":"product_tag","embeddable":true,"href":"https:\/\/vwmstudio.com\/sv\/wp-json\/wp\/v2\/product_tag?post=494"}],"curies":[{"name":"wp","href":"https:\/\/api.w.org\/{rel}","templated":true}]}}