{"id":492,"date":"2023-11-22T21:49:05","date_gmt":"2023-11-22T21:49:05","guid":{"rendered":"https:\/\/vwmstudio.com\/?post_type=product&#038;p=492"},"modified":"2026-03-13T09:36:36","modified_gmt":"2026-03-13T09:36:36","slug":"add-on-circle","status":"publish","type":"product","link":"https:\/\/vwmstudio.com\/sv\/produkt\/add-on-circle\/","title":{"rendered":"ADD ON CIRCLE SVART"},"content":{"rendered":"<p class=\"\" data-start=\"160\" data-end=\"354\">Enkel att f\u00e4sta p\u00e5 din gatupratare.<br data-start=\"199\" data-end=\"202\" \/>Snabb att anv\u00e4nda \u2013 skjut bara in Add-on-skylten i det \u00f6vre sp\u00e5ret n\u00e4r du helt f\u00e4llt ut din gatupratare. N\u00e4r skylten \u00e4r helt \u00f6ppen, h\u00e5lls Add-on p\u00e5 plats.<br \/>\nViktigt: Ta bort Add-on-skylten innan du f\u00e4ller ihop och flyttar gatuprataren.<\/p>\n<p class=\"translation-block\" data-start=\"356\" data-end=\"493\">Pulverlackerad finish:<br data-start=\"388\" data-end=\"391\">Designad f\u00f6r b\u00e5de inomhus- och utomhusbruk, med en pulverlackering av h\u00f6g kvalitet f\u00f6r l\u00e5ng h\u00e5llbarhet.<\/p>\n<p class=\"\" data-start=\"495\" data-end=\"606\">F\u00e4rgalternativ:<br \/>\nFinns i lager i svart, vitt, rosa och bl\u00e5tt.<br data-start=\"531\" data-end=\"534\" \/>Letar du efter en annan f\u00e4rg? <a href=\"\/sv\/info@vwmstudio.com\/\">Kontakta oss f\u00f6r anpassade f\u00e4rgalternativ.<\/a><\/p>\n<p data-start=\"608\" data-end=\"733\">Vikt:<br \/>\n0,5 kg<\/p>\n<p class=\"translation-block\" data-start=\"608\" data-end=\"733\">Andra tillg\u00e4ngliga Add-on-alternativ:<br data-start=\"642\" data-end=\"645\">Utforska v\u00e5rt fulla utbud, inklusive Add-on Banner och Add-on Halvm\u00e5ne.<\/p>\n<p class=\"translation-block\" data-start=\"735\" data-end=\"876\">Ytan fungerar utm\u00e4rkt med stickers, kritpenna och magnetiska element\u2014idealisk f\u00f6r flexibel meddelandehantering.<\/p>\n<p class=\"translation-block\" data-start=\"878\" data-end=\"1100\">Sticker Anpassningstj\u00e4nst:<br data-start=\"911\" data-end=\"914\">Skicka oss en PDF med din design, och vi ger dig ett f\u00f6rslag. \u00c4r du os\u00e4ker p\u00e5 vad du ska s\u00e4tta p\u00e5 din skylt? Beh\u00f6ver du hj\u00e4lp med att designa den? Kontakta oss\u2014vi hj\u00e4lper g\u00e4rna till att hitta den perfekta l\u00f6sningen.<\/p>\n<p class=\"translation-block\" data-start=\"1102\" data-end=\"1254\">Best\u00e4ll klisterm\u00e4rken sj\u00e4lv:<br> \nN\u00e4r du best\u00e4ller klisterm\u00e4rken online, se till att de \u00e4r designade f\u00f6r utomhusbruk med h\u00f6g vidh\u00e4ftningsstyrka, och se till att din design har en linjetjocklek p\u00e5 2 mm.<\/p>\n<p class=\"translation-block\">Leveranstider:<br> \nSE: 3\u20135 dagar, NL: 5\u20138 dagar, BE: 5\u20139 dagar, DK: 3\u20135 dagar, DE: 5\u20139 dagar, FR: 5\u20139 dagar. F\u00f6r \u00f6vriga l\u00e4nder, v\u00e4nligen kontakta oss om leveranstid inte anges.<\/p>\n<p class=\"translation-block\">Fraktinformation:<br>\nVi erbjuder f\u00f6r n\u00e4rvarande endast EU-frakt f\u00f6r denna produkt.<\/p>\n<p class=\"translation-block\">Viktig notering:<br> \nOm du anv\u00e4nder en flytande kritpenna p\u00e5 denna v\u00e4ggskylt och l\u00e4mnar kvar texten under en l\u00e4ngre tid, kan det vara sv\u00e5rt att f\u00e5 bort den.<\/p>\n<p>&nbsp;<\/p>\n<p>&nbsp;<\/p>","protected":false},"excerpt":{"rendered":"<p class=\"\" data-start=\"146\" data-end=\"197\">Add-on Circle f\u00f6r Din F\u00e4llbara Gatupratare.<\/p>\n<p class=\"\" data-start=\"199\" data-end=\"354\">F\u00f6rst\u00e4rk ditt budskap med Add-on Circle \u2013 designad f\u00f6r att enkelt f\u00e4stas n\u00e4r du vecklar ut din gatupratare. Inga verktyg beh\u00f6vs, bara skjut in den i toppen n\u00e4r skylten \u00e4r helt utf\u00e4lld f\u00f6r att f\u00e4sta den, och du \u00e4r redo.<br \/>\nViktigt: Ta bort Add-on-skylten innan du f\u00e4ller ihop och flyttar gatuprataren.<\/p>\n<p class=\"\" data-start=\"356\" data-end=\"485\">Anpassa din Add-on med en sticker, magnetalternativ eller kritpenna f\u00f6r att visa ditt budskap exakt s\u00e5 som du vill.<\/p>\n<p class=\"\" data-start=\"487\" data-end=\"691\">Anv\u00e4nd det f\u00f6r att lyfta fram viktig information som:<br data-start=\"521\" data-end=\"524\" \/>\u2022 Din logotyp eller varum\u00e4rke<br data-start=\"547\" data-end=\"550\" \/>\u2022 F\u00f6rs\u00e4ljning och specialerbjudanden<br data-start=\"576\" data-end=\"579\" \/>\u2022 S\u00e4songsbetonade kampanjer<br data-start=\"600\" data-end=\"603\" \/>\u2022 Nyheter i kollektioner eller menyalternativ<br data-start=\"634\" data-end=\"637\" \/>\u2022 Dagens specialerbjudanden eller evenemang<br data-start=\"663\" data-end=\"666\" \/>\u2022 Uppdaterade \u00f6ppettider<\/p>\n<p class=\"\" data-start=\"693\" data-end=\"818\">Perfekt f\u00f6r detaljhandel, hotell och restaurangbranschen och mycket mer. Detta i\u00f6gonfallande till\u00e4gg hj\u00e4lper till att dra uppm\u00e4rksamhet till sig och g\u00f6r att din skyltning sticker ut \u00e4nnu mer.<\/p>\n<p class=\"\" data-start=\"820\" data-end=\"972\">Kompatibel med alla v\u00e5ra vikbara trottoarpratare.<\/p>\n<p>\u00a9 Copyright VWM studio<\/p>\n<p class=\"p1\">","protected":false},"featured_media":2509,"template":"","meta":{"inline_featured_image":false,"site-sidebar-layout":"default","site-content-layout":"","ast-site-content-layout":"default","site-content-style":"default","site-sidebar-style":"default","ast-global-header-display":"","ast-banner-title-visibility":"","ast-main-header-display":"","ast-hfb-above-header-display":"","ast-hfb-below-header-display":"","ast-hfb-mobile-header-display":"","site-post-title":"","ast-breadcrumbs-content":"","ast-featured-img":"","footer-sml-layout":"","ast-disable-related-posts":"","theme-transparent-header-meta":"default","adv-header-id-meta":"","stick-header-meta":"","header-above-stick-meta":"","header-main-stick-meta":"","header-below-stick-meta":"","astra-migrate-meta-layouts":"set","ast-page-background-enabled":"default","ast-page-background-meta":{"desktop":{"background-color":"var(--ast-global-color-4)","background-image":"","background-repeat":"repeat","background-position":"center center","background-size":"auto","background-attachment":"scroll","background-type":"","background-media":"","overlay-type":"","overlay-color":"","overlay-opacity":"","overlay-gradient":""},"tablet":{"background-color":"","background-image":"","background-repeat":"repeat","background-position":"center center","background-size":"auto","background-attachment":"scroll","background-type":"","background-media":"","overlay-type":"","overlay-color":"","overlay-opacity":"","overlay-gradient":""},"mobile":{"background-color":"","background-image":"","background-repeat":"repeat","background-position":"center center","background-size":"auto","background-attachment":"scroll","background-type":"","background-media":"","overlay-type":"","overlay-color":"","overlay-opacity":"","overlay-gradient":""}},"ast-content-background-meta":{"desktop":{"background-color":"var(--ast-global-color-5)","background-image":"","background-repeat":"repeat","background-position":"center center","background-size":"auto","background-attachment":"scroll","background-type":"","background-media":"","overlay-type":"","overlay-color":"","overlay-opacity":"","overlay-gradient":""},"tablet":{"background-color":"var(--ast-global-color-5)","background-image":"","background-repeat":"repeat","background-position":"center center","background-size":"auto","background-attachment":"scroll","background-type":"","background-media":"","overlay-type":"","overlay-color":"","overlay-opacity":"","overlay-gradient":""},"mobile":{"background-color":"var(--ast-global-color-5)","background-image":"","background-repeat":"repeat","background-position":"center center","background-size":"auto","background-attachment":"scroll","background-type":"","background-media":"","overlay-type":"","overlay-color":"","overlay-opacity":"","overlay-gradient":""}}},"product_brand":[],"product_cat":[16],"product_tag":[63,64,65,30,48,61],"class_list":{"0":"post-492","1":"product","2":"type-product","3":"status-publish","4":"has-post-thumbnail","6":"product_cat-okategoriserad","7":"product_tag-add-on-circle","8":"product_tag-gatupratare","9":"product_tag-gehwegschild","10":"product_tag-shop-sign","11":"product_tag-sidewalk-sign","12":"product_tag-stoepbord","13":"product_shipping_class-small-parcel","14":"desktop-align-left","15":"tablet-align-left","16":"mobile-align-left","18":"first","19":"instock","20":"taxable","21":"shipping-taxable","22":"purchasable","23":"product-type-simple"},"yoast_head":"<!-- This site is optimized with the Yoast SEO plugin v27.5 - https:\/\/yoast.com\/product\/yoast-seo-wordpress\/ -->\n<title>ADD ON CIRCLE BLACK - VWM Studio<\/title>\n<meta name=\"robots\" content=\"index, follow, max-snippet:-1, max-image-preview:large, max-video-preview:-1\" \/>\n<link rel=\"canonical\" href=\"https:\/\/vwmstudio.com\/sv\/produkt\/add-on-circle\/\" \/>\n<meta property=\"og:locale\" content=\"sv_SE\" \/>\n<meta property=\"og:type\" content=\"article\" \/>\n<meta property=\"og:title\" content=\"ADD ON CIRCLE BLACK - VWM Studio\" \/>\n<meta property=\"og:description\" content=\"Add-On Circle for Your Foldable Sidewalk Sign Elevate your message with the Add-On Circle \u2013 designed to easily attach when unfolding your sidewalk sign. No tools needed, just slide it in at the top when unfolding completely to clamp and you\u2019re set. Important: Remove the Add-On Sign before folding and moving the sidewalk sign. Customize your Add-On with a sticker, magnetic options, or chalk marker to display your message exactly how you want. Use it to highlight key info like:\u2022 Your logo or branding\u2022 Sales and special offers\u2022 Seasonal promotions\u2022 New collections or menu items\u2022 Daily specials or events\u2022 Updated opening hours Ideal for retail, hospitality, and beyond. This eye-catching addition helps draw attention and makes your signage stand out. Compatible with all our foldable sidewalk signs. \u00a9 Copyright VWM studio\" \/>\n<meta property=\"og:url\" content=\"https:\/\/vwmstudio.com\/sv\/produkt\/add-on-circle\/\" \/>\n<meta property=\"og:site_name\" content=\"VWM Studio\" \/>\n<meta property=\"article:modified_time\" content=\"2026-03-13T09:36:36+00:00\" \/>\n<meta property=\"og:image\" content=\"https:\/\/vwmstudio.com\/wp-content\/uploads\/2023\/11\/VWM-studio-Add-On-Circle-Black-scaled.webp\" \/>\n\t<meta property=\"og:image:width\" content=\"1707\" \/>\n\t<meta property=\"og:image:height\" content=\"2560\" \/>\n\t<meta property=\"og:image:type\" content=\"image\/webp\" \/>\n<meta name=\"twitter:card\" content=\"summary_large_image\" \/>\n<meta name=\"twitter:label1\" content=\"Ber\u00e4knad l\u00e4stid\" \/>\n\t<meta name=\"twitter:data1\" content=\"2 minuter\" \/>\n<script type=\"application\/ld+json\" class=\"yoast-schema-graph\">{\"@context\":\"https:\\\/\\\/schema.org\",\"@graph\":[{\"@type\":\"WebPage\",\"@id\":\"https:\\\/\\\/vwmstudio.com\\\/produkt\\\/add-on-circle\\\/\",\"url\":\"https:\\\/\\\/vwmstudio.com\\\/produkt\\\/add-on-circle\\\/\",\"name\":\"ADD ON CIRCLE BLACK - VWM Studio\",\"isPartOf\":{\"@id\":\"https:\\\/\\\/vwmstudio.com\\\/#website\"},\"primaryImageOfPage\":{\"@id\":\"https:\\\/\\\/vwmstudio.com\\\/produkt\\\/add-on-circle\\\/#primaryimage\"},\"image\":{\"@id\":\"https:\\\/\\\/vwmstudio.com\\\/produkt\\\/add-on-circle\\\/#primaryimage\"},\"thumbnailUrl\":\"https:\\\/\\\/vwmstudio.com\\\/wp-content\\\/uploads\\\/2023\\\/11\\\/VWM-studio-Add-On-Circle-Black-scaled.webp\",\"datePublished\":\"2023-11-22T21:49:05+00:00\",\"dateModified\":\"2026-03-13T09:36:36+00:00\",\"breadcrumb\":{\"@id\":\"https:\\\/\\\/vwmstudio.com\\\/produkt\\\/add-on-circle\\\/#breadcrumb\"},\"inLanguage\":\"sv-SE\",\"potentialAction\":[{\"@type\":\"ReadAction\",\"target\":[\"https:\\\/\\\/vwmstudio.com\\\/produkt\\\/add-on-circle\\\/\"]}]},{\"@type\":\"ImageObject\",\"inLanguage\":\"sv-SE\",\"@id\":\"https:\\\/\\\/vwmstudio.com\\\/produkt\\\/add-on-circle\\\/#primaryimage\",\"url\":\"https:\\\/\\\/vwmstudio.com\\\/wp-content\\\/uploads\\\/2023\\\/11\\\/VWM-studio-Add-On-Circle-Black-scaled.webp\",\"contentUrl\":\"https:\\\/\\\/vwmstudio.com\\\/wp-content\\\/uploads\\\/2023\\\/11\\\/VWM-studio-Add-On-Circle-Black-scaled.webp\",\"width\":1707,\"height\":2560},{\"@type\":\"BreadcrumbList\",\"@id\":\"https:\\\/\\\/vwmstudio.com\\\/produkt\\\/add-on-circle\\\/#breadcrumb\",\"itemListElement\":[{\"@type\":\"ListItem\",\"position\":1,\"name\":\"Home\",\"item\":\"https:\\\/\\\/vwmstudio.com\\\/\"},{\"@type\":\"ListItem\",\"position\":2,\"name\":\"Products\",\"item\":\"https:\\\/\\\/vwmstudio.com\\\/products\\\/\"},{\"@type\":\"ListItem\",\"position\":3,\"name\":\"ADD ON CIRCLE BLACK\"}]},{\"@type\":\"WebSite\",\"@id\":\"https:\\\/\\\/vwmstudio.com\\\/#website\",\"url\":\"https:\\\/\\\/vwmstudio.com\\\/\",\"name\":\"VWM Signing\",\"description\":\"\",\"publisher\":{\"@id\":\"https:\\\/\\\/vwmstudio.com\\\/#organization\"},\"potentialAction\":[{\"@type\":\"SearchAction\",\"target\":{\"@type\":\"EntryPoint\",\"urlTemplate\":\"https:\\\/\\\/vwmstudio.com\\\/?s={search_term_string}\"},\"query-input\":{\"@type\":\"PropertyValueSpecification\",\"valueRequired\":true,\"valueName\":\"search_term_string\"}}],\"inLanguage\":\"sv-SE\"},{\"@type\":\"Organization\",\"@id\":\"https:\\\/\\\/vwmstudio.com\\\/#organization\",\"name\":\"VWM Signing\",\"url\":\"https:\\\/\\\/vwmstudio.com\\\/\",\"logo\":{\"@type\":\"ImageObject\",\"inLanguage\":\"sv-SE\",\"@id\":\"https:\\\/\\\/vwmstudio.com\\\/#\\\/schema\\\/logo\\\/image\\\/\",\"url\":\"https:\\\/\\\/vwmstudio.com\\\/wp-content\\\/uploads\\\/2023\\\/11\\\/VWMstudio_zwart.png\",\"contentUrl\":\"https:\\\/\\\/vwmstudio.com\\\/wp-content\\\/uploads\\\/2023\\\/11\\\/VWMstudio_zwart.png\",\"width\":1280,\"height\":667,\"caption\":\"VWM Signing\"},\"image\":{\"@id\":\"https:\\\/\\\/vwmstudio.com\\\/#\\\/schema\\\/logo\\\/image\\\/\"}}]}<\/script>\n<!-- \/ Yoast SEO plugin. -->","yoast_head_json":{"title":"ADD ON CIRCLE BLACK - VWM Studio","robots":{"index":"index","follow":"follow","max-snippet":"max-snippet:-1","max-image-preview":"max-image-preview:large","max-video-preview":"max-video-preview:-1"},"canonical":"https:\/\/vwmstudio.com\/sv\/produkt\/add-on-circle\/","og_locale":"sv_SE","og_type":"article","og_title":"ADD ON CIRCLE BLACK - VWM Studio","og_description":"Add-On Circle for Your Foldable Sidewalk Sign Elevate your message with the Add-On Circle \u2013 designed to easily attach when unfolding your sidewalk sign. No tools needed, just slide it in at the top when unfolding completely to clamp and you\u2019re set. Important: Remove the Add-On Sign before folding and moving the sidewalk sign. Customize your Add-On with a sticker, magnetic options, or chalk marker to display your message exactly how you want. Use it to highlight key info like:\u2022 Your logo or branding\u2022 Sales and special offers\u2022 Seasonal promotions\u2022 New collections or menu items\u2022 Daily specials or events\u2022 Updated opening hours Ideal for retail, hospitality, and beyond. This eye-catching addition helps draw attention and makes your signage stand out. Compatible with all our foldable sidewalk signs. \u00a9 Copyright VWM studio","og_url":"https:\/\/vwmstudio.com\/sv\/produkt\/add-on-circle\/","og_site_name":"VWM Studio","article_modified_time":"2026-03-13T09:36:36+00:00","og_image":[{"width":1707,"height":2560,"url":"https:\/\/vwmstudio.com\/wp-content\/uploads\/2023\/11\/VWM-studio-Add-On-Circle-Black-scaled.webp","type":"image\/webp"}],"twitter_card":"summary_large_image","twitter_misc":{"Ber\u00e4knad l\u00e4stid":"2 minuter"},"schema":{"@context":"https:\/\/schema.org","@graph":[{"@type":"WebPage","@id":"https:\/\/vwmstudio.com\/produkt\/add-on-circle\/","url":"https:\/\/vwmstudio.com\/produkt\/add-on-circle\/","name":"ADD ON CIRCLE BLACK - VWM Studio","isPartOf":{"@id":"https:\/\/vwmstudio.com\/#website"},"primaryImageOfPage":{"@id":"https:\/\/vwmstudio.com\/produkt\/add-on-circle\/#primaryimage"},"image":{"@id":"https:\/\/vwmstudio.com\/produkt\/add-on-circle\/#primaryimage"},"thumbnailUrl":"https:\/\/vwmstudio.com\/wp-content\/uploads\/2023\/11\/VWM-studio-Add-On-Circle-Black-scaled.webp","datePublished":"2023-11-22T21:49:05+00:00","dateModified":"2026-03-13T09:36:36+00:00","breadcrumb":{"@id":"https:\/\/vwmstudio.com\/produkt\/add-on-circle\/#breadcrumb"},"inLanguage":"sv-SE","potentialAction":[{"@type":"ReadAction","target":["https:\/\/vwmstudio.com\/produkt\/add-on-circle\/"]}]},{"@type":"ImageObject","inLanguage":"sv-SE","@id":"https:\/\/vwmstudio.com\/produkt\/add-on-circle\/#primaryimage","url":"https:\/\/vwmstudio.com\/wp-content\/uploads\/2023\/11\/VWM-studio-Add-On-Circle-Black-scaled.webp","contentUrl":"https:\/\/vwmstudio.com\/wp-content\/uploads\/2023\/11\/VWM-studio-Add-On-Circle-Black-scaled.webp","width":1707,"height":2560},{"@type":"BreadcrumbList","@id":"https:\/\/vwmstudio.com\/produkt\/add-on-circle\/#breadcrumb","itemListElement":[{"@type":"ListItem","position":1,"name":"Home","item":"https:\/\/vwmstudio.com\/"},{"@type":"ListItem","position":2,"name":"Products","item":"https:\/\/vwmstudio.com\/products\/"},{"@type":"ListItem","position":3,"name":"ADD ON CIRCLE BLACK"}]},{"@type":"WebSite","@id":"https:\/\/vwmstudio.com\/#website","url":"https:\/\/vwmstudio.com\/","name":"VWM Signing","description":"","publisher":{"@id":"https:\/\/vwmstudio.com\/#organization"},"potentialAction":[{"@type":"SearchAction","target":{"@type":"EntryPoint","urlTemplate":"https:\/\/vwmstudio.com\/?s={search_term_string}"},"query-input":{"@type":"PropertyValueSpecification","valueRequired":true,"valueName":"search_term_string"}}],"inLanguage":"sv-SE"},{"@type":"Organization","@id":"https:\/\/vwmstudio.com\/#organization","name":"VWM Signing","url":"https:\/\/vwmstudio.com\/","logo":{"@type":"ImageObject","inLanguage":"sv-SE","@id":"https:\/\/vwmstudio.com\/#\/schema\/logo\/image\/","url":"https:\/\/vwmstudio.com\/wp-content\/uploads\/2023\/11\/VWMstudio_zwart.png","contentUrl":"https:\/\/vwmstudio.com\/wp-content\/uploads\/2023\/11\/VWMstudio_zwart.png","width":1280,"height":667,"caption":"VWM Signing"},"image":{"@id":"https:\/\/vwmstudio.com\/#\/schema\/logo\/image\/"}}]}},"_links":{"self":[{"href":"https:\/\/vwmstudio.com\/sv\/wp-json\/wp\/v2\/product\/492","targetHints":{"allow":["GET"]}}],"collection":[{"href":"https:\/\/vwmstudio.com\/sv\/wp-json\/wp\/v2\/product"}],"about":[{"href":"https:\/\/vwmstudio.com\/sv\/wp-json\/wp\/v2\/types\/product"}],"wp:featuredmedia":[{"embeddable":true,"href":"https:\/\/vwmstudio.com\/sv\/wp-json\/wp\/v2\/media\/2509"}],"wp:attachment":[{"href":"https:\/\/vwmstudio.com\/sv\/wp-json\/wp\/v2\/media?parent=492"}],"wp:term":[{"taxonomy":"product_brand","embeddable":true,"href":"https:\/\/vwmstudio.com\/sv\/wp-json\/wp\/v2\/product_brand?post=492"},{"taxonomy":"product_cat","embeddable":true,"href":"https:\/\/vwmstudio.com\/sv\/wp-json\/wp\/v2\/product_cat?post=492"},{"taxonomy":"product_tag","embeddable":true,"href":"https:\/\/vwmstudio.com\/sv\/wp-json\/wp\/v2\/product_tag?post=492"}],"curies":[{"name":"wp","href":"https:\/\/api.w.org\/{rel}","templated":true}]}}