{"id":2570,"date":"2025-03-20T11:48:57","date_gmt":"2025-03-20T11:48:57","guid":{"rendered":"https:\/\/vwmstudio.com\/?post_type=product&#038;p=2570"},"modified":"2026-04-16T07:05:33","modified_gmt":"2026-04-16T07:05:33","slug":"magnetic-digits-set-white","status":"publish","type":"product","link":"https:\/\/vwmstudio.com\/sv\/produkt\/magnetic-digits-set-white\/","title":{"rendered":"Magnetiskt siffer-set \u2013 Vid"},"content":{"rendered":"<p>Magnetiskt siffer-set \u2013 Vit<\/p>\n<p>Detta magnetiska siffer-set inneh\u00e5ller ett urval av siffror, vilket ger dig flexibilitet att skapa datum, priser, \u00f6ppettider och andra meddelanden f\u00f6r skyltar eller andra ytor.<\/p>\n<p>Alla siffror \u00e4r 2,7 cm h\u00f6ga, vilket g\u00f6r dem l\u00e4tta att l\u00e4sa och visuellt i\u00f6gonfallande.<\/p>\n<p>Exakta tecken som ing\u00e5r visas p\u00e5 produktbilden \u2013 vad du ser \u00e4r vad du f\u00e5r.<\/p>","protected":false},"excerpt":{"rendered":"<p data-start=\"72\" data-end=\"230\">Detta magnetiska siffer-set inneh\u00e5ller ett urval av siffror, vilket ger dig flexibilitet att skapa datum, priser, \u00f6ppettider och andra meddelanden f\u00f6r skyltar eller andra ytor.<\/p>\n<p data-start=\"232\" data-end=\"390\">Vi har gjort siffrorna extra tunna s\u00e5 att de sm\u00e4lter s\u00f6ml\u00f6st in med din skylt, utan det klumpiga magnetiska utseendet.<\/p>\n<p data-start=\"232\" data-end=\"390\">Finns \u00e4ven i n\u00e4stan svart.<\/p>","protected":false},"featured_media":2553,"template":"","meta":{"inline_featured_image":false,"site-sidebar-layout":"default","site-content-layout":"","ast-site-content-layout":"default","site-content-style":"default","site-sidebar-style":"default","ast-global-header-display":"","ast-banner-title-visibility":"","ast-main-header-display":"","ast-hfb-above-header-display":"","ast-hfb-below-header-display":"","ast-hfb-mobile-header-display":"","site-post-title":"","ast-breadcrumbs-content":"","ast-featured-img":"","footer-sml-layout":"","ast-disable-related-posts":"","theme-transparent-header-meta":"default","adv-header-id-meta":"","stick-header-meta":"","header-above-stick-meta":"","header-main-stick-meta":"","header-below-stick-meta":"","astra-migrate-meta-layouts":"set","ast-page-background-enabled":"default","ast-page-background-meta":{"desktop":{"background-color":"var(--ast-global-color-4)","background-image":"","background-repeat":"repeat","background-position":"center center","background-size":"auto","background-attachment":"scroll","background-type":"","background-media":"","overlay-type":"","overlay-color":"","overlay-opacity":"","overlay-gradient":""},"tablet":{"background-color":"","background-image":"","background-repeat":"repeat","background-position":"center center","background-size":"auto","background-attachment":"scroll","background-type":"","background-media":"","overlay-type":"","overlay-color":"","overlay-opacity":"","overlay-gradient":""},"mobile":{"background-color":"","background-image":"","background-repeat":"repeat","background-position":"center center","background-size":"auto","background-attachment":"scroll","background-type":"","background-media":"","overlay-type":"","overlay-color":"","overlay-opacity":"","overlay-gradient":""}},"ast-content-background-meta":{"desktop":{"background-color":"var(--ast-global-color-5)","background-image":"","background-repeat":"repeat","background-position":"center center","background-size":"auto","background-attachment":"scroll","background-type":"","background-media":"","overlay-type":"","overlay-color":"","overlay-opacity":"","overlay-gradient":""},"tablet":{"background-color":"var(--ast-global-color-5)","background-image":"","background-repeat":"repeat","background-position":"center center","background-size":"auto","background-attachment":"scroll","background-type":"","background-media":"","overlay-type":"","overlay-color":"","overlay-opacity":"","overlay-gradient":""},"mobile":{"background-color":"var(--ast-global-color-5)","background-image":"","background-repeat":"repeat","background-position":"center center","background-size":"auto","background-attachment":"scroll","background-type":"","background-media":"","overlay-type":"","overlay-color":"","overlay-opacity":"","overlay-gradient":""}}},"product_brand":[],"product_cat":[16],"product_tag":[139,140,141],"class_list":{"0":"post-2570","1":"product","2":"type-product","3":"status-publish","4":"has-post-thumbnail","6":"product_cat-okategoriserad","7":"product_tag-magnetic-digits","8":"product_tag-magnetische-cijfers","9":"product_tag-magnetisches-zahlenset","10":"product_shipping_class-small-parcel","11":"desktop-align-left","12":"tablet-align-left","13":"mobile-align-left","15":"first","16":"instock","17":"taxable","18":"shipping-taxable","19":"purchasable","20":"product-type-simple"},"yoast_head":"<!-- This site is optimized with the Yoast SEO plugin v27.5 - https:\/\/yoast.com\/product\/yoast-seo-wordpress\/ -->\n<title>Magnetic digits set - White - VWM Studio<\/title>\n<meta name=\"description\" content=\"Magnetic Digits Set \u2013 Near Black or White. 2.7\u202fcm tall numbers perfect for creating dates, prices, opening hours, and custom messages. Magnetic finish, easy to read, visually striking.\" \/>\n<meta name=\"robots\" content=\"index, follow, max-snippet:-1, max-image-preview:large, max-video-preview:-1\" \/>\n<link rel=\"canonical\" href=\"https:\/\/vwmstudio.com\/sv\/produkt\/magnetic-digits-set-white\/\" \/>\n<meta property=\"og:locale\" content=\"sv_SE\" \/>\n<meta property=\"og:type\" content=\"article\" \/>\n<meta property=\"og:title\" content=\"Magnetic digits set - White - VWM Studio\" \/>\n<meta property=\"og:description\" content=\"Magnetic Digits Set \u2013 Near Black or White. 2.7\u202fcm tall numbers perfect for creating dates, prices, opening hours, and custom messages. Magnetic finish, easy to read, visually striking.\" \/>\n<meta property=\"og:url\" content=\"https:\/\/vwmstudio.com\/sv\/produkt\/magnetic-digits-set-white\/\" \/>\n<meta property=\"og:site_name\" content=\"VWM Studio\" \/>\n<meta property=\"article:modified_time\" content=\"2026-04-16T07:05:33+00:00\" \/>\n<meta property=\"og:image\" content=\"https:\/\/vwmstudio.com\/wp-content\/uploads\/2026\/03\/VWM-studio-Magnetic-digits-set-white-web-scaled.webp\" \/>\n\t<meta property=\"og:image:width\" content=\"1707\" \/>\n\t<meta property=\"og:image:height\" content=\"2560\" \/>\n\t<meta property=\"og:image:type\" content=\"image\/webp\" \/>\n<meta name=\"twitter:card\" content=\"summary_large_image\" \/>\n<meta name=\"twitter:label1\" content=\"Ber\u00e4knad l\u00e4stid\" \/>\n\t<meta name=\"twitter:data1\" content=\"1 minut\" \/>\n<script type=\"application\/ld+json\" class=\"yoast-schema-graph\">{\"@context\":\"https:\\\/\\\/schema.org\",\"@graph\":[{\"@type\":\"WebPage\",\"@id\":\"https:\\\/\\\/vwmstudio.com\\\/produkt\\\/magnetic-digits-set-white\\\/\",\"url\":\"https:\\\/\\\/vwmstudio.com\\\/produkt\\\/magnetic-digits-set-white\\\/\",\"name\":\"Magnetic digits set - White - VWM Studio\",\"isPartOf\":{\"@id\":\"https:\\\/\\\/vwmstudio.com\\\/#website\"},\"primaryImageOfPage\":{\"@id\":\"https:\\\/\\\/vwmstudio.com\\\/produkt\\\/magnetic-digits-set-white\\\/#primaryimage\"},\"image\":{\"@id\":\"https:\\\/\\\/vwmstudio.com\\\/produkt\\\/magnetic-digits-set-white\\\/#primaryimage\"},\"thumbnailUrl\":\"https:\\\/\\\/vwmstudio.com\\\/wp-content\\\/uploads\\\/2026\\\/03\\\/VWM-studio-Magnetic-digits-set-white-web-scaled.webp\",\"datePublished\":\"2025-03-20T11:48:57+00:00\",\"dateModified\":\"2026-04-16T07:05:33+00:00\",\"description\":\"Magnetic Digits Set \u2013 Near Black or White. 2.7\u202fcm tall numbers perfect for creating dates, prices, opening hours, and custom messages. Magnetic finish, easy to read, visually striking.\",\"breadcrumb\":{\"@id\":\"https:\\\/\\\/vwmstudio.com\\\/produkt\\\/magnetic-digits-set-white\\\/#breadcrumb\"},\"inLanguage\":\"sv-SE\",\"potentialAction\":[{\"@type\":\"ReadAction\",\"target\":[\"https:\\\/\\\/vwmstudio.com\\\/produkt\\\/magnetic-digits-set-white\\\/\"]}]},{\"@type\":\"ImageObject\",\"inLanguage\":\"sv-SE\",\"@id\":\"https:\\\/\\\/vwmstudio.com\\\/produkt\\\/magnetic-digits-set-white\\\/#primaryimage\",\"url\":\"https:\\\/\\\/vwmstudio.com\\\/wp-content\\\/uploads\\\/2026\\\/03\\\/VWM-studio-Magnetic-digits-set-white-web-scaled.webp\",\"contentUrl\":\"https:\\\/\\\/vwmstudio.com\\\/wp-content\\\/uploads\\\/2026\\\/03\\\/VWM-studio-Magnetic-digits-set-white-web-scaled.webp\",\"width\":1707,\"height\":2560},{\"@type\":\"BreadcrumbList\",\"@id\":\"https:\\\/\\\/vwmstudio.com\\\/produkt\\\/magnetic-digits-set-white\\\/#breadcrumb\",\"itemListElement\":[{\"@type\":\"ListItem\",\"position\":1,\"name\":\"Home\",\"item\":\"https:\\\/\\\/vwmstudio.com\\\/\"},{\"@type\":\"ListItem\",\"position\":2,\"name\":\"Products\",\"item\":\"https:\\\/\\\/vwmstudio.com\\\/products\\\/\"},{\"@type\":\"ListItem\",\"position\":3,\"name\":\"Magnetic digits set &#8211; White\"}]},{\"@type\":\"WebSite\",\"@id\":\"https:\\\/\\\/vwmstudio.com\\\/#website\",\"url\":\"https:\\\/\\\/vwmstudio.com\\\/\",\"name\":\"VWM Signing\",\"description\":\"\",\"publisher\":{\"@id\":\"https:\\\/\\\/vwmstudio.com\\\/#organization\"},\"potentialAction\":[{\"@type\":\"SearchAction\",\"target\":{\"@type\":\"EntryPoint\",\"urlTemplate\":\"https:\\\/\\\/vwmstudio.com\\\/?s={search_term_string}\"},\"query-input\":{\"@type\":\"PropertyValueSpecification\",\"valueRequired\":true,\"valueName\":\"search_term_string\"}}],\"inLanguage\":\"sv-SE\"},{\"@type\":\"Organization\",\"@id\":\"https:\\\/\\\/vwmstudio.com\\\/#organization\",\"name\":\"VWM Signing\",\"url\":\"https:\\\/\\\/vwmstudio.com\\\/\",\"logo\":{\"@type\":\"ImageObject\",\"inLanguage\":\"sv-SE\",\"@id\":\"https:\\\/\\\/vwmstudio.com\\\/#\\\/schema\\\/logo\\\/image\\\/\",\"url\":\"https:\\\/\\\/vwmstudio.com\\\/wp-content\\\/uploads\\\/2023\\\/11\\\/VWMstudio_zwart.png\",\"contentUrl\":\"https:\\\/\\\/vwmstudio.com\\\/wp-content\\\/uploads\\\/2023\\\/11\\\/VWMstudio_zwart.png\",\"width\":1280,\"height\":667,\"caption\":\"VWM Signing\"},\"image\":{\"@id\":\"https:\\\/\\\/vwmstudio.com\\\/#\\\/schema\\\/logo\\\/image\\\/\"}}]}<\/script>\n<!-- \/ Yoast SEO plugin. -->","yoast_head_json":{"title":"Magnetic digits set - White - VWM Studio","description":"Magnetic Digits Set \u2013 Near Black or White. 2.7\u202fcm tall numbers perfect for creating dates, prices, opening hours, and custom messages. Magnetic finish, easy to read, visually striking.","robots":{"index":"index","follow":"follow","max-snippet":"max-snippet:-1","max-image-preview":"max-image-preview:large","max-video-preview":"max-video-preview:-1"},"canonical":"https:\/\/vwmstudio.com\/sv\/produkt\/magnetic-digits-set-white\/","og_locale":"sv_SE","og_type":"article","og_title":"Magnetic digits set - White - VWM Studio","og_description":"Magnetic Digits Set \u2013 Near Black or White. 2.7\u202fcm tall numbers perfect for creating dates, prices, opening hours, and custom messages. Magnetic finish, easy to read, visually striking.","og_url":"https:\/\/vwmstudio.com\/sv\/produkt\/magnetic-digits-set-white\/","og_site_name":"VWM Studio","article_modified_time":"2026-04-16T07:05:33+00:00","og_image":[{"width":1707,"height":2560,"url":"https:\/\/vwmstudio.com\/wp-content\/uploads\/2026\/03\/VWM-studio-Magnetic-digits-set-white-web-scaled.webp","type":"image\/webp"}],"twitter_card":"summary_large_image","twitter_misc":{"Ber\u00e4knad l\u00e4stid":"1 minut"},"schema":{"@context":"https:\/\/schema.org","@graph":[{"@type":"WebPage","@id":"https:\/\/vwmstudio.com\/produkt\/magnetic-digits-set-white\/","url":"https:\/\/vwmstudio.com\/produkt\/magnetic-digits-set-white\/","name":"Magnetic digits set - White - VWM Studio","isPartOf":{"@id":"https:\/\/vwmstudio.com\/#website"},"primaryImageOfPage":{"@id":"https:\/\/vwmstudio.com\/produkt\/magnetic-digits-set-white\/#primaryimage"},"image":{"@id":"https:\/\/vwmstudio.com\/produkt\/magnetic-digits-set-white\/#primaryimage"},"thumbnailUrl":"https:\/\/vwmstudio.com\/wp-content\/uploads\/2026\/03\/VWM-studio-Magnetic-digits-set-white-web-scaled.webp","datePublished":"2025-03-20T11:48:57+00:00","dateModified":"2026-04-16T07:05:33+00:00","description":"Magnetic Digits Set \u2013 Near Black or White. 2.7\u202fcm tall numbers perfect for creating dates, prices, opening hours, and custom messages. Magnetic finish, easy to read, visually striking.","breadcrumb":{"@id":"https:\/\/vwmstudio.com\/produkt\/magnetic-digits-set-white\/#breadcrumb"},"inLanguage":"sv-SE","potentialAction":[{"@type":"ReadAction","target":["https:\/\/vwmstudio.com\/produkt\/magnetic-digits-set-white\/"]}]},{"@type":"ImageObject","inLanguage":"sv-SE","@id":"https:\/\/vwmstudio.com\/produkt\/magnetic-digits-set-white\/#primaryimage","url":"https:\/\/vwmstudio.com\/wp-content\/uploads\/2026\/03\/VWM-studio-Magnetic-digits-set-white-web-scaled.webp","contentUrl":"https:\/\/vwmstudio.com\/wp-content\/uploads\/2026\/03\/VWM-studio-Magnetic-digits-set-white-web-scaled.webp","width":1707,"height":2560},{"@type":"BreadcrumbList","@id":"https:\/\/vwmstudio.com\/produkt\/magnetic-digits-set-white\/#breadcrumb","itemListElement":[{"@type":"ListItem","position":1,"name":"Home","item":"https:\/\/vwmstudio.com\/"},{"@type":"ListItem","position":2,"name":"Products","item":"https:\/\/vwmstudio.com\/products\/"},{"@type":"ListItem","position":3,"name":"Magnetic digits set &#8211; White"}]},{"@type":"WebSite","@id":"https:\/\/vwmstudio.com\/#website","url":"https:\/\/vwmstudio.com\/","name":"VWM Signing","description":"","publisher":{"@id":"https:\/\/vwmstudio.com\/#organization"},"potentialAction":[{"@type":"SearchAction","target":{"@type":"EntryPoint","urlTemplate":"https:\/\/vwmstudio.com\/?s={search_term_string}"},"query-input":{"@type":"PropertyValueSpecification","valueRequired":true,"valueName":"search_term_string"}}],"inLanguage":"sv-SE"},{"@type":"Organization","@id":"https:\/\/vwmstudio.com\/#organization","name":"VWM Signing","url":"https:\/\/vwmstudio.com\/","logo":{"@type":"ImageObject","inLanguage":"sv-SE","@id":"https:\/\/vwmstudio.com\/#\/schema\/logo\/image\/","url":"https:\/\/vwmstudio.com\/wp-content\/uploads\/2023\/11\/VWMstudio_zwart.png","contentUrl":"https:\/\/vwmstudio.com\/wp-content\/uploads\/2023\/11\/VWMstudio_zwart.png","width":1280,"height":667,"caption":"VWM Signing"},"image":{"@id":"https:\/\/vwmstudio.com\/#\/schema\/logo\/image\/"}}]}},"_links":{"self":[{"href":"https:\/\/vwmstudio.com\/sv\/wp-json\/wp\/v2\/product\/2570","targetHints":{"allow":["GET"]}}],"collection":[{"href":"https:\/\/vwmstudio.com\/sv\/wp-json\/wp\/v2\/product"}],"about":[{"href":"https:\/\/vwmstudio.com\/sv\/wp-json\/wp\/v2\/types\/product"}],"wp:featuredmedia":[{"embeddable":true,"href":"https:\/\/vwmstudio.com\/sv\/wp-json\/wp\/v2\/media\/2553"}],"wp:attachment":[{"href":"https:\/\/vwmstudio.com\/sv\/wp-json\/wp\/v2\/media?parent=2570"}],"wp:term":[{"taxonomy":"product_brand","embeddable":true,"href":"https:\/\/vwmstudio.com\/sv\/wp-json\/wp\/v2\/product_brand?post=2570"},{"taxonomy":"product_cat","embeddable":true,"href":"https:\/\/vwmstudio.com\/sv\/wp-json\/wp\/v2\/product_cat?post=2570"},{"taxonomy":"product_tag","embeddable":true,"href":"https:\/\/vwmstudio.com\/sv\/wp-json\/wp\/v2\/product_tag?post=2570"}],"curies":[{"name":"wp","href":"https:\/\/api.w.org\/{rel}","templated":true}]}}