{"id":2563,"date":"2025-03-19T10:10:27","date_gmt":"2025-03-19T10:10:27","guid":{"rendered":"https:\/\/vwmstudio.com\/?post_type=product&#038;p=2563"},"modified":"2026-03-19T10:42:29","modified_gmt":"2026-03-19T10:42:29","slug":"magnetic-letters-set-lowercase-near-black","status":"publish","type":"product","link":"https:\/\/vwmstudio.com\/sv\/produkt\/magnetic-letters-set-lowercase-near-black\/","title":{"rendered":"Magnetiskt bokstavsset \u2013 gemener \u2013 n\u00e4stan svart"},"content":{"rendered":"<p>Magnetiskt alfabetset i gemener \u2013 n\u00e4stan svart, f\u00f6r kreativ kommunikation.<\/p>\n<p>Detta magnetiska bokstavsset inneh\u00e5ller 70 tecken och ger dig flexibiliteten att skapa ett brett utbud av ord och fraser f\u00f6r din skyltning eller annan yta. Varje bokstav varierar i h\u00f6jd p\u00e5 grund av designen i gemener, med en maximal h\u00f6jd p\u00e5 3,5 cm, vilket g\u00f6r dem l\u00e4ttl\u00e4sta och visuellt i\u00f6gonfallande. De exakta tecken som ing\u00e5r visas p\u00e5 produktbilden \u2013 det du ser \u00e4r det du f\u00e5r.<\/p>\n<p>Tips: Skriv ner de budskap du vill visa innan du best\u00e4ller och kontrollera om ett set inneh\u00e5ller tillr\u00e4ckligt med bokst\u00e4ver. Beh\u00f6ver du fler? Seten kan enkelt kombineras f\u00f6r l\u00e4ngre texter eller st\u00f6rre skyltar.<\/p>\n<p>F\u00f6rutom p\u00e5 v\u00e5ra skyltar passar detta magnetiska bokstavsset \u00e4ven perfekt i k\u00f6k, kontor, butiker eller kreativa milj\u00f6er. Var som helst d\u00e4r du vill att ditt budskap ska sticka ut.<\/p>\n<p>F\u00e4rger: Finns \u00e4ven i vitt.<\/p>","protected":false},"excerpt":{"rendered":"<p data-start=\"336\" data-end=\"497\">Detta bokstavsset i gemener g\u00f6r det enkelt att uppdatera och anpassa ditt budskap n\u00e4r du vill. Setet passar perfekt tillsammans med v\u00e5ra Add-On Signs och all annan st\u00e5lskyltning.<\/p>\n<p data-start=\"499\" data-end=\"657\">Vi har gjort bokst\u00e4verna extra tunna s\u00e5 att de sm\u00e4lter in s\u00f6ml\u00f6st i din skylt, utan det klumpiga magnetiska utseendet. Bokstavssetet har en klar vit finish.<\/p>\n<p data-start=\"499\" data-end=\"657\">Setet har en magnetisk yta i en mycket m\u00f6rkgr\u00e5 nyans som drar \u00e5t svart.<\/p>","protected":false},"featured_media":2555,"template":"","meta":{"inline_featured_image":false,"site-sidebar-layout":"default","site-content-layout":"","ast-site-content-layout":"default","site-content-style":"default","site-sidebar-style":"default","ast-global-header-display":"","ast-banner-title-visibility":"","ast-main-header-display":"","ast-hfb-above-header-display":"","ast-hfb-below-header-display":"","ast-hfb-mobile-header-display":"","site-post-title":"","ast-breadcrumbs-content":"","ast-featured-img":"","footer-sml-layout":"","ast-disable-related-posts":"","theme-transparent-header-meta":"default","adv-header-id-meta":"","stick-header-meta":"","header-above-stick-meta":"","header-main-stick-meta":"","header-below-stick-meta":"","astra-migrate-meta-layouts":"set","ast-page-background-enabled":"default","ast-page-background-meta":{"desktop":{"background-color":"var(--ast-global-color-4)","background-image":"","background-repeat":"repeat","background-position":"center center","background-size":"auto","background-attachment":"scroll","background-type":"","background-media":"","overlay-type":"","overlay-color":"","overlay-opacity":"","overlay-gradient":""},"tablet":{"background-color":"","background-image":"","background-repeat":"repeat","background-position":"center center","background-size":"auto","background-attachment":"scroll","background-type":"","background-media":"","overlay-type":"","overlay-color":"","overlay-opacity":"","overlay-gradient":""},"mobile":{"background-color":"","background-image":"","background-repeat":"repeat","background-position":"center center","background-size":"auto","background-attachment":"scroll","background-type":"","background-media":"","overlay-type":"","overlay-color":"","overlay-opacity":"","overlay-gradient":""}},"ast-content-background-meta":{"desktop":{"background-color":"var(--ast-global-color-5)","background-image":"","background-repeat":"repeat","background-position":"center center","background-size":"auto","background-attachment":"scroll","background-type":"","background-media":"","overlay-type":"","overlay-color":"","overlay-opacity":"","overlay-gradient":""},"tablet":{"background-color":"var(--ast-global-color-5)","background-image":"","background-repeat":"repeat","background-position":"center center","background-size":"auto","background-attachment":"scroll","background-type":"","background-media":"","overlay-type":"","overlay-color":"","overlay-opacity":"","overlay-gradient":""},"mobile":{"background-color":"var(--ast-global-color-5)","background-image":"","background-repeat":"repeat","background-position":"center center","background-size":"auto","background-attachment":"scroll","background-type":"","background-media":"","overlay-type":"","overlay-color":"","overlay-opacity":"","overlay-gradient":""}}},"product_brand":[],"product_cat":[16],"product_tag":[137,136,138,135,134,133],"class_list":{"0":"post-2563","1":"product","2":"type-product","3":"status-publish","4":"has-post-thumbnail","6":"product_cat-okategoriserad","7":"product_tag-koelkast-magneten","8":"product_tag-magneet-letters","9":"product_tag-magneten-voor-kinderen","10":"product_tag-magnetic-alphabet","11":"product_tag-magnetic-letters","12":"product_tag-magnetic-letters-set","13":"product_shipping_class-small-parcel","14":"desktop-align-left","15":"tablet-align-left","16":"mobile-align-left","18":"first","19":"instock","20":"taxable","21":"shipping-taxable","22":"purchasable","23":"product-type-simple"},"yoast_head":"<!-- This site is optimized with the Yoast SEO plugin v27.5 - https:\/\/yoast.com\/product\/yoast-seo-wordpress\/ -->\n<title>Magnetic letters set - Lowercase - Near Black - VWM Studio<\/title>\n<meta name=\"description\" content=\"Magnetic Alphabet Set, lower case, with 70 characters for creative messaging. 3.5 cm magnetic letters for signage, shops. Combine sets for longer texts.\" \/>\n<meta name=\"robots\" content=\"index, follow, max-snippet:-1, max-image-preview:large, max-video-preview:-1\" \/>\n<link rel=\"canonical\" href=\"https:\/\/vwmstudio.com\/sv\/produkt\/magnetic-letters-set-lowercase-near-black\/\" \/>\n<meta property=\"og:locale\" content=\"sv_SE\" \/>\n<meta property=\"og:type\" content=\"article\" \/>\n<meta property=\"og:title\" content=\"Magnetic letters set - Lowercase - Near Black - VWM Studio\" \/>\n<meta property=\"og:description\" content=\"Magnetic Alphabet Set, lower case, with 70 characters for creative messaging. 3.5 cm magnetic letters for signage, shops. Combine sets for longer texts.\" \/>\n<meta property=\"og:url\" content=\"https:\/\/vwmstudio.com\/sv\/produkt\/magnetic-letters-set-lowercase-near-black\/\" \/>\n<meta property=\"og:site_name\" content=\"VWM Studio\" \/>\n<meta property=\"article:modified_time\" content=\"2026-03-19T10:42:29+00:00\" \/>\n<meta property=\"og:image\" content=\"https:\/\/vwmstudio.com\/wp-content\/uploads\/2026\/03\/VWM-studio-Magnetic-letters-set-near-black-web-scaled.webp\" \/>\n\t<meta property=\"og:image:width\" content=\"1707\" \/>\n\t<meta property=\"og:image:height\" content=\"2560\" \/>\n\t<meta property=\"og:image:type\" content=\"image\/webp\" \/>\n<meta name=\"twitter:card\" content=\"summary_large_image\" \/>\n<meta name=\"twitter:label1\" content=\"Ber\u00e4knad l\u00e4stid\" \/>\n\t<meta name=\"twitter:data1\" content=\"1 minut\" \/>\n<script type=\"application\/ld+json\" class=\"yoast-schema-graph\">{\"@context\":\"https:\\\/\\\/schema.org\",\"@graph\":[{\"@type\":\"WebPage\",\"@id\":\"https:\\\/\\\/vwmstudio.com\\\/produkt\\\/magnetic-letters-set-lowercase-near-black\\\/\",\"url\":\"https:\\\/\\\/vwmstudio.com\\\/produkt\\\/magnetic-letters-set-lowercase-near-black\\\/\",\"name\":\"Magnetic letters set - Lowercase - Near Black - VWM Studio\",\"isPartOf\":{\"@id\":\"https:\\\/\\\/vwmstudio.com\\\/#website\"},\"primaryImageOfPage\":{\"@id\":\"https:\\\/\\\/vwmstudio.com\\\/produkt\\\/magnetic-letters-set-lowercase-near-black\\\/#primaryimage\"},\"image\":{\"@id\":\"https:\\\/\\\/vwmstudio.com\\\/produkt\\\/magnetic-letters-set-lowercase-near-black\\\/#primaryimage\"},\"thumbnailUrl\":\"https:\\\/\\\/vwmstudio.com\\\/wp-content\\\/uploads\\\/2026\\\/03\\\/VWM-studio-Magnetic-letters-set-near-black-web-scaled.webp\",\"datePublished\":\"2025-03-19T10:10:27+00:00\",\"dateModified\":\"2026-03-19T10:42:29+00:00\",\"description\":\"Magnetic Alphabet Set, lower case, with 70 characters for creative messaging. 3.5 cm magnetic letters for signage, shops. Combine sets for longer texts.\",\"breadcrumb\":{\"@id\":\"https:\\\/\\\/vwmstudio.com\\\/produkt\\\/magnetic-letters-set-lowercase-near-black\\\/#breadcrumb\"},\"inLanguage\":\"sv-SE\",\"potentialAction\":[{\"@type\":\"ReadAction\",\"target\":[\"https:\\\/\\\/vwmstudio.com\\\/produkt\\\/magnetic-letters-set-lowercase-near-black\\\/\"]}]},{\"@type\":\"ImageObject\",\"inLanguage\":\"sv-SE\",\"@id\":\"https:\\\/\\\/vwmstudio.com\\\/produkt\\\/magnetic-letters-set-lowercase-near-black\\\/#primaryimage\",\"url\":\"https:\\\/\\\/vwmstudio.com\\\/wp-content\\\/uploads\\\/2026\\\/03\\\/VWM-studio-Magnetic-letters-set-near-black-web-scaled.webp\",\"contentUrl\":\"https:\\\/\\\/vwmstudio.com\\\/wp-content\\\/uploads\\\/2026\\\/03\\\/VWM-studio-Magnetic-letters-set-near-black-web-scaled.webp\",\"width\":1707,\"height\":2560},{\"@type\":\"BreadcrumbList\",\"@id\":\"https:\\\/\\\/vwmstudio.com\\\/produkt\\\/magnetic-letters-set-lowercase-near-black\\\/#breadcrumb\",\"itemListElement\":[{\"@type\":\"ListItem\",\"position\":1,\"name\":\"Home\",\"item\":\"https:\\\/\\\/vwmstudio.com\\\/\"},{\"@type\":\"ListItem\",\"position\":2,\"name\":\"Products\",\"item\":\"https:\\\/\\\/vwmstudio.com\\\/products\\\/\"},{\"@type\":\"ListItem\",\"position\":3,\"name\":\"Magnetic letters set &#8211; Lowercase &#8211; Near Black\"}]},{\"@type\":\"WebSite\",\"@id\":\"https:\\\/\\\/vwmstudio.com\\\/#website\",\"url\":\"https:\\\/\\\/vwmstudio.com\\\/\",\"name\":\"VWM Signing\",\"description\":\"\",\"publisher\":{\"@id\":\"https:\\\/\\\/vwmstudio.com\\\/#organization\"},\"potentialAction\":[{\"@type\":\"SearchAction\",\"target\":{\"@type\":\"EntryPoint\",\"urlTemplate\":\"https:\\\/\\\/vwmstudio.com\\\/?s={search_term_string}\"},\"query-input\":{\"@type\":\"PropertyValueSpecification\",\"valueRequired\":true,\"valueName\":\"search_term_string\"}}],\"inLanguage\":\"sv-SE\"},{\"@type\":\"Organization\",\"@id\":\"https:\\\/\\\/vwmstudio.com\\\/#organization\",\"name\":\"VWM Signing\",\"url\":\"https:\\\/\\\/vwmstudio.com\\\/\",\"logo\":{\"@type\":\"ImageObject\",\"inLanguage\":\"sv-SE\",\"@id\":\"https:\\\/\\\/vwmstudio.com\\\/#\\\/schema\\\/logo\\\/image\\\/\",\"url\":\"https:\\\/\\\/vwmstudio.com\\\/wp-content\\\/uploads\\\/2023\\\/11\\\/VWMstudio_zwart.png\",\"contentUrl\":\"https:\\\/\\\/vwmstudio.com\\\/wp-content\\\/uploads\\\/2023\\\/11\\\/VWMstudio_zwart.png\",\"width\":1280,\"height\":667,\"caption\":\"VWM Signing\"},\"image\":{\"@id\":\"https:\\\/\\\/vwmstudio.com\\\/#\\\/schema\\\/logo\\\/image\\\/\"}}]}<\/script>\n<!-- \/ Yoast SEO plugin. -->","yoast_head_json":{"title":"Magnetic letters set - Lowercase - Near Black - VWM Studio","description":"Magnetic Alphabet Set, lower case, with 70 characters for creative messaging. 3.5 cm magnetic letters for signage, shops. Combine sets for longer texts.","robots":{"index":"index","follow":"follow","max-snippet":"max-snippet:-1","max-image-preview":"max-image-preview:large","max-video-preview":"max-video-preview:-1"},"canonical":"https:\/\/vwmstudio.com\/sv\/produkt\/magnetic-letters-set-lowercase-near-black\/","og_locale":"sv_SE","og_type":"article","og_title":"Magnetic letters set - Lowercase - Near Black - VWM Studio","og_description":"Magnetic Alphabet Set, lower case, with 70 characters for creative messaging. 3.5 cm magnetic letters for signage, shops. Combine sets for longer texts.","og_url":"https:\/\/vwmstudio.com\/sv\/produkt\/magnetic-letters-set-lowercase-near-black\/","og_site_name":"VWM Studio","article_modified_time":"2026-03-19T10:42:29+00:00","og_image":[{"width":1707,"height":2560,"url":"https:\/\/vwmstudio.com\/wp-content\/uploads\/2026\/03\/VWM-studio-Magnetic-letters-set-near-black-web-scaled.webp","type":"image\/webp"}],"twitter_card":"summary_large_image","twitter_misc":{"Ber\u00e4knad l\u00e4stid":"1 minut"},"schema":{"@context":"https:\/\/schema.org","@graph":[{"@type":"WebPage","@id":"https:\/\/vwmstudio.com\/produkt\/magnetic-letters-set-lowercase-near-black\/","url":"https:\/\/vwmstudio.com\/produkt\/magnetic-letters-set-lowercase-near-black\/","name":"Magnetic letters set - Lowercase - Near Black - VWM Studio","isPartOf":{"@id":"https:\/\/vwmstudio.com\/#website"},"primaryImageOfPage":{"@id":"https:\/\/vwmstudio.com\/produkt\/magnetic-letters-set-lowercase-near-black\/#primaryimage"},"image":{"@id":"https:\/\/vwmstudio.com\/produkt\/magnetic-letters-set-lowercase-near-black\/#primaryimage"},"thumbnailUrl":"https:\/\/vwmstudio.com\/wp-content\/uploads\/2026\/03\/VWM-studio-Magnetic-letters-set-near-black-web-scaled.webp","datePublished":"2025-03-19T10:10:27+00:00","dateModified":"2026-03-19T10:42:29+00:00","description":"Magnetic Alphabet Set, lower case, with 70 characters for creative messaging. 3.5 cm magnetic letters for signage, shops. Combine sets for longer texts.","breadcrumb":{"@id":"https:\/\/vwmstudio.com\/produkt\/magnetic-letters-set-lowercase-near-black\/#breadcrumb"},"inLanguage":"sv-SE","potentialAction":[{"@type":"ReadAction","target":["https:\/\/vwmstudio.com\/produkt\/magnetic-letters-set-lowercase-near-black\/"]}]},{"@type":"ImageObject","inLanguage":"sv-SE","@id":"https:\/\/vwmstudio.com\/produkt\/magnetic-letters-set-lowercase-near-black\/#primaryimage","url":"https:\/\/vwmstudio.com\/wp-content\/uploads\/2026\/03\/VWM-studio-Magnetic-letters-set-near-black-web-scaled.webp","contentUrl":"https:\/\/vwmstudio.com\/wp-content\/uploads\/2026\/03\/VWM-studio-Magnetic-letters-set-near-black-web-scaled.webp","width":1707,"height":2560},{"@type":"BreadcrumbList","@id":"https:\/\/vwmstudio.com\/produkt\/magnetic-letters-set-lowercase-near-black\/#breadcrumb","itemListElement":[{"@type":"ListItem","position":1,"name":"Home","item":"https:\/\/vwmstudio.com\/"},{"@type":"ListItem","position":2,"name":"Products","item":"https:\/\/vwmstudio.com\/products\/"},{"@type":"ListItem","position":3,"name":"Magnetic letters set &#8211; Lowercase &#8211; Near Black"}]},{"@type":"WebSite","@id":"https:\/\/vwmstudio.com\/#website","url":"https:\/\/vwmstudio.com\/","name":"VWM Signing","description":"","publisher":{"@id":"https:\/\/vwmstudio.com\/#organization"},"potentialAction":[{"@type":"SearchAction","target":{"@type":"EntryPoint","urlTemplate":"https:\/\/vwmstudio.com\/?s={search_term_string}"},"query-input":{"@type":"PropertyValueSpecification","valueRequired":true,"valueName":"search_term_string"}}],"inLanguage":"sv-SE"},{"@type":"Organization","@id":"https:\/\/vwmstudio.com\/#organization","name":"VWM Signing","url":"https:\/\/vwmstudio.com\/","logo":{"@type":"ImageObject","inLanguage":"sv-SE","@id":"https:\/\/vwmstudio.com\/#\/schema\/logo\/image\/","url":"https:\/\/vwmstudio.com\/wp-content\/uploads\/2023\/11\/VWMstudio_zwart.png","contentUrl":"https:\/\/vwmstudio.com\/wp-content\/uploads\/2023\/11\/VWMstudio_zwart.png","width":1280,"height":667,"caption":"VWM Signing"},"image":{"@id":"https:\/\/vwmstudio.com\/#\/schema\/logo\/image\/"}}]}},"_links":{"self":[{"href":"https:\/\/vwmstudio.com\/sv\/wp-json\/wp\/v2\/product\/2563","targetHints":{"allow":["GET"]}}],"collection":[{"href":"https:\/\/vwmstudio.com\/sv\/wp-json\/wp\/v2\/product"}],"about":[{"href":"https:\/\/vwmstudio.com\/sv\/wp-json\/wp\/v2\/types\/product"}],"wp:featuredmedia":[{"embeddable":true,"href":"https:\/\/vwmstudio.com\/sv\/wp-json\/wp\/v2\/media\/2555"}],"wp:attachment":[{"href":"https:\/\/vwmstudio.com\/sv\/wp-json\/wp\/v2\/media?parent=2563"}],"wp:term":[{"taxonomy":"product_brand","embeddable":true,"href":"https:\/\/vwmstudio.com\/sv\/wp-json\/wp\/v2\/product_brand?post=2563"},{"taxonomy":"product_cat","embeddable":true,"href":"https:\/\/vwmstudio.com\/sv\/wp-json\/wp\/v2\/product_cat?post=2563"},{"taxonomy":"product_tag","embeddable":true,"href":"https:\/\/vwmstudio.com\/sv\/wp-json\/wp\/v2\/product_tag?post=2563"}],"curies":[{"name":"wp","href":"https:\/\/api.w.org\/{rel}","templated":true}]}}