{"id":2210,"date":"2025-12-12T13:27:41","date_gmt":"2025-12-12T13:27:41","guid":{"rendered":"https:\/\/vwmstudio.com\/?post_type=product&#038;p=2210"},"modified":"2026-03-16T13:43:23","modified_gmt":"2026-03-16T13:43:23","slug":"magnetic-alphabeth-set-white","status":"publish","type":"product","link":"https:\/\/vwmstudio.com\/sv\/produkt\/magnetic-alphabeth-set-white\/","title":{"rendered":"Magnetiskt bokstavsset \u2013 Vitt"},"content":{"rendered":"<p>Magnetiskt alfabetset, f\u00f6r kreativ kommunikation.<\/p>\n<p>Detta magnetiska bokstavsset inneh\u00e5ller 70 tecken och ger dig flexibiliteten att skapa en m\u00e4ngd olika ord och fraser till din skylt eller andra ytor. Varje bokstav \u00e4r 5 cm h\u00f6g, vilket g\u00f6r dem l\u00e4tta att l\u00e4sa och visuellt i\u00f6gonfallande. Exakt vilka tecken som ing\u00e5r ser du p\u00e5 produktbilden, det du ser \u00e4r vad du f\u00e5r.<\/p>\n<p>Tips: Skriv ner de budskap du vill visa innan du best\u00e4ller och kontrollera om ett set inneh\u00e5ller tillr\u00e4ckligt med bokst\u00e4ver. Beh\u00f6ver du fler? Seten kan enkelt kombineras f\u00f6r l\u00e4ngre texter eller st\u00f6rre skyltar.<\/p>\n<p>F\u00f6rutom p\u00e5 v\u00e5ra skyltar passar detta magnetiska bokstavsset \u00e4ven perfekt i k\u00f6k, kontor, butiker eller kreativa milj\u00f6er. Var som helst d\u00e4r du vill att ditt budskap ska sticka ut.<\/p>\n<p>Finns \u00e4ven med magnetisk finish, <a href=\"https:\/\/vwmstudio.com\/sv\/produkt\/magnetic-alphabeth-set-magnetic-near-black\/\">n\u00e4stintill svart.<\/a><\/p>","protected":false},"excerpt":{"rendered":"<p>Det h\u00e4r bokstavssetet g\u00f6r det enkelt att uppdatera och anpassa ditt budskap n\u00e4r du vill. Vi har gjort bokst\u00e4verna extra tunna s\u00e5 att de sm\u00e4lter in perfekt med skylten, utan det klumpiga magnetiska utseendet. Setet levereras i en klar vit finish.<\/p>","protected":false},"featured_media":2217,"template":"","meta":{"inline_featured_image":false,"site-sidebar-layout":"default","site-content-layout":"","ast-site-content-layout":"default","site-content-style":"default","site-sidebar-style":"default","ast-global-header-display":"","ast-banner-title-visibility":"","ast-main-header-display":"","ast-hfb-above-header-display":"","ast-hfb-below-header-display":"","ast-hfb-mobile-header-display":"","site-post-title":"","ast-breadcrumbs-content":"","ast-featured-img":"","footer-sml-layout":"","ast-disable-related-posts":"","theme-transparent-header-meta":"default","adv-header-id-meta":"","stick-header-meta":"","header-above-stick-meta":"","header-main-stick-meta":"","header-below-stick-meta":"","astra-migrate-meta-layouts":"set","ast-page-background-enabled":"default","ast-page-background-meta":{"desktop":{"background-color":"var(--ast-global-color-4)","background-image":"","background-repeat":"repeat","background-position":"center center","background-size":"auto","background-attachment":"scroll","background-type":"","background-media":"","overlay-type":"","overlay-color":"","overlay-opacity":"","overlay-gradient":""},"tablet":{"background-color":"","background-image":"","background-repeat":"repeat","background-position":"center center","background-size":"auto","background-attachment":"scroll","background-type":"","background-media":"","overlay-type":"","overlay-color":"","overlay-opacity":"","overlay-gradient":""},"mobile":{"background-color":"","background-image":"","background-repeat":"repeat","background-position":"center center","background-size":"auto","background-attachment":"scroll","background-type":"","background-media":"","overlay-type":"","overlay-color":"","overlay-opacity":"","overlay-gradient":""}},"ast-content-background-meta":{"desktop":{"background-color":"var(--ast-global-color-5)","background-image":"","background-repeat":"repeat","background-position":"center center","background-size":"auto","background-attachment":"scroll","background-type":"","background-media":"","overlay-type":"","overlay-color":"","overlay-opacity":"","overlay-gradient":""},"tablet":{"background-color":"var(--ast-global-color-5)","background-image":"","background-repeat":"repeat","background-position":"center center","background-size":"auto","background-attachment":"scroll","background-type":"","background-media":"","overlay-type":"","overlay-color":"","overlay-opacity":"","overlay-gradient":""},"mobile":{"background-color":"var(--ast-global-color-5)","background-image":"","background-repeat":"repeat","background-position":"center center","background-size":"auto","background-attachment":"scroll","background-type":"","background-media":"","overlay-type":"","overlay-color":"","overlay-opacity":"","overlay-gradient":""}}},"product_brand":[],"product_cat":[16],"product_tag":[],"class_list":{"0":"post-2210","1":"product","2":"type-product","3":"status-publish","4":"has-post-thumbnail","6":"product_cat-okategoriserad","7":"product_shipping_class-small-parcel","8":"desktop-align-left","9":"tablet-align-left","10":"mobile-align-left","12":"first","13":"instock","14":"taxable","15":"shipping-taxable","16":"purchasable","17":"product-type-simple"},"yoast_head":"<!-- This site is optimized with the Yoast SEO plugin v27.5 - https:\/\/yoast.com\/product\/yoast-seo-wordpress\/ -->\n<title>MAGNETIC LETTERS SET - WHITE - VWM Studio<\/title>\n<meta name=\"description\" content=\"Magnetic Alphabet Set, upper case, with 70 characters for creative messaging. 5 cm magnetic letters for signage, shops. Combine sets for longer texts.\" \/>\n<meta name=\"robots\" content=\"index, follow, max-snippet:-1, max-image-preview:large, max-video-preview:-1\" \/>\n<link rel=\"canonical\" href=\"https:\/\/vwmstudio.com\/sv\/produkt\/magnetic-alphabeth-set-white\/\" \/>\n<meta property=\"og:locale\" content=\"sv_SE\" \/>\n<meta property=\"og:type\" content=\"article\" \/>\n<meta property=\"og:title\" content=\"MAGNETIC LETTERS SET - WHITE - VWM Studio\" \/>\n<meta property=\"og:description\" content=\"Magnetic Alphabet Set, upper case, with 70 characters for creative messaging. 5 cm magnetic letters for signage, shops. Combine sets for longer texts.\" \/>\n<meta property=\"og:url\" content=\"https:\/\/vwmstudio.com\/sv\/produkt\/magnetic-alphabeth-set-white\/\" \/>\n<meta property=\"og:site_name\" content=\"VWM Studio\" \/>\n<meta property=\"article:modified_time\" content=\"2026-03-16T13:43:23+00:00\" \/>\n<meta property=\"og:image\" content=\"https:\/\/vwmstudio.com\/wp-content\/uploads\/2025\/09\/VWM-studio-Magnetic-letters-set-Web3-scaled.webp\" \/>\n\t<meta property=\"og:image:width\" content=\"1707\" \/>\n\t<meta property=\"og:image:height\" content=\"2560\" \/>\n\t<meta property=\"og:image:type\" content=\"image\/webp\" \/>\n<meta name=\"twitter:card\" content=\"summary_large_image\" \/>\n<meta name=\"twitter:label1\" content=\"Ber\u00e4knad l\u00e4stid\" \/>\n\t<meta name=\"twitter:data1\" content=\"1 minut\" \/>\n<script type=\"application\/ld+json\" class=\"yoast-schema-graph\">{\"@context\":\"https:\\\/\\\/schema.org\",\"@graph\":[{\"@type\":\"WebPage\",\"@id\":\"https:\\\/\\\/vwmstudio.com\\\/produkt\\\/magnetic-alphabeth-set-white\\\/\",\"url\":\"https:\\\/\\\/vwmstudio.com\\\/produkt\\\/magnetic-alphabeth-set-white\\\/\",\"name\":\"MAGNETIC LETTERS SET - WHITE - VWM Studio\",\"isPartOf\":{\"@id\":\"https:\\\/\\\/vwmstudio.com\\\/#website\"},\"primaryImageOfPage\":{\"@id\":\"https:\\\/\\\/vwmstudio.com\\\/produkt\\\/magnetic-alphabeth-set-white\\\/#primaryimage\"},\"image\":{\"@id\":\"https:\\\/\\\/vwmstudio.com\\\/produkt\\\/magnetic-alphabeth-set-white\\\/#primaryimage\"},\"thumbnailUrl\":\"https:\\\/\\\/vwmstudio.com\\\/wp-content\\\/uploads\\\/2025\\\/09\\\/VWM-studio-Magnetic-letters-set-Web3-scaled.webp\",\"datePublished\":\"2025-12-12T13:27:41+00:00\",\"dateModified\":\"2026-03-16T13:43:23+00:00\",\"description\":\"Magnetic Alphabet Set, upper case, with 70 characters for creative messaging. 5 cm magnetic letters for signage, shops. Combine sets for longer texts.\",\"breadcrumb\":{\"@id\":\"https:\\\/\\\/vwmstudio.com\\\/produkt\\\/magnetic-alphabeth-set-white\\\/#breadcrumb\"},\"inLanguage\":\"sv-SE\",\"potentialAction\":[{\"@type\":\"ReadAction\",\"target\":[\"https:\\\/\\\/vwmstudio.com\\\/produkt\\\/magnetic-alphabeth-set-white\\\/\"]}]},{\"@type\":\"ImageObject\",\"inLanguage\":\"sv-SE\",\"@id\":\"https:\\\/\\\/vwmstudio.com\\\/produkt\\\/magnetic-alphabeth-set-white\\\/#primaryimage\",\"url\":\"https:\\\/\\\/vwmstudio.com\\\/wp-content\\\/uploads\\\/2025\\\/09\\\/VWM-studio-Magnetic-letters-set-Web3-scaled.webp\",\"contentUrl\":\"https:\\\/\\\/vwmstudio.com\\\/wp-content\\\/uploads\\\/2025\\\/09\\\/VWM-studio-Magnetic-letters-set-Web3-scaled.webp\",\"width\":1707,\"height\":2560},{\"@type\":\"BreadcrumbList\",\"@id\":\"https:\\\/\\\/vwmstudio.com\\\/produkt\\\/magnetic-alphabeth-set-white\\\/#breadcrumb\",\"itemListElement\":[{\"@type\":\"ListItem\",\"position\":1,\"name\":\"Home\",\"item\":\"https:\\\/\\\/vwmstudio.com\\\/\"},{\"@type\":\"ListItem\",\"position\":2,\"name\":\"Products\",\"item\":\"https:\\\/\\\/vwmstudio.com\\\/products\\\/\"},{\"@type\":\"ListItem\",\"position\":3,\"name\":\"MAGNETIC LETTERS SET &#8211; WHITE\"}]},{\"@type\":\"WebSite\",\"@id\":\"https:\\\/\\\/vwmstudio.com\\\/#website\",\"url\":\"https:\\\/\\\/vwmstudio.com\\\/\",\"name\":\"VWM Signing\",\"description\":\"\",\"publisher\":{\"@id\":\"https:\\\/\\\/vwmstudio.com\\\/#organization\"},\"potentialAction\":[{\"@type\":\"SearchAction\",\"target\":{\"@type\":\"EntryPoint\",\"urlTemplate\":\"https:\\\/\\\/vwmstudio.com\\\/?s={search_term_string}\"},\"query-input\":{\"@type\":\"PropertyValueSpecification\",\"valueRequired\":true,\"valueName\":\"search_term_string\"}}],\"inLanguage\":\"sv-SE\"},{\"@type\":\"Organization\",\"@id\":\"https:\\\/\\\/vwmstudio.com\\\/#organization\",\"name\":\"VWM Signing\",\"url\":\"https:\\\/\\\/vwmstudio.com\\\/\",\"logo\":{\"@type\":\"ImageObject\",\"inLanguage\":\"sv-SE\",\"@id\":\"https:\\\/\\\/vwmstudio.com\\\/#\\\/schema\\\/logo\\\/image\\\/\",\"url\":\"https:\\\/\\\/vwmstudio.com\\\/wp-content\\\/uploads\\\/2023\\\/11\\\/VWMstudio_zwart.png\",\"contentUrl\":\"https:\\\/\\\/vwmstudio.com\\\/wp-content\\\/uploads\\\/2023\\\/11\\\/VWMstudio_zwart.png\",\"width\":1280,\"height\":667,\"caption\":\"VWM Signing\"},\"image\":{\"@id\":\"https:\\\/\\\/vwmstudio.com\\\/#\\\/schema\\\/logo\\\/image\\\/\"}}]}<\/script>\n<!-- \/ Yoast SEO plugin. -->","yoast_head_json":{"title":"MAGNETIC LETTERS SET - WHITE - VWM Studio","description":"Magnetic Alphabet Set, upper case, with 70 characters for creative messaging. 5 cm magnetic letters for signage, shops. Combine sets for longer texts.","robots":{"index":"index","follow":"follow","max-snippet":"max-snippet:-1","max-image-preview":"max-image-preview:large","max-video-preview":"max-video-preview:-1"},"canonical":"https:\/\/vwmstudio.com\/sv\/produkt\/magnetic-alphabeth-set-white\/","og_locale":"sv_SE","og_type":"article","og_title":"MAGNETIC LETTERS SET - WHITE - VWM Studio","og_description":"Magnetic Alphabet Set, upper case, with 70 characters for creative messaging. 5 cm magnetic letters for signage, shops. Combine sets for longer texts.","og_url":"https:\/\/vwmstudio.com\/sv\/produkt\/magnetic-alphabeth-set-white\/","og_site_name":"VWM Studio","article_modified_time":"2026-03-16T13:43:23+00:00","og_image":[{"width":1707,"height":2560,"url":"https:\/\/vwmstudio.com\/wp-content\/uploads\/2025\/09\/VWM-studio-Magnetic-letters-set-Web3-scaled.webp","type":"image\/webp"}],"twitter_card":"summary_large_image","twitter_misc":{"Ber\u00e4knad l\u00e4stid":"1 minut"},"schema":{"@context":"https:\/\/schema.org","@graph":[{"@type":"WebPage","@id":"https:\/\/vwmstudio.com\/produkt\/magnetic-alphabeth-set-white\/","url":"https:\/\/vwmstudio.com\/produkt\/magnetic-alphabeth-set-white\/","name":"MAGNETIC LETTERS SET - WHITE - VWM Studio","isPartOf":{"@id":"https:\/\/vwmstudio.com\/#website"},"primaryImageOfPage":{"@id":"https:\/\/vwmstudio.com\/produkt\/magnetic-alphabeth-set-white\/#primaryimage"},"image":{"@id":"https:\/\/vwmstudio.com\/produkt\/magnetic-alphabeth-set-white\/#primaryimage"},"thumbnailUrl":"https:\/\/vwmstudio.com\/wp-content\/uploads\/2025\/09\/VWM-studio-Magnetic-letters-set-Web3-scaled.webp","datePublished":"2025-12-12T13:27:41+00:00","dateModified":"2026-03-16T13:43:23+00:00","description":"Magnetic Alphabet Set, upper case, with 70 characters for creative messaging. 5 cm magnetic letters for signage, shops. Combine sets for longer texts.","breadcrumb":{"@id":"https:\/\/vwmstudio.com\/produkt\/magnetic-alphabeth-set-white\/#breadcrumb"},"inLanguage":"sv-SE","potentialAction":[{"@type":"ReadAction","target":["https:\/\/vwmstudio.com\/produkt\/magnetic-alphabeth-set-white\/"]}]},{"@type":"ImageObject","inLanguage":"sv-SE","@id":"https:\/\/vwmstudio.com\/produkt\/magnetic-alphabeth-set-white\/#primaryimage","url":"https:\/\/vwmstudio.com\/wp-content\/uploads\/2025\/09\/VWM-studio-Magnetic-letters-set-Web3-scaled.webp","contentUrl":"https:\/\/vwmstudio.com\/wp-content\/uploads\/2025\/09\/VWM-studio-Magnetic-letters-set-Web3-scaled.webp","width":1707,"height":2560},{"@type":"BreadcrumbList","@id":"https:\/\/vwmstudio.com\/produkt\/magnetic-alphabeth-set-white\/#breadcrumb","itemListElement":[{"@type":"ListItem","position":1,"name":"Home","item":"https:\/\/vwmstudio.com\/"},{"@type":"ListItem","position":2,"name":"Products","item":"https:\/\/vwmstudio.com\/products\/"},{"@type":"ListItem","position":3,"name":"MAGNETIC LETTERS SET &#8211; WHITE"}]},{"@type":"WebSite","@id":"https:\/\/vwmstudio.com\/#website","url":"https:\/\/vwmstudio.com\/","name":"VWM Signing","description":"","publisher":{"@id":"https:\/\/vwmstudio.com\/#organization"},"potentialAction":[{"@type":"SearchAction","target":{"@type":"EntryPoint","urlTemplate":"https:\/\/vwmstudio.com\/?s={search_term_string}"},"query-input":{"@type":"PropertyValueSpecification","valueRequired":true,"valueName":"search_term_string"}}],"inLanguage":"sv-SE"},{"@type":"Organization","@id":"https:\/\/vwmstudio.com\/#organization","name":"VWM Signing","url":"https:\/\/vwmstudio.com\/","logo":{"@type":"ImageObject","inLanguage":"sv-SE","@id":"https:\/\/vwmstudio.com\/#\/schema\/logo\/image\/","url":"https:\/\/vwmstudio.com\/wp-content\/uploads\/2023\/11\/VWMstudio_zwart.png","contentUrl":"https:\/\/vwmstudio.com\/wp-content\/uploads\/2023\/11\/VWMstudio_zwart.png","width":1280,"height":667,"caption":"VWM Signing"},"image":{"@id":"https:\/\/vwmstudio.com\/#\/schema\/logo\/image\/"}}]}},"_links":{"self":[{"href":"https:\/\/vwmstudio.com\/sv\/wp-json\/wp\/v2\/product\/2210","targetHints":{"allow":["GET"]}}],"collection":[{"href":"https:\/\/vwmstudio.com\/sv\/wp-json\/wp\/v2\/product"}],"about":[{"href":"https:\/\/vwmstudio.com\/sv\/wp-json\/wp\/v2\/types\/product"}],"wp:featuredmedia":[{"embeddable":true,"href":"https:\/\/vwmstudio.com\/sv\/wp-json\/wp\/v2\/media\/2217"}],"wp:attachment":[{"href":"https:\/\/vwmstudio.com\/sv\/wp-json\/wp\/v2\/media?parent=2210"}],"wp:term":[{"taxonomy":"product_brand","embeddable":true,"href":"https:\/\/vwmstudio.com\/sv\/wp-json\/wp\/v2\/product_brand?post=2210"},{"taxonomy":"product_cat","embeddable":true,"href":"https:\/\/vwmstudio.com\/sv\/wp-json\/wp\/v2\/product_cat?post=2210"},{"taxonomy":"product_tag","embeddable":true,"href":"https:\/\/vwmstudio.com\/sv\/wp-json\/wp\/v2\/product_tag?post=2210"}],"curies":[{"name":"wp","href":"https:\/\/api.w.org\/{rel}","templated":true}]}}