{"id":1510,"date":"2024-11-18T14:31:43","date_gmt":"2024-11-18T14:31:43","guid":{"rendered":"https:\/\/vwmstudio.com\/?post_type=product&#038;p=1510"},"modified":"2026-03-13T13:09:40","modified_gmt":"2026-03-13T13:09:40","slug":"add-on-circle-blue","status":"publish","type":"product","link":"https:\/\/vwmstudio.com\/fr\/produkt\/add-on-circle-blue\/","title":{"rendered":"ADD-ON CIRCLE BLEU"},"content":{"rendered":"<p class=\"\" data-start=\"160\" data-end=\"354\">Fixation Facile sur Votre Panneau :<br data-start=\"199\" data-end=\"202\" \/>Quick to use \u2013 just slide the Add-On Sign into the top slot when unfolding completely your sidewalk sign. Once fully opened, the Add-On is securely clamped in place.<br \/>\nImportant : retirez l\u2019Add-On avant de plier ou de d\u00e9placer le panneau de trottoir.<\/p>\n<p class=\"translation-block\" data-start=\"356\" data-end=\"493\">Finition Thermolaqu\u00e9e:<br data-start=\"388\" data-end=\"391\">Con\u00e7u pour une utilisation int\u00e9rieure et ext\u00e9rieure, avec une finition thermolaqu\u00e9e de haute qualit\u00e9 pour une durabilit\u00e9 maximale.<\/p>\n<p class=\"\" data-start=\"495\" data-end=\"606\">Options de couleur:<br \/>\nEn stock en noir, blanc, rose et bleu.<br data-start=\"531\" data-end=\"534\" \/>Vous cherchez une autre couleur?\u00a0<a href=\"https:\/\/vwmstudio.com\/fr\/produkt\/add-on-circle-white\/info@vwmstudio.com\/\">Contactez-nous pour des options sur mesure.<\/a><\/p>\n<p data-start=\"608\" data-end=\"733\">Poids:<br \/>\n0,5 kg<\/p>\n<p class=\"translation-block\" data-start=\"608\" data-end=\"733\">Autres mod\u00e8les d\u2019Add-On disponibles:<br data-start=\"642\" data-end=\"645\">D\u00e9couvrez notre gamme compl\u00e8te, y compris les mod\u00e8les Add-On Banni\u00e8re et Add-On Demi-Lune.<\/p>\n<p class=\"translation-block\" data-start=\"735\" data-end=\"876\">Personnalisez votre Add-On:<br data-start=\"762\" data-end=\"765\">La surface est id\u00e9ale pour les autocollants, marqueurs \u00e0 craie et \u00e9l\u00e9ments magn\u00e9tiques \u2013 parfaite pour des messages modulables.<\/p>\n<p class=\"translation-block\" data-start=\"878\" data-end=\"1100\">Service de personnalisation d\u2019autocollants:<br data-start=\"911\" data-end=\"914\">Envoyez-nous un fichier PDF avec votre design et nous vous ferons parvenir un devis. Vous ne savez pas quoi afficher ou avez besoin d\u2019aide pour la cr\u00e9ation ? Contactez-nous \u2013 nous serons ravis de vous accompagner dans la meilleure solution.<\/p>\n<p class=\"translation-block\" data-start=\"1102\" data-end=\"1254\">Commander vos autocollants vous-m\u00eame:<br> Lorsque vous commandez des autocollants en ligne, assurez-vous qu\u2019ils sont con\u00e7us pour un usage ext\u00e9rieur avec une forte adh\u00e9rence, et que votre design pr\u00e9sente une \u00e9paisseur de ligne d\u2019au moins 2 mm.<\/p>\n<p class=\"translation-block\">D\u00e9lais de livraison:<br> \nFR : 5 \u00e0 9 jours, SE : 3 \u00e0 5 jours, NL : 5 \u00e0 8 jours, BE : 5 \u00e0 9 jours, DK : 3 \u00e0 5 jours, DE : 5 \u00e0 9 jours. Autres pays : veuillez nous contacter si non pr\u00e9cis\u00e9.<\/p>\n<p class=\"translation-block\">Informations sur la livraison:<br> \nNous proposons actuellement uniquement la livraison au sein de l\u2019Union europ\u00e9enne pour ce produit.<\/p>","protected":false},"excerpt":{"rendered":"<p class=\"\" data-start=\"146\" data-end=\"197\">Add-On Cercle bleu pour votre panneau de trottoir pliable.<\/p>\n<p class=\"\" data-start=\"199\" data-end=\"354\">Faites passer votre message au niveau sup\u00e9rieur avec l\u2019Add-On Cercle \u2013 con\u00e7u pour se fixer facilement lors du d\u00e9ploiement de votre panneau de trottoir. Aucun outil n\u00e9cessaire : il suffit de le glisser dans la fente sup\u00e9rieure lorsque le panneau est compl\u00e8tement d\u00e9pli\u00e9 pour qu\u2019il se fixe automatiquement.<br \/>\nImportant : retirez l\u2019Add-On avant de plier ou de d\u00e9placer le panneau de trottoir.<\/p>\n<p class=\"\" data-start=\"356\" data-end=\"485\">Personnalisez votre Add-On bleu avec un autocollant ou des options magn\u00e9tiques.<\/p>\n<p class=\"\" data-start=\"487\" data-end=\"691\">Utilisez-le pour mettre en valeur des informations cl\u00e9s telles que:<br data-start=\"521\" data-end=\"524\" \/>\u2022 Votre logo ou votre image de marque<br data-start=\"547\" data-end=\"550\" \/>\u2022 Des promotions ou soldes<br data-start=\"576\" data-end=\"579\" \/>\u2022 Des offres saisonni\u00e8res<br data-start=\"600\" data-end=\"603\" \/>\u2022 De nouvelles collections ou items de menu<br data-start=\"634\" data-end=\"637\" \/>\u2022 Des suggestions du jour ou \u00e9v\u00e9nements<br data-start=\"663\" data-end=\"666\" \/>\u2022 Des horaires mis \u00e0 jour<\/p>\n<p class=\"\" data-start=\"693\" data-end=\"818\">Id\u00e9al pour le commerce de d\u00e9tail, l\u2019h\u00f4tellerie-restauration et bien plus encore. Cet \u00e9l\u00e9ment visuel attire le regard et renforce l\u2019impact de votre signal\u00e9tique.<\/p>\n<p class=\"\" data-start=\"820\" data-end=\"972\">Compatible avec tous nos panneaux de trottoir pliables.<\/p>\n<p>\u00a9 Copyright VWM studio<\/p>","protected":false},"featured_media":1776,"template":"","meta":{"inline_featured_image":false,"site-sidebar-layout":"default","site-content-layout":"","ast-site-content-layout":"default","site-content-style":"default","site-sidebar-style":"default","ast-global-header-display":"","ast-banner-title-visibility":"","ast-main-header-display":"","ast-hfb-above-header-display":"","ast-hfb-below-header-display":"","ast-hfb-mobile-header-display":"","site-post-title":"","ast-breadcrumbs-content":"","ast-featured-img":"","footer-sml-layout":"","ast-disable-related-posts":"","theme-transparent-header-meta":"default","adv-header-id-meta":"","stick-header-meta":"","header-above-stick-meta":"","header-main-stick-meta":"","header-below-stick-meta":"","astra-migrate-meta-layouts":"set","ast-page-background-enabled":"default","ast-page-background-meta":{"desktop":{"background-color":"var(--ast-global-color-4)","background-image":"","background-repeat":"repeat","background-position":"center center","background-size":"auto","background-attachment":"scroll","background-type":"","background-media":"","overlay-type":"","overlay-color":"","overlay-opacity":"","overlay-gradient":""},"tablet":{"background-color":"","background-image":"","background-repeat":"repeat","background-position":"center center","background-size":"auto","background-attachment":"scroll","background-type":"","background-media":"","overlay-type":"","overlay-color":"","overlay-opacity":"","overlay-gradient":""},"mobile":{"background-color":"","background-image":"","background-repeat":"repeat","background-position":"center center","background-size":"auto","background-attachment":"scroll","background-type":"","background-media":"","overlay-type":"","overlay-color":"","overlay-opacity":"","overlay-gradient":""}},"ast-content-background-meta":{"desktop":{"background-color":"var(--ast-global-color-5)","background-image":"","background-repeat":"repeat","background-position":"center center","background-size":"auto","background-attachment":"scroll","background-type":"","background-media":"","overlay-type":"","overlay-color":"","overlay-opacity":"","overlay-gradient":""},"tablet":{"background-color":"var(--ast-global-color-5)","background-image":"","background-repeat":"repeat","background-position":"center center","background-size":"auto","background-attachment":"scroll","background-type":"","background-media":"","overlay-type":"","overlay-color":"","overlay-opacity":"","overlay-gradient":""},"mobile":{"background-color":"var(--ast-global-color-5)","background-image":"","background-repeat":"repeat","background-position":"center center","background-size":"auto","background-attachment":"scroll","background-type":"","background-media":"","overlay-type":"","overlay-color":"","overlay-opacity":"","overlay-gradient":""}}},"product_brand":[],"product_cat":[16],"product_tag":[62,118,120,121,119,122,64,65,33,30,48,61],"class_list":{"0":"post-1510","1":"product","2":"type-product","3":"status-publish","4":"has-post-thumbnail","6":"product_cat-okategoriserad","7":"product_tag-bedrijfsigning","8":"product_tag-blauw-stoepbord","9":"product_tag-blue-branded-sign","10":"product_tag-blue-coffee-sign","11":"product_tag-blue-shop-sign","12":"product_tag-blue-signage","13":"product_tag-gatupratare","14":"product_tag-gehwegschild","15":"product_tag-marketing-tool","16":"product_tag-shop-sign","17":"product_tag-sidewalk-sign","18":"product_tag-stoepbord","19":"product_shipping_class-small-parcel","20":"desktop-align-left","21":"tablet-align-left","22":"mobile-align-left","24":"first","25":"instock","26":"taxable","27":"shipping-taxable","28":"purchasable","29":"product-type-simple"},"yoast_head":"<!-- This site is optimized with the Yoast SEO plugin v27.5 - https:\/\/yoast.com\/product\/yoast-seo-wordpress\/ -->\n<title>ADD-ON CIRCLE BLUE - VWM Studio<\/title>\n<meta name=\"description\" content=\"The Add-on signs are easy to add to your sidewalk sign when unfolding. Choose sticker or magnetic options to add your daily message.\" \/>\n<meta name=\"robots\" content=\"index, follow, max-snippet:-1, max-image-preview:large, max-video-preview:-1\" \/>\n<link rel=\"canonical\" href=\"https:\/\/vwmstudio.com\/fr\/produkt\/add-on-circle-blue\/\" \/>\n<meta property=\"og:locale\" content=\"fr_FR\" \/>\n<meta property=\"og:type\" content=\"article\" \/>\n<meta property=\"og:title\" content=\"ADD-ON CIRCLE BLUE - VWM Studio\" \/>\n<meta property=\"og:description\" content=\"The Add-on signs are easy to add to your sidewalk sign when unfolding. Choose sticker or magnetic options to add your daily message.\" \/>\n<meta property=\"og:url\" content=\"https:\/\/vwmstudio.com\/fr\/produkt\/add-on-circle-blue\/\" \/>\n<meta property=\"og:site_name\" content=\"VWM Studio\" \/>\n<meta property=\"article:modified_time\" content=\"2026-03-13T13:09:40+00:00\" \/>\n<meta property=\"og:image\" content=\"https:\/\/vwmstudio.com\/wp-content\/uploads\/2024\/11\/Add-Ons-for-sidewalk-sign-WEB82-scaled-1.webp\" \/>\n\t<meta property=\"og:image:width\" content=\"1706\" \/>\n\t<meta property=\"og:image:height\" content=\"2560\" \/>\n\t<meta property=\"og:image:type\" content=\"image\/webp\" \/>\n<meta name=\"twitter:card\" content=\"summary_large_image\" \/>\n<meta name=\"twitter:label1\" content=\"Dur\u00e9e de lecture estim\u00e9e\" \/>\n\t<meta name=\"twitter:data1\" content=\"2 minutes\" \/>\n<script type=\"application\/ld+json\" class=\"yoast-schema-graph\">{\"@context\":\"https:\\\/\\\/schema.org\",\"@graph\":[{\"@type\":\"WebPage\",\"@id\":\"https:\\\/\\\/vwmstudio.com\\\/produkt\\\/add-on-circle-blue\\\/\",\"url\":\"https:\\\/\\\/vwmstudio.com\\\/produkt\\\/add-on-circle-blue\\\/\",\"name\":\"ADD-ON CIRCLE BLUE - VWM Studio\",\"isPartOf\":{\"@id\":\"https:\\\/\\\/vwmstudio.com\\\/#website\"},\"primaryImageOfPage\":{\"@id\":\"https:\\\/\\\/vwmstudio.com\\\/produkt\\\/add-on-circle-blue\\\/#primaryimage\"},\"image\":{\"@id\":\"https:\\\/\\\/vwmstudio.com\\\/produkt\\\/add-on-circle-blue\\\/#primaryimage\"},\"thumbnailUrl\":\"https:\\\/\\\/vwmstudio.com\\\/wp-content\\\/uploads\\\/2024\\\/11\\\/Add-Ons-for-sidewalk-sign-WEB82-scaled-1.webp\",\"datePublished\":\"2024-11-18T14:31:43+00:00\",\"dateModified\":\"2026-03-13T13:09:40+00:00\",\"description\":\"The Add-on signs are easy to add to your sidewalk sign when unfolding. Choose sticker or magnetic options to add your daily message.\",\"breadcrumb\":{\"@id\":\"https:\\\/\\\/vwmstudio.com\\\/produkt\\\/add-on-circle-blue\\\/#breadcrumb\"},\"inLanguage\":\"fr-FR\",\"potentialAction\":[{\"@type\":\"ReadAction\",\"target\":[\"https:\\\/\\\/vwmstudio.com\\\/produkt\\\/add-on-circle-blue\\\/\"]}]},{\"@type\":\"ImageObject\",\"inLanguage\":\"fr-FR\",\"@id\":\"https:\\\/\\\/vwmstudio.com\\\/produkt\\\/add-on-circle-blue\\\/#primaryimage\",\"url\":\"https:\\\/\\\/vwmstudio.com\\\/wp-content\\\/uploads\\\/2024\\\/11\\\/Add-Ons-for-sidewalk-sign-WEB82-scaled-1.webp\",\"contentUrl\":\"https:\\\/\\\/vwmstudio.com\\\/wp-content\\\/uploads\\\/2024\\\/11\\\/Add-Ons-for-sidewalk-sign-WEB82-scaled-1.webp\",\"width\":1706,\"height\":2560},{\"@type\":\"BreadcrumbList\",\"@id\":\"https:\\\/\\\/vwmstudio.com\\\/produkt\\\/add-on-circle-blue\\\/#breadcrumb\",\"itemListElement\":[{\"@type\":\"ListItem\",\"position\":1,\"name\":\"Home\",\"item\":\"https:\\\/\\\/vwmstudio.com\\\/\"},{\"@type\":\"ListItem\",\"position\":2,\"name\":\"Products\",\"item\":\"https:\\\/\\\/vwmstudio.com\\\/products\\\/\"},{\"@type\":\"ListItem\",\"position\":3,\"name\":\"ADD-ON CIRCLE BLUE\"}]},{\"@type\":\"WebSite\",\"@id\":\"https:\\\/\\\/vwmstudio.com\\\/#website\",\"url\":\"https:\\\/\\\/vwmstudio.com\\\/\",\"name\":\"VWM Signing\",\"description\":\"\",\"publisher\":{\"@id\":\"https:\\\/\\\/vwmstudio.com\\\/#organization\"},\"potentialAction\":[{\"@type\":\"SearchAction\",\"target\":{\"@type\":\"EntryPoint\",\"urlTemplate\":\"https:\\\/\\\/vwmstudio.com\\\/?s={search_term_string}\"},\"query-input\":{\"@type\":\"PropertyValueSpecification\",\"valueRequired\":true,\"valueName\":\"search_term_string\"}}],\"inLanguage\":\"fr-FR\"},{\"@type\":\"Organization\",\"@id\":\"https:\\\/\\\/vwmstudio.com\\\/#organization\",\"name\":\"VWM Signing\",\"url\":\"https:\\\/\\\/vwmstudio.com\\\/\",\"logo\":{\"@type\":\"ImageObject\",\"inLanguage\":\"fr-FR\",\"@id\":\"https:\\\/\\\/vwmstudio.com\\\/#\\\/schema\\\/logo\\\/image\\\/\",\"url\":\"https:\\\/\\\/vwmstudio.com\\\/wp-content\\\/uploads\\\/2023\\\/11\\\/VWMstudio_zwart.png\",\"contentUrl\":\"https:\\\/\\\/vwmstudio.com\\\/wp-content\\\/uploads\\\/2023\\\/11\\\/VWMstudio_zwart.png\",\"width\":1280,\"height\":667,\"caption\":\"VWM Signing\"},\"image\":{\"@id\":\"https:\\\/\\\/vwmstudio.com\\\/#\\\/schema\\\/logo\\\/image\\\/\"}}]}<\/script>\n<!-- \/ Yoast SEO plugin. -->","yoast_head_json":{"title":"ADD-ON CIRCLE BLUE - VWM Studio","description":"The Add-on signs are easy to add to your sidewalk sign when unfolding. Choose sticker or magnetic options to add your daily message.","robots":{"index":"index","follow":"follow","max-snippet":"max-snippet:-1","max-image-preview":"max-image-preview:large","max-video-preview":"max-video-preview:-1"},"canonical":"https:\/\/vwmstudio.com\/fr\/produkt\/add-on-circle-blue\/","og_locale":"fr_FR","og_type":"article","og_title":"ADD-ON CIRCLE BLUE - VWM Studio","og_description":"The Add-on signs are easy to add to your sidewalk sign when unfolding. Choose sticker or magnetic options to add your daily message.","og_url":"https:\/\/vwmstudio.com\/fr\/produkt\/add-on-circle-blue\/","og_site_name":"VWM Studio","article_modified_time":"2026-03-13T13:09:40+00:00","og_image":[{"width":1706,"height":2560,"url":"https:\/\/vwmstudio.com\/wp-content\/uploads\/2024\/11\/Add-Ons-for-sidewalk-sign-WEB82-scaled-1.webp","type":"image\/webp"}],"twitter_card":"summary_large_image","twitter_misc":{"Dur\u00e9e de lecture estim\u00e9e":"2 minutes"},"schema":{"@context":"https:\/\/schema.org","@graph":[{"@type":"WebPage","@id":"https:\/\/vwmstudio.com\/produkt\/add-on-circle-blue\/","url":"https:\/\/vwmstudio.com\/produkt\/add-on-circle-blue\/","name":"ADD-ON CIRCLE BLUE - VWM Studio","isPartOf":{"@id":"https:\/\/vwmstudio.com\/#website"},"primaryImageOfPage":{"@id":"https:\/\/vwmstudio.com\/produkt\/add-on-circle-blue\/#primaryimage"},"image":{"@id":"https:\/\/vwmstudio.com\/produkt\/add-on-circle-blue\/#primaryimage"},"thumbnailUrl":"https:\/\/vwmstudio.com\/wp-content\/uploads\/2024\/11\/Add-Ons-for-sidewalk-sign-WEB82-scaled-1.webp","datePublished":"2024-11-18T14:31:43+00:00","dateModified":"2026-03-13T13:09:40+00:00","description":"The Add-on signs are easy to add to your sidewalk sign when unfolding. Choose sticker or magnetic options to add your daily message.","breadcrumb":{"@id":"https:\/\/vwmstudio.com\/produkt\/add-on-circle-blue\/#breadcrumb"},"inLanguage":"fr-FR","potentialAction":[{"@type":"ReadAction","target":["https:\/\/vwmstudio.com\/produkt\/add-on-circle-blue\/"]}]},{"@type":"ImageObject","inLanguage":"fr-FR","@id":"https:\/\/vwmstudio.com\/produkt\/add-on-circle-blue\/#primaryimage","url":"https:\/\/vwmstudio.com\/wp-content\/uploads\/2024\/11\/Add-Ons-for-sidewalk-sign-WEB82-scaled-1.webp","contentUrl":"https:\/\/vwmstudio.com\/wp-content\/uploads\/2024\/11\/Add-Ons-for-sidewalk-sign-WEB82-scaled-1.webp","width":1706,"height":2560},{"@type":"BreadcrumbList","@id":"https:\/\/vwmstudio.com\/produkt\/add-on-circle-blue\/#breadcrumb","itemListElement":[{"@type":"ListItem","position":1,"name":"Home","item":"https:\/\/vwmstudio.com\/"},{"@type":"ListItem","position":2,"name":"Products","item":"https:\/\/vwmstudio.com\/products\/"},{"@type":"ListItem","position":3,"name":"ADD-ON CIRCLE BLUE"}]},{"@type":"WebSite","@id":"https:\/\/vwmstudio.com\/#website","url":"https:\/\/vwmstudio.com\/","name":"VWM Signing","description":"","publisher":{"@id":"https:\/\/vwmstudio.com\/#organization"},"potentialAction":[{"@type":"SearchAction","target":{"@type":"EntryPoint","urlTemplate":"https:\/\/vwmstudio.com\/?s={search_term_string}"},"query-input":{"@type":"PropertyValueSpecification","valueRequired":true,"valueName":"search_term_string"}}],"inLanguage":"fr-FR"},{"@type":"Organization","@id":"https:\/\/vwmstudio.com\/#organization","name":"VWM Signing","url":"https:\/\/vwmstudio.com\/","logo":{"@type":"ImageObject","inLanguage":"fr-FR","@id":"https:\/\/vwmstudio.com\/#\/schema\/logo\/image\/","url":"https:\/\/vwmstudio.com\/wp-content\/uploads\/2023\/11\/VWMstudio_zwart.png","contentUrl":"https:\/\/vwmstudio.com\/wp-content\/uploads\/2023\/11\/VWMstudio_zwart.png","width":1280,"height":667,"caption":"VWM Signing"},"image":{"@id":"https:\/\/vwmstudio.com\/#\/schema\/logo\/image\/"}}]}},"_links":{"self":[{"href":"https:\/\/vwmstudio.com\/fr\/wp-json\/wp\/v2\/product\/1510","targetHints":{"allow":["GET"]}}],"collection":[{"href":"https:\/\/vwmstudio.com\/fr\/wp-json\/wp\/v2\/product"}],"about":[{"href":"https:\/\/vwmstudio.com\/fr\/wp-json\/wp\/v2\/types\/product"}],"wp:featuredmedia":[{"embeddable":true,"href":"https:\/\/vwmstudio.com\/fr\/wp-json\/wp\/v2\/media\/1776"}],"wp:attachment":[{"href":"https:\/\/vwmstudio.com\/fr\/wp-json\/wp\/v2\/media?parent=1510"}],"wp:term":[{"taxonomy":"product_brand","embeddable":true,"href":"https:\/\/vwmstudio.com\/fr\/wp-json\/wp\/v2\/product_brand?post=1510"},{"taxonomy":"product_cat","embeddable":true,"href":"https:\/\/vwmstudio.com\/fr\/wp-json\/wp\/v2\/product_cat?post=1510"},{"taxonomy":"product_tag","embeddable":true,"href":"https:\/\/vwmstudio.com\/fr\/wp-json\/wp\/v2\/product_tag?post=1510"}],"curies":[{"name":"wp","href":"https:\/\/api.w.org\/{rel}","templated":true}]}}