{"id":1482,"date":"2024-11-12T19:51:30","date_gmt":"2024-11-12T19:51:30","guid":{"rendered":"https:\/\/vwmstudio.com\/?post_type=product&#038;p=1482"},"modified":"2026-01-07T19:21:16","modified_gmt":"2026-01-07T19:21:16","slug":"sidewalk-sign-a-sheet-white","status":"publish","type":"product","link":"https:\/\/vwmstudio.com\/fr\/produkt\/sidewalk-sign-a-sheet-white\/","title":{"rendered":"PANNEAU TROTTOIR A-SHEET \u2013 BLANC"},"content":{"rendered":"<p>Panneau trottoir pliable pour usage ext\u00e9rieur et int\u00e9rieur - Pancarte A-Sheet personnalisable.<\/p>\n<p>Design durable et r\u00e9sistant au vent:<br \/>\nNotre panneau de trottoir pliable r\u00e9siste bien au vent lorsqu\u2019il est compl\u00e8tement d\u00e9pli\u00e9. Veillez \u00e0 le rentrer en cas de conditions m\u00e9t\u00e9orologiques extr\u00eames. Son rev\u00eatement thermolaqu\u00e9 le rend id\u00e9al pour une utilisation en ext\u00e9rieur comme en int\u00e9rieur.<\/p>\n<p class=\"translation-block\">Compacte et portable:<br> \nCette pancarte A-sheet pliable est facile \u00e0 installer et \u00e0 ranger. Une fois repli\u00e9e, elle peut \u00eatre facilement port\u00e9e \u00e0 l'ext\u00e9rieur et \u00e0 l'int\u00e9rieur. Nous aimons d\u00e9placer ce produit comme si une serviette \u00e9tait accroch\u00e9e \u00e0 votre avant-bras, en soutenant avec l\u2019autre main.<\/p>\n<p>Options de couleur:<br \/>\n\u00c9galement disponible en beige clair et noir. Vous recherchez la couleur RAL signature de votre entreprise ? Contactez-nous pour v\u00e9rifier la disponibilit\u00e9 et les prix. <a href=\"\/fr\/info@vwmstudio.com\/\">Envoyez une demande.<\/a><\/p>\n<p class=\"translation-block\">Dimensions:<br> \nFeuille \u2013 53 x 97 cm.<br> \nEmpreinte \u2013 environ 65 x 53 cm.<\/p>\n<p class=\"translation-block\">Poids:<br> \n18 kg \u2013 Ce produit est con\u00e7u pour bien supporter le vent ! Assurez-vous d'ouvrir compl\u00e8tement le cadre.<\/p>\n<p class=\"translation-block\">Personnalisable avec des accessoires:<br> Am\u00e9liorez votre panneau de trottoir avec notre gamme d\u2019accessoires. Choisissez, par exemple, l\u2019Add-On Circle pour afficher votre logo, vos messages quotidiens ou vos promotions.<\/p>\n<p class=\"translation-block\">Personnalisez la pancarte A-sheet: La plaque en acier est compatible avec des autocollants, des affiches magn\u00e9tiques et des lettres magn\u00e9tiques, ce qui permet de mettre \u00e0 jour facilement votre message. Des options magn\u00e9tiques sont disponibles \u00e0 l'achat dans des magasins de s\u00e9rigraphie en ligne.<\/p>\n<p data-start=\"42\" data-end=\"224\" class=\"translation-block\">Service d\u2019autocollants:<br>\nPour commencer, envoyez-nous un fichier PDF vectoris\u00e9 de votre design avec une \u00e9paisseur de trait minimale de 2 mm. Nous l\u2019examinerons et vous fournirons un devis, accompagn\u00e9 d\u2019un aper\u00e7u de votre design sur le panneau.<\/p>\n<p data-start=\"226\" data-end=\"465\">Besoin d\u2019aide pour cr\u00e9er votre design ou choisir ce que vous souhaitez \u00e9crire sur le panneau ? Aucun probl\u00e8me ! Notre service de design graphique est disponible \u00e0 27,50 \u20ac par demi-heure pour vous aider \u00e0 trouver la solution id\u00e9ale. N\u2019h\u00e9sitez pas \u00e0 nous contacter pour obtenir de l\u2019aide.<\/p>\n<p class=\"translation-block\">Commander vos autocollants vous-m\u00eame:<br> Lorsque vous commandez des autocollants en ligne, assurez-vous qu\u2019ils sont con\u00e7us pour un usage ext\u00e9rieur avec une forte adh\u00e9rence, et que votre design pr\u00e9sente une \u00e9paisseur de ligne d\u2019au moins 2 mm.<\/p>\n<p class=\"translation-block\">D\u00e9lais de livraison:<br> \nFR : 5 \u00e0 9 jours, SE : 3 \u00e0 5 jours, NL : 5 \u00e0 8 jours, BE : 5 \u00e0 9 jours, DK : 3 \u00e0 5 jours, DE : 5 \u00e0 9 jours. Autres pays : veuillez nous contacter si non pr\u00e9cis\u00e9.<\/p>\n<p class=\"translation-block\">Informations sur la livraison:<br> \nNous proposons actuellement uniquement la livraison au sein de l\u2019Union europ\u00e9enne pour ce produit.<\/p>","protected":false},"excerpt":{"rendered":"<p>Cette design stop-trottoir en acier de qualit\u00e9 peut tr\u00e8s bien supporter des vents forts une fois compl\u00e8tement d\u00e9pli\u00e9e.<\/p>\n<p>Cette A-sheet sophistiqu\u00e9e pr\u00e9sente une l\u00e9g\u00e8re courbure et une ligne continue mince et \u00e9pur\u00e9e gr\u00e2ce aux plaques d'acier pli\u00e9es. Un v\u00e9ritable atout design. Appliquez votre logo ou message sur votre pancarte pour qu\u2019elle repr\u00e9sente parfaitement votre entreprise.<\/p>\n<p>Nous sommes ravis de vous aider avec les autocollants : une fois le colis arriv\u00e9, il ne vous reste plus qu\u2019\u00e0 l\u2019ouvrir. <a href=\"https:\/\/vwmstudio.com\/fr\/produkt\/stickered-sidewalk-sign\/\">Consultez notre service d\u2019autocollants ici.\u00a0<\/a><\/p>\n<p class=\"p1\">Am\u00e9liorez votre visibilit\u00e9 gr\u00e2ce \u00e0 nos solutions de signal\u00e9tique. Assurez-vous que tout le monde sache que vous \u00eates ouvert.<\/p>\n<p>Pour conna\u00eetre le taux de TVA applicable, veillez \u00e0 s\u00e9lectionner le pays correspondant lors du passage en caisse.<\/p>\n<p>\u00a9 Copyright VWM studio<\/p>\n<p>&nbsp;<\/p>","protected":false},"featured_media":2375,"template":"","meta":{"inline_featured_image":false,"site-sidebar-layout":"default","site-content-layout":"","ast-site-content-layout":"default","site-content-style":"default","site-sidebar-style":"default","ast-global-header-display":"","ast-banner-title-visibility":"","ast-main-header-display":"","ast-hfb-above-header-display":"","ast-hfb-below-header-display":"","ast-hfb-mobile-header-display":"","site-post-title":"","ast-breadcrumbs-content":"","ast-featured-img":"","footer-sml-layout":"","ast-disable-related-posts":"","theme-transparent-header-meta":"default","adv-header-id-meta":"","stick-header-meta":"","header-above-stick-meta":"","header-main-stick-meta":"","header-below-stick-meta":"","astra-migrate-meta-layouts":"set","ast-page-background-enabled":"default","ast-page-background-meta":{"desktop":{"background-color":"var(--ast-global-color-4)","background-image":"","background-repeat":"repeat","background-position":"center center","background-size":"auto","background-attachment":"scroll","background-type":"","background-media":"","overlay-type":"","overlay-color":"","overlay-opacity":"","overlay-gradient":""},"tablet":{"background-color":"","background-image":"","background-repeat":"repeat","background-position":"center center","background-size":"auto","background-attachment":"scroll","background-type":"","background-media":"","overlay-type":"","overlay-color":"","overlay-opacity":"","overlay-gradient":""},"mobile":{"background-color":"","background-image":"","background-repeat":"repeat","background-position":"center center","background-size":"auto","background-attachment":"scroll","background-type":"","background-media":"","overlay-type":"","overlay-color":"","overlay-opacity":"","overlay-gradient":""}},"ast-content-background-meta":{"desktop":{"background-color":"var(--ast-global-color-5)","background-image":"","background-repeat":"repeat","background-position":"center center","background-size":"auto","background-attachment":"scroll","background-type":"","background-media":"","overlay-type":"","overlay-color":"","overlay-opacity":"","overlay-gradient":""},"tablet":{"background-color":"var(--ast-global-color-5)","background-image":"","background-repeat":"repeat","background-position":"center center","background-size":"auto","background-attachment":"scroll","background-type":"","background-media":"","overlay-type":"","overlay-color":"","overlay-opacity":"","overlay-gradient":""},"mobile":{"background-color":"var(--ast-global-color-5)","background-image":"","background-repeat":"repeat","background-position":"center center","background-size":"auto","background-attachment":"scroll","background-type":"","background-media":"","overlay-type":"","overlay-color":"","overlay-opacity":"","overlay-gradient":""}}},"product_brand":[],"product_cat":[16],"product_tag":[28,55,54,34,35,29,32,33,30,36,31],"class_list":{"0":"post-1482","1":"product","2":"type-product","3":"status-publish","4":"has-post-thumbnail","6":"product_cat-okategoriserad","7":"product_tag-a-frame-sign","8":"product_tag-beige-shop-sign","9":"product_tag-beige-sidewalk-sign","10":"product_tag-business-sign","11":"product_tag-company-sign","12":"product_tag-foldable-sidewalk-sign","13":"product_tag-information-sign","14":"product_tag-marketing-tool","15":"product_tag-shop-sign","16":"product_tag-steel-sidewalk-sign","17":"product_tag-street-sign","18":"product_shipping_class-sign-shipping","19":"desktop-align-left","20":"tablet-align-left","21":"mobile-align-left","23":"first","24":"instock","25":"taxable","26":"shipping-taxable","27":"purchasable","28":"product-type-simple"},"yoast_head":"<!-- This site is optimized with the Yoast SEO plugin v27.5 - https:\/\/yoast.com\/product\/yoast-seo-wordpress\/ -->\n<title>SIDEWALK SIGN A-SHEET - WHITE - VWM Studio<\/title>\n<meta name=\"description\" content=\"This quality design sidewalk sign can handle strong wind very well and is a true eye-catcher. Boost your visibility with our signage solutions.\" \/>\n<meta name=\"robots\" content=\"index, follow, max-snippet:-1, max-image-preview:large, max-video-preview:-1\" \/>\n<link rel=\"canonical\" href=\"https:\/\/vwmstudio.com\/fr\/produkt\/sidewalk-sign-a-sheet-white\/\" \/>\n<meta property=\"og:locale\" content=\"fr_FR\" \/>\n<meta property=\"og:type\" content=\"article\" \/>\n<meta property=\"og:title\" content=\"SIDEWALK SIGN A-SHEET - WHITE - VWM Studio\" \/>\n<meta property=\"og:description\" content=\"This quality design sidewalk sign can handle strong wind very well and is a true eye-catcher. Boost your visibility with our signage solutions.\" \/>\n<meta property=\"og:url\" content=\"https:\/\/vwmstudio.com\/fr\/produkt\/sidewalk-sign-a-sheet-white\/\" \/>\n<meta property=\"og:site_name\" content=\"VWM Studio\" \/>\n<meta property=\"article:modified_time\" content=\"2026-01-07T19:21:16+00:00\" \/>\n<meta property=\"og:image\" content=\"https:\/\/vwmstudio.com\/wp-content\/uploads\/2025\/08\/VWM-studio-Sidewalk-Sign-WEB-26-White-scaled.webp\" \/>\n\t<meta property=\"og:image:width\" content=\"1707\" \/>\n\t<meta property=\"og:image:height\" content=\"2560\" \/>\n\t<meta property=\"og:image:type\" content=\"image\/webp\" \/>\n<meta name=\"twitter:card\" content=\"summary_large_image\" \/>\n<meta name=\"twitter:label1\" content=\"Dur\u00e9e de lecture estim\u00e9e\" \/>\n\t<meta name=\"twitter:data1\" content=\"2 minutes\" \/>\n<script type=\"application\/ld+json\" class=\"yoast-schema-graph\">{\"@context\":\"https:\\\/\\\/schema.org\",\"@graph\":[{\"@type\":\"WebPage\",\"@id\":\"https:\\\/\\\/vwmstudio.com\\\/produkt\\\/sidewalk-sign-a-sheet-white\\\/\",\"url\":\"https:\\\/\\\/vwmstudio.com\\\/produkt\\\/sidewalk-sign-a-sheet-white\\\/\",\"name\":\"SIDEWALK SIGN A-SHEET - WHITE - VWM Studio\",\"isPartOf\":{\"@id\":\"https:\\\/\\\/vwmstudio.com\\\/#website\"},\"primaryImageOfPage\":{\"@id\":\"https:\\\/\\\/vwmstudio.com\\\/produkt\\\/sidewalk-sign-a-sheet-white\\\/#primaryimage\"},\"image\":{\"@id\":\"https:\\\/\\\/vwmstudio.com\\\/produkt\\\/sidewalk-sign-a-sheet-white\\\/#primaryimage\"},\"thumbnailUrl\":\"https:\\\/\\\/vwmstudio.com\\\/wp-content\\\/uploads\\\/2025\\\/08\\\/VWM-studio-Sidewalk-Sign-WEB-26-White-scaled.webp\",\"datePublished\":\"2024-11-12T19:51:30+00:00\",\"dateModified\":\"2026-01-07T19:21:16+00:00\",\"description\":\"This quality design sidewalk sign can handle strong wind very well and is a true eye-catcher. Boost your visibility with our signage solutions.\",\"breadcrumb\":{\"@id\":\"https:\\\/\\\/vwmstudio.com\\\/produkt\\\/sidewalk-sign-a-sheet-white\\\/#breadcrumb\"},\"inLanguage\":\"fr-FR\",\"potentialAction\":[{\"@type\":\"ReadAction\",\"target\":[\"https:\\\/\\\/vwmstudio.com\\\/produkt\\\/sidewalk-sign-a-sheet-white\\\/\"]}]},{\"@type\":\"ImageObject\",\"inLanguage\":\"fr-FR\",\"@id\":\"https:\\\/\\\/vwmstudio.com\\\/produkt\\\/sidewalk-sign-a-sheet-white\\\/#primaryimage\",\"url\":\"https:\\\/\\\/vwmstudio.com\\\/wp-content\\\/uploads\\\/2025\\\/08\\\/VWM-studio-Sidewalk-Sign-WEB-26-White-scaled.webp\",\"contentUrl\":\"https:\\\/\\\/vwmstudio.com\\\/wp-content\\\/uploads\\\/2025\\\/08\\\/VWM-studio-Sidewalk-Sign-WEB-26-White-scaled.webp\",\"width\":1707,\"height\":2560},{\"@type\":\"BreadcrumbList\",\"@id\":\"https:\\\/\\\/vwmstudio.com\\\/produkt\\\/sidewalk-sign-a-sheet-white\\\/#breadcrumb\",\"itemListElement\":[{\"@type\":\"ListItem\",\"position\":1,\"name\":\"Home\",\"item\":\"https:\\\/\\\/vwmstudio.com\\\/\"},{\"@type\":\"ListItem\",\"position\":2,\"name\":\"Products\",\"item\":\"https:\\\/\\\/vwmstudio.com\\\/products\\\/\"},{\"@type\":\"ListItem\",\"position\":3,\"name\":\"SIDEWALK SIGN A-SHEET &#8211; WHITE\"}]},{\"@type\":\"WebSite\",\"@id\":\"https:\\\/\\\/vwmstudio.com\\\/#website\",\"url\":\"https:\\\/\\\/vwmstudio.com\\\/\",\"name\":\"VWM Signing\",\"description\":\"\",\"publisher\":{\"@id\":\"https:\\\/\\\/vwmstudio.com\\\/#organization\"},\"potentialAction\":[{\"@type\":\"SearchAction\",\"target\":{\"@type\":\"EntryPoint\",\"urlTemplate\":\"https:\\\/\\\/vwmstudio.com\\\/?s={search_term_string}\"},\"query-input\":{\"@type\":\"PropertyValueSpecification\",\"valueRequired\":true,\"valueName\":\"search_term_string\"}}],\"inLanguage\":\"fr-FR\"},{\"@type\":\"Organization\",\"@id\":\"https:\\\/\\\/vwmstudio.com\\\/#organization\",\"name\":\"VWM Signing\",\"url\":\"https:\\\/\\\/vwmstudio.com\\\/\",\"logo\":{\"@type\":\"ImageObject\",\"inLanguage\":\"fr-FR\",\"@id\":\"https:\\\/\\\/vwmstudio.com\\\/#\\\/schema\\\/logo\\\/image\\\/\",\"url\":\"https:\\\/\\\/vwmstudio.com\\\/wp-content\\\/uploads\\\/2023\\\/11\\\/VWMstudio_zwart.png\",\"contentUrl\":\"https:\\\/\\\/vwmstudio.com\\\/wp-content\\\/uploads\\\/2023\\\/11\\\/VWMstudio_zwart.png\",\"width\":1280,\"height\":667,\"caption\":\"VWM Signing\"},\"image\":{\"@id\":\"https:\\\/\\\/vwmstudio.com\\\/#\\\/schema\\\/logo\\\/image\\\/\"}}]}<\/script>\n<!-- \/ Yoast SEO plugin. -->","yoast_head_json":{"title":"SIDEWALK SIGN A-SHEET - WHITE - VWM Studio","description":"This quality design sidewalk sign can handle strong wind very well and is a true eye-catcher. Boost your visibility with our signage solutions.","robots":{"index":"index","follow":"follow","max-snippet":"max-snippet:-1","max-image-preview":"max-image-preview:large","max-video-preview":"max-video-preview:-1"},"canonical":"https:\/\/vwmstudio.com\/fr\/produkt\/sidewalk-sign-a-sheet-white\/","og_locale":"fr_FR","og_type":"article","og_title":"SIDEWALK SIGN A-SHEET - WHITE - VWM Studio","og_description":"This quality design sidewalk sign can handle strong wind very well and is a true eye-catcher. Boost your visibility with our signage solutions.","og_url":"https:\/\/vwmstudio.com\/fr\/produkt\/sidewalk-sign-a-sheet-white\/","og_site_name":"VWM Studio","article_modified_time":"2026-01-07T19:21:16+00:00","og_image":[{"width":1707,"height":2560,"url":"https:\/\/vwmstudio.com\/wp-content\/uploads\/2025\/08\/VWM-studio-Sidewalk-Sign-WEB-26-White-scaled.webp","type":"image\/webp"}],"twitter_card":"summary_large_image","twitter_misc":{"Dur\u00e9e de lecture estim\u00e9e":"2 minutes"},"schema":{"@context":"https:\/\/schema.org","@graph":[{"@type":"WebPage","@id":"https:\/\/vwmstudio.com\/produkt\/sidewalk-sign-a-sheet-white\/","url":"https:\/\/vwmstudio.com\/produkt\/sidewalk-sign-a-sheet-white\/","name":"SIDEWALK SIGN A-SHEET - WHITE - VWM Studio","isPartOf":{"@id":"https:\/\/vwmstudio.com\/#website"},"primaryImageOfPage":{"@id":"https:\/\/vwmstudio.com\/produkt\/sidewalk-sign-a-sheet-white\/#primaryimage"},"image":{"@id":"https:\/\/vwmstudio.com\/produkt\/sidewalk-sign-a-sheet-white\/#primaryimage"},"thumbnailUrl":"https:\/\/vwmstudio.com\/wp-content\/uploads\/2025\/08\/VWM-studio-Sidewalk-Sign-WEB-26-White-scaled.webp","datePublished":"2024-11-12T19:51:30+00:00","dateModified":"2026-01-07T19:21:16+00:00","description":"This quality design sidewalk sign can handle strong wind very well and is a true eye-catcher. Boost your visibility with our signage solutions.","breadcrumb":{"@id":"https:\/\/vwmstudio.com\/produkt\/sidewalk-sign-a-sheet-white\/#breadcrumb"},"inLanguage":"fr-FR","potentialAction":[{"@type":"ReadAction","target":["https:\/\/vwmstudio.com\/produkt\/sidewalk-sign-a-sheet-white\/"]}]},{"@type":"ImageObject","inLanguage":"fr-FR","@id":"https:\/\/vwmstudio.com\/produkt\/sidewalk-sign-a-sheet-white\/#primaryimage","url":"https:\/\/vwmstudio.com\/wp-content\/uploads\/2025\/08\/VWM-studio-Sidewalk-Sign-WEB-26-White-scaled.webp","contentUrl":"https:\/\/vwmstudio.com\/wp-content\/uploads\/2025\/08\/VWM-studio-Sidewalk-Sign-WEB-26-White-scaled.webp","width":1707,"height":2560},{"@type":"BreadcrumbList","@id":"https:\/\/vwmstudio.com\/produkt\/sidewalk-sign-a-sheet-white\/#breadcrumb","itemListElement":[{"@type":"ListItem","position":1,"name":"Home","item":"https:\/\/vwmstudio.com\/"},{"@type":"ListItem","position":2,"name":"Products","item":"https:\/\/vwmstudio.com\/products\/"},{"@type":"ListItem","position":3,"name":"SIDEWALK SIGN A-SHEET &#8211; WHITE"}]},{"@type":"WebSite","@id":"https:\/\/vwmstudio.com\/#website","url":"https:\/\/vwmstudio.com\/","name":"VWM Signing","description":"","publisher":{"@id":"https:\/\/vwmstudio.com\/#organization"},"potentialAction":[{"@type":"SearchAction","target":{"@type":"EntryPoint","urlTemplate":"https:\/\/vwmstudio.com\/?s={search_term_string}"},"query-input":{"@type":"PropertyValueSpecification","valueRequired":true,"valueName":"search_term_string"}}],"inLanguage":"fr-FR"},{"@type":"Organization","@id":"https:\/\/vwmstudio.com\/#organization","name":"VWM Signing","url":"https:\/\/vwmstudio.com\/","logo":{"@type":"ImageObject","inLanguage":"fr-FR","@id":"https:\/\/vwmstudio.com\/#\/schema\/logo\/image\/","url":"https:\/\/vwmstudio.com\/wp-content\/uploads\/2023\/11\/VWMstudio_zwart.png","contentUrl":"https:\/\/vwmstudio.com\/wp-content\/uploads\/2023\/11\/VWMstudio_zwart.png","width":1280,"height":667,"caption":"VWM Signing"},"image":{"@id":"https:\/\/vwmstudio.com\/#\/schema\/logo\/image\/"}}]}},"_links":{"self":[{"href":"https:\/\/vwmstudio.com\/fr\/wp-json\/wp\/v2\/product\/1482","targetHints":{"allow":["GET"]}}],"collection":[{"href":"https:\/\/vwmstudio.com\/fr\/wp-json\/wp\/v2\/product"}],"about":[{"href":"https:\/\/vwmstudio.com\/fr\/wp-json\/wp\/v2\/types\/product"}],"wp:featuredmedia":[{"embeddable":true,"href":"https:\/\/vwmstudio.com\/fr\/wp-json\/wp\/v2\/media\/2375"}],"wp:attachment":[{"href":"https:\/\/vwmstudio.com\/fr\/wp-json\/wp\/v2\/media?parent=1482"}],"wp:term":[{"taxonomy":"product_brand","embeddable":true,"href":"https:\/\/vwmstudio.com\/fr\/wp-json\/wp\/v2\/product_brand?post=1482"},{"taxonomy":"product_cat","embeddable":true,"href":"https:\/\/vwmstudio.com\/fr\/wp-json\/wp\/v2\/product_cat?post=1482"},{"taxonomy":"product_tag","embeddable":true,"href":"https:\/\/vwmstudio.com\/fr\/wp-json\/wp\/v2\/product_tag?post=1482"}],"curies":[{"name":"wp","href":"https:\/\/api.w.org\/{rel}","templated":true}]}}