{"id":492,"date":"2023-11-22T21:49:05","date_gmt":"2023-11-22T21:49:05","guid":{"rendered":"https:\/\/vwmstudio.com\/?post_type=product&#038;p=492"},"modified":"2026-03-13T09:36:36","modified_gmt":"2026-03-13T09:36:36","slug":"add-on-circle","status":"publish","type":"product","link":"https:\/\/vwmstudio.com\/de\/produkt\/add-on-circle\/","title":{"rendered":"ADD ON CIRCLE SCHWARZ"},"content":{"rendered":"<p class=\"\" data-start=\"160\" data-end=\"354\">Einfache Befestigung an Ihrem B\u00fcrgersteigschild:<br data-start=\"199\" data-end=\"202\" \/>Schnell einsatzbereit \u2013 schieben Sie das Zusatzschild einfach in den oberen Schlitz, wenn Sie Ihr B\u00fcrgersteigschild vollst\u00e4ndig aufklappen. Nach dem vollst\u00e4ndigen \u00d6ffnen sitzt das Zusatzschild fest.<br \/>\nWichtig: Entfernen Sie das Zusatzschild, bevor Sie das Gehwegschild zusammenklappen und verschieben.<\/p>\n<p class=\"translation-block\" data-start=\"356\" data-end=\"493\">Pulverbeschichtetes Finish:<br data-start=\"388\" data-end=\"391\">F\u00fcr den Innen- und Au\u00dfenbereich konzipiert, mit einer hochwertigen Pulverbeschichtung f\u00fcr lange Haltbarkeit.<\/p>\n<p class=\"\" data-start=\"495\" data-end=\"606\">Farben:<br \/>\nAuf Lager in Schwarz, Wei\u00df, Pink und Blau.<br data-start=\"531\" data-end=\"534\" \/>Suchen Sie eine andere Farbe? <a href=\"\/de\/info@vwmstudio.com\/\">Kontaktieren Sie uns f\u00fcr individuelle Farboptionen.<\/a><\/p>\n<p data-start=\"608\" data-end=\"733\">Gewicht:<br \/>\n0,5 kg<\/p>\n<p class=\"translation-block\" data-start=\"608\" data-end=\"733\">Weitere verf\u00fcgbare Add-On-Optionen:<br data-start=\"642\" data-end=\"645\">Entdecken Sie unser gesamtes Sortiment, einschlie\u00dflich der Add-On-Banner- und des Add-On-Halbmonds.<\/p>\n<p class=\"translation-block\" data-start=\"735\" data-end=\"876\">Personalisieren Sie das Add-On:<br data-start=\"762\" data-end=\"765\">Die Oberfl\u00e4che eignet sich hervorragend f\u00fcr Aufkleber, Kreidemarker und magnetische Elemente \u2013 ideal f\u00fcr flexible Nachrichten\u00fcbermittlung.<\/p>\n<p class=\"translation-block\" data-start=\"878\" data-end=\"1100\">Aufkleber-Individualisierungsservice:<br data-start=\"911\" data-end=\"914\">Senden Sie uns eine PDF-Datei mit Ihrem Entwurf, und wir erstellen Ihnen ein Angebot. Sie wissen nicht genau, was Sie auf Ihr Schild drucken sollen? Ben\u00f6tigen Sie Hilfe bei der Gestaltung? Kontaktieren Sie uns \u2013 wir helfen Ihnen gerne bei der Suche nach der perfekten L\u00f6sung.<\/p>\n<p class=\"translation-block\" data-start=\"1102\" data-end=\"1254\">Bestellen Sie Aufkleber selbst:<br> \nAchten Sie bei Online-Bestellungen darauf, dass die Aufkleber f\u00fcr den Au\u00dfenbereich geeignet sind, eine hohe Klebekraft haben und Ihr Design eine Linienbreite von mindestens 2\u202fmm aufweist.<\/p>\n<p class=\"translation-block\">Lieferzeiten:<br> \nDE: 5\u20139 Tage, SE: 3\u20135 Tage, NL: 5\u20138 Tage, BE: 5\u20139 Tage, DK: 3\u20135 Tage, FR: 5\u20139 Tage. Andere L\u00e4nder: bitte kontaktieren Sie uns, wenn nicht angegeben.<\/p>\n<p class=\"translation-block\">Versandinformation:<br> \nDerzeit bieten wir den Versand dieses Produkts ausschlie\u00dflich innerhalb der EU an.<\/p>\n<p class=\"translation-block\">Wichtiger Hinweis:<br>\u00a0\nWenn Sie einen fl\u00fcssigen Kreidemarker auf diesem B\u00fcrgersteigschild verwenden und den gleichen Text \u00fcber l\u00e4ngere Zeit darauf lassen, kann die Entfernung schwierig sein.<\/p>\n<p>&nbsp;<\/p>\n<p>&nbsp;<\/p>","protected":false},"excerpt":{"rendered":"<p class=\"\" data-start=\"146\" data-end=\"197\">Zusatzkreis f\u00fcr Ihren faltbaren Kundenstopper.<\/p>\n<p class=\"\" data-start=\"199\" data-end=\"354\">Heben Sie Ihre Botschaft mit dem Add-On Circle hervor \u2013 er l\u00e4sst sich beim Ausklappen Ihres B\u00fcrgersteigschilds einfach anbringen. Kein Werkzeug erforderlich. Schieben Sie ihn einfach oben ein, wenn das Schild vollst\u00e4ndig ausgeklappt ist, und schon sind Sie fertig.<br \/>\nWichtig: Entfernen Sie das Zusatzschild, bevor Sie das Gehwegschild zusammenklappen und verschieben.<\/p>\n<p class=\"\" data-start=\"356\" data-end=\"485\">Passen Sie Ihr Add-On mit einem Aufkleber, magnetischen Optionen oder einem Kreidemarker an, um Ihre Nachricht genau so anzuzeigen, wie Sie m\u00f6chten.<\/p>\n<p class=\"\" data-start=\"487\" data-end=\"691\">Verwenden Sie den Kreis, um wichtige Informationen hervorzuheben, wie:<br data-start=\"521\" data-end=\"524\" \/>\u2022 Ihr Logo oder Ihre Marke<br data-start=\"547\" data-end=\"550\" \/>\u2022 Schlussverk\u00e4ufe und Sonderangebote<br data-start=\"576\" data-end=\"579\" \/>\u2022 Saisonale Werbeaktionen<br data-start=\"600\" data-end=\"603\" \/>\u2022 Neue Kollektionen oder Men\u00fcpunkte<br data-start=\"634\" data-end=\"637\" \/>\u2022 Tagesangebote oder Veranstaltunge<br data-start=\"663\" data-end=\"666\" \/>\u2022 Aktuelle \u00d6ffnungszeiten<\/p>\n<p class=\"\" data-start=\"693\" data-end=\"818\">Ideal f\u00fcr den Einzelhandel, Gastronomie und mehr. Dieser Blickfang sorgt f\u00fcr Aufmerksamkeit und l\u00e4sst Ihre Beschilderung noch besser wirken.<\/p>\n<p class=\"\" data-start=\"820\" data-end=\"972\">Kompatibel mit all unseren faltbaren Kundenstopper.<\/p>\n<p>\u00a9 Copyright VWM studio<\/p>\n<p class=\"p1\">","protected":false},"featured_media":2509,"template":"","meta":{"inline_featured_image":false,"site-sidebar-layout":"default","site-content-layout":"","ast-site-content-layout":"default","site-content-style":"default","site-sidebar-style":"default","ast-global-header-display":"","ast-banner-title-visibility":"","ast-main-header-display":"","ast-hfb-above-header-display":"","ast-hfb-below-header-display":"","ast-hfb-mobile-header-display":"","site-post-title":"","ast-breadcrumbs-content":"","ast-featured-img":"","footer-sml-layout":"","ast-disable-related-posts":"","theme-transparent-header-meta":"default","adv-header-id-meta":"","stick-header-meta":"","header-above-stick-meta":"","header-main-stick-meta":"","header-below-stick-meta":"","astra-migrate-meta-layouts":"set","ast-page-background-enabled":"default","ast-page-background-meta":{"desktop":{"background-color":"var(--ast-global-color-4)","background-image":"","background-repeat":"repeat","background-position":"center center","background-size":"auto","background-attachment":"scroll","background-type":"","background-media":"","overlay-type":"","overlay-color":"","overlay-opacity":"","overlay-gradient":""},"tablet":{"background-color":"","background-image":"","background-repeat":"repeat","background-position":"center center","background-size":"auto","background-attachment":"scroll","background-type":"","background-media":"","overlay-type":"","overlay-color":"","overlay-opacity":"","overlay-gradient":""},"mobile":{"background-color":"","background-image":"","background-repeat":"repeat","background-position":"center center","background-size":"auto","background-attachment":"scroll","background-type":"","background-media":"","overlay-type":"","overlay-color":"","overlay-opacity":"","overlay-gradient":""}},"ast-content-background-meta":{"desktop":{"background-color":"var(--ast-global-color-5)","background-image":"","background-repeat":"repeat","background-position":"center center","background-size":"auto","background-attachment":"scroll","background-type":"","background-media":"","overlay-type":"","overlay-color":"","overlay-opacity":"","overlay-gradient":""},"tablet":{"background-color":"var(--ast-global-color-5)","background-image":"","background-repeat":"repeat","background-position":"center center","background-size":"auto","background-attachment":"scroll","background-type":"","background-media":"","overlay-type":"","overlay-color":"","overlay-opacity":"","overlay-gradient":""},"mobile":{"background-color":"var(--ast-global-color-5)","background-image":"","background-repeat":"repeat","background-position":"center center","background-size":"auto","background-attachment":"scroll","background-type":"","background-media":"","overlay-type":"","overlay-color":"","overlay-opacity":"","overlay-gradient":""}}},"product_brand":[],"product_cat":[16],"product_tag":[63,64,65,30,48,61],"class_list":{"0":"post-492","1":"product","2":"type-product","3":"status-publish","4":"has-post-thumbnail","6":"product_cat-okategoriserad","7":"product_tag-add-on-circle","8":"product_tag-gatupratare","9":"product_tag-gehwegschild","10":"product_tag-shop-sign","11":"product_tag-sidewalk-sign","12":"product_tag-stoepbord","13":"product_shipping_class-small-parcel","14":"desktop-align-left","15":"tablet-align-left","16":"mobile-align-left","18":"first","19":"instock","20":"taxable","21":"shipping-taxable","22":"purchasable","23":"product-type-simple"},"yoast_head":"<!-- This site is optimized with the Yoast SEO plugin v27.5 - https:\/\/yoast.com\/product\/yoast-seo-wordpress\/ -->\n<title>ADD ON CIRCLE BLACK - VWM Studio<\/title>\n<meta name=\"robots\" content=\"index, follow, max-snippet:-1, max-image-preview:large, max-video-preview:-1\" \/>\n<link rel=\"canonical\" href=\"https:\/\/vwmstudio.com\/de\/produkt\/add-on-circle\/\" \/>\n<meta property=\"og:locale\" content=\"de_DE\" \/>\n<meta property=\"og:type\" content=\"article\" \/>\n<meta property=\"og:title\" content=\"ADD ON CIRCLE BLACK - VWM Studio\" \/>\n<meta property=\"og:description\" content=\"Add-On Circle for Your Foldable Sidewalk Sign Elevate your message with the Add-On Circle \u2013 designed to easily attach when unfolding your sidewalk sign. No tools needed, just slide it in at the top when unfolding completely to clamp and you\u2019re set. Important: Remove the Add-On Sign before folding and moving the sidewalk sign. Customize your Add-On with a sticker, magnetic options, or chalk marker to display your message exactly how you want. Use it to highlight key info like:\u2022 Your logo or branding\u2022 Sales and special offers\u2022 Seasonal promotions\u2022 New collections or menu items\u2022 Daily specials or events\u2022 Updated opening hours Ideal for retail, hospitality, and beyond. This eye-catching addition helps draw attention and makes your signage stand out. Compatible with all our foldable sidewalk signs. \u00a9 Copyright VWM studio\" \/>\n<meta property=\"og:url\" content=\"https:\/\/vwmstudio.com\/de\/produkt\/add-on-circle\/\" \/>\n<meta property=\"og:site_name\" content=\"VWM Studio\" \/>\n<meta property=\"article:modified_time\" content=\"2026-03-13T09:36:36+00:00\" \/>\n<meta property=\"og:image\" content=\"https:\/\/vwmstudio.com\/wp-content\/uploads\/2023\/11\/VWM-studio-Add-On-Circle-Black-scaled.webp\" \/>\n\t<meta property=\"og:image:width\" content=\"1707\" \/>\n\t<meta property=\"og:image:height\" content=\"2560\" \/>\n\t<meta property=\"og:image:type\" content=\"image\/webp\" \/>\n<meta name=\"twitter:card\" content=\"summary_large_image\" \/>\n<meta name=\"twitter:label1\" content=\"Gesch\u00e4tzte Lesezeit\" \/>\n\t<meta name=\"twitter:data1\" content=\"2\u00a0Minuten\" \/>\n<script type=\"application\/ld+json\" class=\"yoast-schema-graph\">{\"@context\":\"https:\\\/\\\/schema.org\",\"@graph\":[{\"@type\":\"WebPage\",\"@id\":\"https:\\\/\\\/vwmstudio.com\\\/produkt\\\/add-on-circle\\\/\",\"url\":\"https:\\\/\\\/vwmstudio.com\\\/produkt\\\/add-on-circle\\\/\",\"name\":\"ADD ON CIRCLE BLACK - VWM Studio\",\"isPartOf\":{\"@id\":\"https:\\\/\\\/vwmstudio.com\\\/#website\"},\"primaryImageOfPage\":{\"@id\":\"https:\\\/\\\/vwmstudio.com\\\/produkt\\\/add-on-circle\\\/#primaryimage\"},\"image\":{\"@id\":\"https:\\\/\\\/vwmstudio.com\\\/produkt\\\/add-on-circle\\\/#primaryimage\"},\"thumbnailUrl\":\"https:\\\/\\\/vwmstudio.com\\\/wp-content\\\/uploads\\\/2023\\\/11\\\/VWM-studio-Add-On-Circle-Black-scaled.webp\",\"datePublished\":\"2023-11-22T21:49:05+00:00\",\"dateModified\":\"2026-03-13T09:36:36+00:00\",\"breadcrumb\":{\"@id\":\"https:\\\/\\\/vwmstudio.com\\\/produkt\\\/add-on-circle\\\/#breadcrumb\"},\"inLanguage\":\"de\",\"potentialAction\":[{\"@type\":\"ReadAction\",\"target\":[\"https:\\\/\\\/vwmstudio.com\\\/produkt\\\/add-on-circle\\\/\"]}]},{\"@type\":\"ImageObject\",\"inLanguage\":\"de\",\"@id\":\"https:\\\/\\\/vwmstudio.com\\\/produkt\\\/add-on-circle\\\/#primaryimage\",\"url\":\"https:\\\/\\\/vwmstudio.com\\\/wp-content\\\/uploads\\\/2023\\\/11\\\/VWM-studio-Add-On-Circle-Black-scaled.webp\",\"contentUrl\":\"https:\\\/\\\/vwmstudio.com\\\/wp-content\\\/uploads\\\/2023\\\/11\\\/VWM-studio-Add-On-Circle-Black-scaled.webp\",\"width\":1707,\"height\":2560},{\"@type\":\"BreadcrumbList\",\"@id\":\"https:\\\/\\\/vwmstudio.com\\\/produkt\\\/add-on-circle\\\/#breadcrumb\",\"itemListElement\":[{\"@type\":\"ListItem\",\"position\":1,\"name\":\"Home\",\"item\":\"https:\\\/\\\/vwmstudio.com\\\/\"},{\"@type\":\"ListItem\",\"position\":2,\"name\":\"Products\",\"item\":\"https:\\\/\\\/vwmstudio.com\\\/products\\\/\"},{\"@type\":\"ListItem\",\"position\":3,\"name\":\"ADD ON CIRCLE BLACK\"}]},{\"@type\":\"WebSite\",\"@id\":\"https:\\\/\\\/vwmstudio.com\\\/#website\",\"url\":\"https:\\\/\\\/vwmstudio.com\\\/\",\"name\":\"VWM Signing\",\"description\":\"\",\"publisher\":{\"@id\":\"https:\\\/\\\/vwmstudio.com\\\/#organization\"},\"potentialAction\":[{\"@type\":\"SearchAction\",\"target\":{\"@type\":\"EntryPoint\",\"urlTemplate\":\"https:\\\/\\\/vwmstudio.com\\\/?s={search_term_string}\"},\"query-input\":{\"@type\":\"PropertyValueSpecification\",\"valueRequired\":true,\"valueName\":\"search_term_string\"}}],\"inLanguage\":\"de\"},{\"@type\":\"Organization\",\"@id\":\"https:\\\/\\\/vwmstudio.com\\\/#organization\",\"name\":\"VWM Signing\",\"url\":\"https:\\\/\\\/vwmstudio.com\\\/\",\"logo\":{\"@type\":\"ImageObject\",\"inLanguage\":\"de\",\"@id\":\"https:\\\/\\\/vwmstudio.com\\\/#\\\/schema\\\/logo\\\/image\\\/\",\"url\":\"https:\\\/\\\/vwmstudio.com\\\/wp-content\\\/uploads\\\/2023\\\/11\\\/VWMstudio_zwart.png\",\"contentUrl\":\"https:\\\/\\\/vwmstudio.com\\\/wp-content\\\/uploads\\\/2023\\\/11\\\/VWMstudio_zwart.png\",\"width\":1280,\"height\":667,\"caption\":\"VWM Signing\"},\"image\":{\"@id\":\"https:\\\/\\\/vwmstudio.com\\\/#\\\/schema\\\/logo\\\/image\\\/\"}}]}<\/script>\n<!-- \/ Yoast SEO plugin. -->","yoast_head_json":{"title":"ADD ON CIRCLE BLACK - VWM Studio","robots":{"index":"index","follow":"follow","max-snippet":"max-snippet:-1","max-image-preview":"max-image-preview:large","max-video-preview":"max-video-preview:-1"},"canonical":"https:\/\/vwmstudio.com\/de\/produkt\/add-on-circle\/","og_locale":"de_DE","og_type":"article","og_title":"ADD ON CIRCLE BLACK - VWM Studio","og_description":"Add-On Circle for Your Foldable Sidewalk Sign Elevate your message with the Add-On Circle \u2013 designed to easily attach when unfolding your sidewalk sign. No tools needed, just slide it in at the top when unfolding completely to clamp and you\u2019re set. Important: Remove the Add-On Sign before folding and moving the sidewalk sign. Customize your Add-On with a sticker, magnetic options, or chalk marker to display your message exactly how you want. Use it to highlight key info like:\u2022 Your logo or branding\u2022 Sales and special offers\u2022 Seasonal promotions\u2022 New collections or menu items\u2022 Daily specials or events\u2022 Updated opening hours Ideal for retail, hospitality, and beyond. This eye-catching addition helps draw attention and makes your signage stand out. Compatible with all our foldable sidewalk signs. \u00a9 Copyright VWM studio","og_url":"https:\/\/vwmstudio.com\/de\/produkt\/add-on-circle\/","og_site_name":"VWM Studio","article_modified_time":"2026-03-13T09:36:36+00:00","og_image":[{"width":1707,"height":2560,"url":"https:\/\/vwmstudio.com\/wp-content\/uploads\/2023\/11\/VWM-studio-Add-On-Circle-Black-scaled.webp","type":"image\/webp"}],"twitter_card":"summary_large_image","twitter_misc":{"Gesch\u00e4tzte Lesezeit":"2\u00a0Minuten"},"schema":{"@context":"https:\/\/schema.org","@graph":[{"@type":"WebPage","@id":"https:\/\/vwmstudio.com\/produkt\/add-on-circle\/","url":"https:\/\/vwmstudio.com\/produkt\/add-on-circle\/","name":"ADD ON CIRCLE BLACK - VWM Studio","isPartOf":{"@id":"https:\/\/vwmstudio.com\/#website"},"primaryImageOfPage":{"@id":"https:\/\/vwmstudio.com\/produkt\/add-on-circle\/#primaryimage"},"image":{"@id":"https:\/\/vwmstudio.com\/produkt\/add-on-circle\/#primaryimage"},"thumbnailUrl":"https:\/\/vwmstudio.com\/wp-content\/uploads\/2023\/11\/VWM-studio-Add-On-Circle-Black-scaled.webp","datePublished":"2023-11-22T21:49:05+00:00","dateModified":"2026-03-13T09:36:36+00:00","breadcrumb":{"@id":"https:\/\/vwmstudio.com\/produkt\/add-on-circle\/#breadcrumb"},"inLanguage":"de","potentialAction":[{"@type":"ReadAction","target":["https:\/\/vwmstudio.com\/produkt\/add-on-circle\/"]}]},{"@type":"ImageObject","inLanguage":"de","@id":"https:\/\/vwmstudio.com\/produkt\/add-on-circle\/#primaryimage","url":"https:\/\/vwmstudio.com\/wp-content\/uploads\/2023\/11\/VWM-studio-Add-On-Circle-Black-scaled.webp","contentUrl":"https:\/\/vwmstudio.com\/wp-content\/uploads\/2023\/11\/VWM-studio-Add-On-Circle-Black-scaled.webp","width":1707,"height":2560},{"@type":"BreadcrumbList","@id":"https:\/\/vwmstudio.com\/produkt\/add-on-circle\/#breadcrumb","itemListElement":[{"@type":"ListItem","position":1,"name":"Home","item":"https:\/\/vwmstudio.com\/"},{"@type":"ListItem","position":2,"name":"Products","item":"https:\/\/vwmstudio.com\/products\/"},{"@type":"ListItem","position":3,"name":"ADD ON CIRCLE BLACK"}]},{"@type":"WebSite","@id":"https:\/\/vwmstudio.com\/#website","url":"https:\/\/vwmstudio.com\/","name":"VWM Signing","description":"","publisher":{"@id":"https:\/\/vwmstudio.com\/#organization"},"potentialAction":[{"@type":"SearchAction","target":{"@type":"EntryPoint","urlTemplate":"https:\/\/vwmstudio.com\/?s={search_term_string}"},"query-input":{"@type":"PropertyValueSpecification","valueRequired":true,"valueName":"search_term_string"}}],"inLanguage":"de"},{"@type":"Organization","@id":"https:\/\/vwmstudio.com\/#organization","name":"VWM Signing","url":"https:\/\/vwmstudio.com\/","logo":{"@type":"ImageObject","inLanguage":"de","@id":"https:\/\/vwmstudio.com\/#\/schema\/logo\/image\/","url":"https:\/\/vwmstudio.com\/wp-content\/uploads\/2023\/11\/VWMstudio_zwart.png","contentUrl":"https:\/\/vwmstudio.com\/wp-content\/uploads\/2023\/11\/VWMstudio_zwart.png","width":1280,"height":667,"caption":"VWM Signing"},"image":{"@id":"https:\/\/vwmstudio.com\/#\/schema\/logo\/image\/"}}]}},"_links":{"self":[{"href":"https:\/\/vwmstudio.com\/de\/wp-json\/wp\/v2\/product\/492","targetHints":{"allow":["GET"]}}],"collection":[{"href":"https:\/\/vwmstudio.com\/de\/wp-json\/wp\/v2\/product"}],"about":[{"href":"https:\/\/vwmstudio.com\/de\/wp-json\/wp\/v2\/types\/product"}],"wp:featuredmedia":[{"embeddable":true,"href":"https:\/\/vwmstudio.com\/de\/wp-json\/wp\/v2\/media\/2509"}],"wp:attachment":[{"href":"https:\/\/vwmstudio.com\/de\/wp-json\/wp\/v2\/media?parent=492"}],"wp:term":[{"taxonomy":"product_brand","embeddable":true,"href":"https:\/\/vwmstudio.com\/de\/wp-json\/wp\/v2\/product_brand?post=492"},{"taxonomy":"product_cat","embeddable":true,"href":"https:\/\/vwmstudio.com\/de\/wp-json\/wp\/v2\/product_cat?post=492"},{"taxonomy":"product_tag","embeddable":true,"href":"https:\/\/vwmstudio.com\/de\/wp-json\/wp\/v2\/product_tag?post=492"}],"curies":[{"name":"wp","href":"https:\/\/api.w.org\/{rel}","templated":true}]}}