{"id":2552,"date":"2025-03-16T14:27:53","date_gmt":"2025-03-16T14:27:53","guid":{"rendered":"https:\/\/vwmstudio.com\/?post_type=product&#038;p=2552"},"modified":"2026-04-16T07:06:15","modified_gmt":"2026-04-16T07:06:15","slug":"magnetic-letters-set-lowercase-white","status":"publish","type":"product","link":"https:\/\/vwmstudio.com\/de\/produkt\/magnetic-letters-set-lowercase-white\/","title":{"rendered":"Magnetic letters set &#8211; Lowercase &#8211; White"},"content":{"rendered":"<p>Magnetisches Alphabet-Set in Kleinbuchstaben \u2013 Wei\u00df, f\u00fcr kreative Botschaften.<\/p>\n<p>Dieses magnetische Buchstaben-Set umfasst 70 Zeichen und bietet Ihnen die Flexibilit\u00e4t, eine Vielzahl von W\u00f6rtern und Phrasen f\u00fcr Ihre Beschilderung oder andere Bereiche zu erstellen. Jeder Buchstabe variiert in der H\u00f6he aufgrund des Kleinbuchstaben-Designs, mit einer maximalen H\u00f6he von 3,5 cm, wodurch sie gut lesbar und visuell ansprechend sind. Die exakt enthaltenen Zeichen sind auf dem Produktbild dargestellt \u2013 was Sie sehen, ist das, was Sie erhalten.<\/p>\n<p>Tipp: Schreibe vor der Bestellung die gew\u00fcnschten Botschaften auf und pr\u00fcfe, ob ein Set gen\u00fcgend Buchstaben enth\u00e4lt. Du brauchst mehr? Die Sets lassen sich ganz einfach kombinieren f\u00fcr l\u00e4ngere Texte oder gr\u00f6\u00dfere Displays.<\/p>\n<p>Neben der Verwendung auf unseren Schildern eignet sich dieses magnetische Buchstabenset auch perfekt f\u00fcr K\u00fcchen, B\u00fcros, L\u00e4den oder kreative R\u00e4ume.  \u00dcberall dort, wo deine Botschaft auffallen soll.<\/p>\n<p>Auch mit einer magnetischen Oberfl\u00e4che in nahezu schwarzer Ausf\u00fchrung erh\u00e4ltlich.<\/p>","protected":false},"excerpt":{"rendered":"<p data-start=\"336\" data-end=\"497\">Dieses Kleinbuchstaben-Set erm\u00f6glicht es Ihnen, Ihre Botschaft jederzeit einfach zu aktualisieren und anzupassen. Das Set passt perfekt zu unseren Add-On Signs und allen anderen Stahlschildern.<\/p>\n<p data-start=\"499\" data-end=\"657\">Wir haben die Buchstaben besonders d\u00fcnn gestaltet, damit sie sich nahtlos in Ihr Schild einf\u00fcgen \u2013 ohne den klobigen Magnet-Look. Das Buchstaben-Set ist in einem klaren Wei\u00df-Finish erh\u00e4ltlich.<\/p>","protected":false},"featured_media":2556,"template":"","meta":{"inline_featured_image":false,"site-sidebar-layout":"default","site-content-layout":"","ast-site-content-layout":"default","site-content-style":"default","site-sidebar-style":"default","ast-global-header-display":"","ast-banner-title-visibility":"","ast-main-header-display":"","ast-hfb-above-header-display":"","ast-hfb-below-header-display":"","ast-hfb-mobile-header-display":"","site-post-title":"","ast-breadcrumbs-content":"","ast-featured-img":"","footer-sml-layout":"","ast-disable-related-posts":"","theme-transparent-header-meta":"default","adv-header-id-meta":"","stick-header-meta":"","header-above-stick-meta":"","header-main-stick-meta":"","header-below-stick-meta":"","astra-migrate-meta-layouts":"set","ast-page-background-enabled":"default","ast-page-background-meta":{"desktop":{"background-color":"var(--ast-global-color-4)","background-image":"","background-repeat":"repeat","background-position":"center center","background-size":"auto","background-attachment":"scroll","background-type":"","background-media":"","overlay-type":"","overlay-color":"","overlay-opacity":"","overlay-gradient":""},"tablet":{"background-color":"","background-image":"","background-repeat":"repeat","background-position":"center center","background-size":"auto","background-attachment":"scroll","background-type":"","background-media":"","overlay-type":"","overlay-color":"","overlay-opacity":"","overlay-gradient":""},"mobile":{"background-color":"","background-image":"","background-repeat":"repeat","background-position":"center center","background-size":"auto","background-attachment":"scroll","background-type":"","background-media":"","overlay-type":"","overlay-color":"","overlay-opacity":"","overlay-gradient":""}},"ast-content-background-meta":{"desktop":{"background-color":"var(--ast-global-color-5)","background-image":"","background-repeat":"repeat","background-position":"center center","background-size":"auto","background-attachment":"scroll","background-type":"","background-media":"","overlay-type":"","overlay-color":"","overlay-opacity":"","overlay-gradient":""},"tablet":{"background-color":"var(--ast-global-color-5)","background-image":"","background-repeat":"repeat","background-position":"center center","background-size":"auto","background-attachment":"scroll","background-type":"","background-media":"","overlay-type":"","overlay-color":"","overlay-opacity":"","overlay-gradient":""},"mobile":{"background-color":"var(--ast-global-color-5)","background-image":"","background-repeat":"repeat","background-position":"center center","background-size":"auto","background-attachment":"scroll","background-type":"","background-media":"","overlay-type":"","overlay-color":"","overlay-opacity":"","overlay-gradient":""}}},"product_brand":[],"product_cat":[16],"product_tag":[],"class_list":{"0":"post-2552","1":"product","2":"type-product","3":"status-publish","4":"has-post-thumbnail","6":"product_cat-okategoriserad","7":"product_shipping_class-small-parcel","8":"desktop-align-left","9":"tablet-align-left","10":"mobile-align-left","12":"first","13":"instock","14":"taxable","15":"shipping-taxable","16":"purchasable","17":"product-type-simple"},"yoast_head":"<!-- This site is optimized with the Yoast SEO plugin v27.5 - https:\/\/yoast.com\/product\/yoast-seo-wordpress\/ -->\n<title>Magnetic letters set - Lowercase - White - VWM Studio<\/title>\n<meta name=\"description\" content=\"Magnetic Alphabet Set, lower case, with 70 characters for creative messaging. 3.5 cm magnetic letters for signage, shops. Combine sets for longer texts.\" \/>\n<meta name=\"robots\" content=\"index, follow, max-snippet:-1, max-image-preview:large, max-video-preview:-1\" \/>\n<link rel=\"canonical\" href=\"https:\/\/vwmstudio.com\/de\/produkt\/magnetic-letters-set-lowercase-white\/\" \/>\n<meta property=\"og:locale\" content=\"de_DE\" \/>\n<meta property=\"og:type\" content=\"article\" \/>\n<meta property=\"og:title\" content=\"Magnetic letters set - Lowercase - White - VWM Studio\" \/>\n<meta property=\"og:description\" content=\"Magnetic Alphabet Set, lower case, with 70 characters for creative messaging. 3.5 cm magnetic letters for signage, shops. Combine sets for longer texts.\" \/>\n<meta property=\"og:url\" content=\"https:\/\/vwmstudio.com\/de\/produkt\/magnetic-letters-set-lowercase-white\/\" \/>\n<meta property=\"og:site_name\" content=\"VWM Studio\" \/>\n<meta property=\"article:modified_time\" content=\"2026-04-16T07:06:15+00:00\" \/>\n<meta property=\"og:image\" content=\"https:\/\/vwmstudio.com\/wp-content\/uploads\/2026\/03\/VWM-studio-Magnetic-letters-set-web-scaled.webp\" \/>\n\t<meta property=\"og:image:width\" content=\"1707\" \/>\n\t<meta property=\"og:image:height\" content=\"2560\" \/>\n\t<meta property=\"og:image:type\" content=\"image\/webp\" \/>\n<meta name=\"twitter:card\" content=\"summary_large_image\" \/>\n<meta name=\"twitter:label1\" content=\"Gesch\u00e4tzte Lesezeit\" \/>\n\t<meta name=\"twitter:data1\" content=\"1\u00a0Minute\" \/>\n<script type=\"application\/ld+json\" class=\"yoast-schema-graph\">{\"@context\":\"https:\\\/\\\/schema.org\",\"@graph\":[{\"@type\":\"WebPage\",\"@id\":\"https:\\\/\\\/vwmstudio.com\\\/produkt\\\/magnetic-letters-set-lowercase-white\\\/\",\"url\":\"https:\\\/\\\/vwmstudio.com\\\/produkt\\\/magnetic-letters-set-lowercase-white\\\/\",\"name\":\"Magnetic letters set - Lowercase - White - VWM Studio\",\"isPartOf\":{\"@id\":\"https:\\\/\\\/vwmstudio.com\\\/#website\"},\"primaryImageOfPage\":{\"@id\":\"https:\\\/\\\/vwmstudio.com\\\/produkt\\\/magnetic-letters-set-lowercase-white\\\/#primaryimage\"},\"image\":{\"@id\":\"https:\\\/\\\/vwmstudio.com\\\/produkt\\\/magnetic-letters-set-lowercase-white\\\/#primaryimage\"},\"thumbnailUrl\":\"https:\\\/\\\/vwmstudio.com\\\/wp-content\\\/uploads\\\/2026\\\/03\\\/VWM-studio-Magnetic-letters-set-web-scaled.webp\",\"datePublished\":\"2025-03-16T14:27:53+00:00\",\"dateModified\":\"2026-04-16T07:06:15+00:00\",\"description\":\"Magnetic Alphabet Set, lower case, with 70 characters for creative messaging. 3.5 cm magnetic letters for signage, shops. Combine sets for longer texts.\",\"breadcrumb\":{\"@id\":\"https:\\\/\\\/vwmstudio.com\\\/produkt\\\/magnetic-letters-set-lowercase-white\\\/#breadcrumb\"},\"inLanguage\":\"de\",\"potentialAction\":[{\"@type\":\"ReadAction\",\"target\":[\"https:\\\/\\\/vwmstudio.com\\\/produkt\\\/magnetic-letters-set-lowercase-white\\\/\"]}]},{\"@type\":\"ImageObject\",\"inLanguage\":\"de\",\"@id\":\"https:\\\/\\\/vwmstudio.com\\\/produkt\\\/magnetic-letters-set-lowercase-white\\\/#primaryimage\",\"url\":\"https:\\\/\\\/vwmstudio.com\\\/wp-content\\\/uploads\\\/2026\\\/03\\\/VWM-studio-Magnetic-letters-set-web-scaled.webp\",\"contentUrl\":\"https:\\\/\\\/vwmstudio.com\\\/wp-content\\\/uploads\\\/2026\\\/03\\\/VWM-studio-Magnetic-letters-set-web-scaled.webp\",\"width\":1707,\"height\":2560},{\"@type\":\"BreadcrumbList\",\"@id\":\"https:\\\/\\\/vwmstudio.com\\\/produkt\\\/magnetic-letters-set-lowercase-white\\\/#breadcrumb\",\"itemListElement\":[{\"@type\":\"ListItem\",\"position\":1,\"name\":\"Home\",\"item\":\"https:\\\/\\\/vwmstudio.com\\\/\"},{\"@type\":\"ListItem\",\"position\":2,\"name\":\"Products\",\"item\":\"https:\\\/\\\/vwmstudio.com\\\/products\\\/\"},{\"@type\":\"ListItem\",\"position\":3,\"name\":\"Magnetic letters set &#8211; Lowercase &#8211; White\"}]},{\"@type\":\"WebSite\",\"@id\":\"https:\\\/\\\/vwmstudio.com\\\/#website\",\"url\":\"https:\\\/\\\/vwmstudio.com\\\/\",\"name\":\"VWM Signing\",\"description\":\"\",\"publisher\":{\"@id\":\"https:\\\/\\\/vwmstudio.com\\\/#organization\"},\"potentialAction\":[{\"@type\":\"SearchAction\",\"target\":{\"@type\":\"EntryPoint\",\"urlTemplate\":\"https:\\\/\\\/vwmstudio.com\\\/?s={search_term_string}\"},\"query-input\":{\"@type\":\"PropertyValueSpecification\",\"valueRequired\":true,\"valueName\":\"search_term_string\"}}],\"inLanguage\":\"de\"},{\"@type\":\"Organization\",\"@id\":\"https:\\\/\\\/vwmstudio.com\\\/#organization\",\"name\":\"VWM Signing\",\"url\":\"https:\\\/\\\/vwmstudio.com\\\/\",\"logo\":{\"@type\":\"ImageObject\",\"inLanguage\":\"de\",\"@id\":\"https:\\\/\\\/vwmstudio.com\\\/#\\\/schema\\\/logo\\\/image\\\/\",\"url\":\"https:\\\/\\\/vwmstudio.com\\\/wp-content\\\/uploads\\\/2023\\\/11\\\/VWMstudio_zwart.png\",\"contentUrl\":\"https:\\\/\\\/vwmstudio.com\\\/wp-content\\\/uploads\\\/2023\\\/11\\\/VWMstudio_zwart.png\",\"width\":1280,\"height\":667,\"caption\":\"VWM Signing\"},\"image\":{\"@id\":\"https:\\\/\\\/vwmstudio.com\\\/#\\\/schema\\\/logo\\\/image\\\/\"}}]}<\/script>\n<!-- \/ Yoast SEO plugin. -->","yoast_head_json":{"title":"Magnetic letters set - Lowercase - White - VWM Studio","description":"Magnetic Alphabet Set, lower case, with 70 characters for creative messaging. 3.5 cm magnetic letters for signage, shops. Combine sets for longer texts.","robots":{"index":"index","follow":"follow","max-snippet":"max-snippet:-1","max-image-preview":"max-image-preview:large","max-video-preview":"max-video-preview:-1"},"canonical":"https:\/\/vwmstudio.com\/de\/produkt\/magnetic-letters-set-lowercase-white\/","og_locale":"de_DE","og_type":"article","og_title":"Magnetic letters set - Lowercase - White - VWM Studio","og_description":"Magnetic Alphabet Set, lower case, with 70 characters for creative messaging. 3.5 cm magnetic letters for signage, shops. Combine sets for longer texts.","og_url":"https:\/\/vwmstudio.com\/de\/produkt\/magnetic-letters-set-lowercase-white\/","og_site_name":"VWM Studio","article_modified_time":"2026-04-16T07:06:15+00:00","og_image":[{"width":1707,"height":2560,"url":"https:\/\/vwmstudio.com\/wp-content\/uploads\/2026\/03\/VWM-studio-Magnetic-letters-set-web-scaled.webp","type":"image\/webp"}],"twitter_card":"summary_large_image","twitter_misc":{"Gesch\u00e4tzte Lesezeit":"1\u00a0Minute"},"schema":{"@context":"https:\/\/schema.org","@graph":[{"@type":"WebPage","@id":"https:\/\/vwmstudio.com\/produkt\/magnetic-letters-set-lowercase-white\/","url":"https:\/\/vwmstudio.com\/produkt\/magnetic-letters-set-lowercase-white\/","name":"Magnetic letters set - Lowercase - White - VWM Studio","isPartOf":{"@id":"https:\/\/vwmstudio.com\/#website"},"primaryImageOfPage":{"@id":"https:\/\/vwmstudio.com\/produkt\/magnetic-letters-set-lowercase-white\/#primaryimage"},"image":{"@id":"https:\/\/vwmstudio.com\/produkt\/magnetic-letters-set-lowercase-white\/#primaryimage"},"thumbnailUrl":"https:\/\/vwmstudio.com\/wp-content\/uploads\/2026\/03\/VWM-studio-Magnetic-letters-set-web-scaled.webp","datePublished":"2025-03-16T14:27:53+00:00","dateModified":"2026-04-16T07:06:15+00:00","description":"Magnetic Alphabet Set, lower case, with 70 characters for creative messaging. 3.5 cm magnetic letters for signage, shops. Combine sets for longer texts.","breadcrumb":{"@id":"https:\/\/vwmstudio.com\/produkt\/magnetic-letters-set-lowercase-white\/#breadcrumb"},"inLanguage":"de","potentialAction":[{"@type":"ReadAction","target":["https:\/\/vwmstudio.com\/produkt\/magnetic-letters-set-lowercase-white\/"]}]},{"@type":"ImageObject","inLanguage":"de","@id":"https:\/\/vwmstudio.com\/produkt\/magnetic-letters-set-lowercase-white\/#primaryimage","url":"https:\/\/vwmstudio.com\/wp-content\/uploads\/2026\/03\/VWM-studio-Magnetic-letters-set-web-scaled.webp","contentUrl":"https:\/\/vwmstudio.com\/wp-content\/uploads\/2026\/03\/VWM-studio-Magnetic-letters-set-web-scaled.webp","width":1707,"height":2560},{"@type":"BreadcrumbList","@id":"https:\/\/vwmstudio.com\/produkt\/magnetic-letters-set-lowercase-white\/#breadcrumb","itemListElement":[{"@type":"ListItem","position":1,"name":"Home","item":"https:\/\/vwmstudio.com\/"},{"@type":"ListItem","position":2,"name":"Products","item":"https:\/\/vwmstudio.com\/products\/"},{"@type":"ListItem","position":3,"name":"Magnetic letters set &#8211; Lowercase &#8211; White"}]},{"@type":"WebSite","@id":"https:\/\/vwmstudio.com\/#website","url":"https:\/\/vwmstudio.com\/","name":"VWM Signing","description":"","publisher":{"@id":"https:\/\/vwmstudio.com\/#organization"},"potentialAction":[{"@type":"SearchAction","target":{"@type":"EntryPoint","urlTemplate":"https:\/\/vwmstudio.com\/?s={search_term_string}"},"query-input":{"@type":"PropertyValueSpecification","valueRequired":true,"valueName":"search_term_string"}}],"inLanguage":"de"},{"@type":"Organization","@id":"https:\/\/vwmstudio.com\/#organization","name":"VWM Signing","url":"https:\/\/vwmstudio.com\/","logo":{"@type":"ImageObject","inLanguage":"de","@id":"https:\/\/vwmstudio.com\/#\/schema\/logo\/image\/","url":"https:\/\/vwmstudio.com\/wp-content\/uploads\/2023\/11\/VWMstudio_zwart.png","contentUrl":"https:\/\/vwmstudio.com\/wp-content\/uploads\/2023\/11\/VWMstudio_zwart.png","width":1280,"height":667,"caption":"VWM Signing"},"image":{"@id":"https:\/\/vwmstudio.com\/#\/schema\/logo\/image\/"}}]}},"_links":{"self":[{"href":"https:\/\/vwmstudio.com\/de\/wp-json\/wp\/v2\/product\/2552","targetHints":{"allow":["GET"]}}],"collection":[{"href":"https:\/\/vwmstudio.com\/de\/wp-json\/wp\/v2\/product"}],"about":[{"href":"https:\/\/vwmstudio.com\/de\/wp-json\/wp\/v2\/types\/product"}],"wp:featuredmedia":[{"embeddable":true,"href":"https:\/\/vwmstudio.com\/de\/wp-json\/wp\/v2\/media\/2556"}],"wp:attachment":[{"href":"https:\/\/vwmstudio.com\/de\/wp-json\/wp\/v2\/media?parent=2552"}],"wp:term":[{"taxonomy":"product_brand","embeddable":true,"href":"https:\/\/vwmstudio.com\/de\/wp-json\/wp\/v2\/product_brand?post=2552"},{"taxonomy":"product_cat","embeddable":true,"href":"https:\/\/vwmstudio.com\/de\/wp-json\/wp\/v2\/product_cat?post=2552"},{"taxonomy":"product_tag","embeddable":true,"href":"https:\/\/vwmstudio.com\/de\/wp-json\/wp\/v2\/product_tag?post=2552"}],"curies":[{"name":"wp","href":"https:\/\/api.w.org\/{rel}","templated":true}]}}