{"id":2210,"date":"2025-12-12T13:27:41","date_gmt":"2025-12-12T13:27:41","guid":{"rendered":"https:\/\/vwmstudio.com\/?post_type=product&#038;p=2210"},"modified":"2026-03-16T13:43:23","modified_gmt":"2026-03-16T13:43:23","slug":"magnetic-alphabeth-set-white","status":"publish","type":"product","link":"https:\/\/vwmstudio.com\/de\/produkt\/magnetic-alphabeth-set-white\/","title":{"rendered":"Magnetbuchstaben-Set \u2013 Wei\u00df"},"content":{"rendered":"<p>Magnetisches Alphabet-Set f\u00fcr kreative Botschaften.<\/p>\n<p>Dieses magnetische Buchstabenset enth\u00e4lt 70 Zeichen und bietet dir die Flexibilit\u00e4t, eine Vielzahl von W\u00f6rtern und S\u00e4tzen f\u00fcr deine Beschilderung oder andere Bereiche zu gestalten. Jeder Buchstabe ist 5 cm hoch, gut lesbar und optisch auff\u00e4llig. Die enthaltenen Zeichen siehst du auf dem Produktbild. Was du siehst, ist auch das, was du bekommst.<\/p>\n<p>Tipp: Schreibe vor der Bestellung die gew\u00fcnschten Botschaften auf und pr\u00fcfe, ob ein Set gen\u00fcgend Buchstaben enth\u00e4lt. Du brauchst mehr? Die Sets lassen sich ganz einfach kombinieren f\u00fcr l\u00e4ngere Texte oder gr\u00f6\u00dfere Displays.<\/p>\n<p>Neben der Verwendung auf unseren Schildern eignet sich dieses magnetische Buchstabenset auch perfekt f\u00fcr K\u00fcchen, B\u00fcros, L\u00e4den oder kreative R\u00e4ume.  \u00dcberall dort, wo deine Botschaft auffallen soll.<\/p>\n<p>Auch mit magnetischer Oberfl\u00e4che erh\u00e4ltlich, <a href=\"https:\/\/vwmstudio.com\/de\/produkt\/magnetic-alphabeth-set-magnetic-near-black\/\">nahezu schwarz.<\/a><\/p>","protected":false},"excerpt":{"rendered":"<p>Dieses Buchstabenset macht es einfach, Ihre Botschaft jederzeit zu aktualisieren und anzupassen. Die Buchstaben sind extra d\u00fcnn gestaltet, damit sie sich nahtlos in Ihr Schild einf\u00fcgen, ganz ohne den typischen, klobigen Magnet-Look. Das Set kommt in einem klaren wei\u00dfen Finish.<\/p>","protected":false},"featured_media":2217,"template":"","meta":{"inline_featured_image":false,"site-sidebar-layout":"default","site-content-layout":"","ast-site-content-layout":"default","site-content-style":"default","site-sidebar-style":"default","ast-global-header-display":"","ast-banner-title-visibility":"","ast-main-header-display":"","ast-hfb-above-header-display":"","ast-hfb-below-header-display":"","ast-hfb-mobile-header-display":"","site-post-title":"","ast-breadcrumbs-content":"","ast-featured-img":"","footer-sml-layout":"","ast-disable-related-posts":"","theme-transparent-header-meta":"default","adv-header-id-meta":"","stick-header-meta":"","header-above-stick-meta":"","header-main-stick-meta":"","header-below-stick-meta":"","astra-migrate-meta-layouts":"set","ast-page-background-enabled":"default","ast-page-background-meta":{"desktop":{"background-color":"var(--ast-global-color-4)","background-image":"","background-repeat":"repeat","background-position":"center center","background-size":"auto","background-attachment":"scroll","background-type":"","background-media":"","overlay-type":"","overlay-color":"","overlay-opacity":"","overlay-gradient":""},"tablet":{"background-color":"","background-image":"","background-repeat":"repeat","background-position":"center center","background-size":"auto","background-attachment":"scroll","background-type":"","background-media":"","overlay-type":"","overlay-color":"","overlay-opacity":"","overlay-gradient":""},"mobile":{"background-color":"","background-image":"","background-repeat":"repeat","background-position":"center center","background-size":"auto","background-attachment":"scroll","background-type":"","background-media":"","overlay-type":"","overlay-color":"","overlay-opacity":"","overlay-gradient":""}},"ast-content-background-meta":{"desktop":{"background-color":"var(--ast-global-color-5)","background-image":"","background-repeat":"repeat","background-position":"center center","background-size":"auto","background-attachment":"scroll","background-type":"","background-media":"","overlay-type":"","overlay-color":"","overlay-opacity":"","overlay-gradient":""},"tablet":{"background-color":"var(--ast-global-color-5)","background-image":"","background-repeat":"repeat","background-position":"center center","background-size":"auto","background-attachment":"scroll","background-type":"","background-media":"","overlay-type":"","overlay-color":"","overlay-opacity":"","overlay-gradient":""},"mobile":{"background-color":"var(--ast-global-color-5)","background-image":"","background-repeat":"repeat","background-position":"center center","background-size":"auto","background-attachment":"scroll","background-type":"","background-media":"","overlay-type":"","overlay-color":"","overlay-opacity":"","overlay-gradient":""}}},"product_brand":[],"product_cat":[16],"product_tag":[],"class_list":{"0":"post-2210","1":"product","2":"type-product","3":"status-publish","4":"has-post-thumbnail","6":"product_cat-okategoriserad","7":"product_shipping_class-small-parcel","8":"desktop-align-left","9":"tablet-align-left","10":"mobile-align-left","12":"first","13":"instock","14":"taxable","15":"shipping-taxable","16":"purchasable","17":"product-type-simple"},"yoast_head":"<!-- This site is optimized with the Yoast SEO plugin v27.5 - https:\/\/yoast.com\/product\/yoast-seo-wordpress\/ -->\n<title>MAGNETIC LETTERS SET - WHITE - VWM Studio<\/title>\n<meta name=\"description\" content=\"Magnetic Alphabet Set, upper case, with 70 characters for creative messaging. 5 cm magnetic letters for signage, shops. Combine sets for longer texts.\" \/>\n<meta name=\"robots\" content=\"index, follow, max-snippet:-1, max-image-preview:large, max-video-preview:-1\" \/>\n<link rel=\"canonical\" href=\"https:\/\/vwmstudio.com\/de\/produkt\/magnetic-alphabeth-set-white\/\" \/>\n<meta property=\"og:locale\" content=\"de_DE\" \/>\n<meta property=\"og:type\" content=\"article\" \/>\n<meta property=\"og:title\" content=\"MAGNETIC LETTERS SET - WHITE - VWM Studio\" \/>\n<meta property=\"og:description\" content=\"Magnetic Alphabet Set, upper case, with 70 characters for creative messaging. 5 cm magnetic letters for signage, shops. Combine sets for longer texts.\" \/>\n<meta property=\"og:url\" content=\"https:\/\/vwmstudio.com\/de\/produkt\/magnetic-alphabeth-set-white\/\" \/>\n<meta property=\"og:site_name\" content=\"VWM Studio\" \/>\n<meta property=\"article:modified_time\" content=\"2026-03-16T13:43:23+00:00\" \/>\n<meta property=\"og:image\" content=\"https:\/\/vwmstudio.com\/wp-content\/uploads\/2025\/09\/VWM-studio-Magnetic-letters-set-Web3-scaled.webp\" \/>\n\t<meta property=\"og:image:width\" content=\"1707\" \/>\n\t<meta property=\"og:image:height\" content=\"2560\" \/>\n\t<meta property=\"og:image:type\" content=\"image\/webp\" \/>\n<meta name=\"twitter:card\" content=\"summary_large_image\" \/>\n<meta name=\"twitter:label1\" content=\"Gesch\u00e4tzte Lesezeit\" \/>\n\t<meta name=\"twitter:data1\" content=\"1\u00a0Minute\" \/>\n<script type=\"application\/ld+json\" class=\"yoast-schema-graph\">{\"@context\":\"https:\\\/\\\/schema.org\",\"@graph\":[{\"@type\":\"WebPage\",\"@id\":\"https:\\\/\\\/vwmstudio.com\\\/produkt\\\/magnetic-alphabeth-set-white\\\/\",\"url\":\"https:\\\/\\\/vwmstudio.com\\\/produkt\\\/magnetic-alphabeth-set-white\\\/\",\"name\":\"MAGNETIC LETTERS SET - WHITE - VWM Studio\",\"isPartOf\":{\"@id\":\"https:\\\/\\\/vwmstudio.com\\\/#website\"},\"primaryImageOfPage\":{\"@id\":\"https:\\\/\\\/vwmstudio.com\\\/produkt\\\/magnetic-alphabeth-set-white\\\/#primaryimage\"},\"image\":{\"@id\":\"https:\\\/\\\/vwmstudio.com\\\/produkt\\\/magnetic-alphabeth-set-white\\\/#primaryimage\"},\"thumbnailUrl\":\"https:\\\/\\\/vwmstudio.com\\\/wp-content\\\/uploads\\\/2025\\\/09\\\/VWM-studio-Magnetic-letters-set-Web3-scaled.webp\",\"datePublished\":\"2025-12-12T13:27:41+00:00\",\"dateModified\":\"2026-03-16T13:43:23+00:00\",\"description\":\"Magnetic Alphabet Set, upper case, with 70 characters for creative messaging. 5 cm magnetic letters for signage, shops. Combine sets for longer texts.\",\"breadcrumb\":{\"@id\":\"https:\\\/\\\/vwmstudio.com\\\/produkt\\\/magnetic-alphabeth-set-white\\\/#breadcrumb\"},\"inLanguage\":\"de\",\"potentialAction\":[{\"@type\":\"ReadAction\",\"target\":[\"https:\\\/\\\/vwmstudio.com\\\/produkt\\\/magnetic-alphabeth-set-white\\\/\"]}]},{\"@type\":\"ImageObject\",\"inLanguage\":\"de\",\"@id\":\"https:\\\/\\\/vwmstudio.com\\\/produkt\\\/magnetic-alphabeth-set-white\\\/#primaryimage\",\"url\":\"https:\\\/\\\/vwmstudio.com\\\/wp-content\\\/uploads\\\/2025\\\/09\\\/VWM-studio-Magnetic-letters-set-Web3-scaled.webp\",\"contentUrl\":\"https:\\\/\\\/vwmstudio.com\\\/wp-content\\\/uploads\\\/2025\\\/09\\\/VWM-studio-Magnetic-letters-set-Web3-scaled.webp\",\"width\":1707,\"height\":2560},{\"@type\":\"BreadcrumbList\",\"@id\":\"https:\\\/\\\/vwmstudio.com\\\/produkt\\\/magnetic-alphabeth-set-white\\\/#breadcrumb\",\"itemListElement\":[{\"@type\":\"ListItem\",\"position\":1,\"name\":\"Home\",\"item\":\"https:\\\/\\\/vwmstudio.com\\\/\"},{\"@type\":\"ListItem\",\"position\":2,\"name\":\"Products\",\"item\":\"https:\\\/\\\/vwmstudio.com\\\/products\\\/\"},{\"@type\":\"ListItem\",\"position\":3,\"name\":\"MAGNETIC LETTERS SET &#8211; WHITE\"}]},{\"@type\":\"WebSite\",\"@id\":\"https:\\\/\\\/vwmstudio.com\\\/#website\",\"url\":\"https:\\\/\\\/vwmstudio.com\\\/\",\"name\":\"VWM Signing\",\"description\":\"\",\"publisher\":{\"@id\":\"https:\\\/\\\/vwmstudio.com\\\/#organization\"},\"potentialAction\":[{\"@type\":\"SearchAction\",\"target\":{\"@type\":\"EntryPoint\",\"urlTemplate\":\"https:\\\/\\\/vwmstudio.com\\\/?s={search_term_string}\"},\"query-input\":{\"@type\":\"PropertyValueSpecification\",\"valueRequired\":true,\"valueName\":\"search_term_string\"}}],\"inLanguage\":\"de\"},{\"@type\":\"Organization\",\"@id\":\"https:\\\/\\\/vwmstudio.com\\\/#organization\",\"name\":\"VWM Signing\",\"url\":\"https:\\\/\\\/vwmstudio.com\\\/\",\"logo\":{\"@type\":\"ImageObject\",\"inLanguage\":\"de\",\"@id\":\"https:\\\/\\\/vwmstudio.com\\\/#\\\/schema\\\/logo\\\/image\\\/\",\"url\":\"https:\\\/\\\/vwmstudio.com\\\/wp-content\\\/uploads\\\/2023\\\/11\\\/VWMstudio_zwart.png\",\"contentUrl\":\"https:\\\/\\\/vwmstudio.com\\\/wp-content\\\/uploads\\\/2023\\\/11\\\/VWMstudio_zwart.png\",\"width\":1280,\"height\":667,\"caption\":\"VWM Signing\"},\"image\":{\"@id\":\"https:\\\/\\\/vwmstudio.com\\\/#\\\/schema\\\/logo\\\/image\\\/\"}}]}<\/script>\n<!-- \/ Yoast SEO plugin. -->","yoast_head_json":{"title":"MAGNETIC LETTERS SET - WHITE - VWM Studio","description":"Magnetic Alphabet Set, upper case, with 70 characters for creative messaging. 5 cm magnetic letters for signage, shops. Combine sets for longer texts.","robots":{"index":"index","follow":"follow","max-snippet":"max-snippet:-1","max-image-preview":"max-image-preview:large","max-video-preview":"max-video-preview:-1"},"canonical":"https:\/\/vwmstudio.com\/de\/produkt\/magnetic-alphabeth-set-white\/","og_locale":"de_DE","og_type":"article","og_title":"MAGNETIC LETTERS SET - WHITE - VWM Studio","og_description":"Magnetic Alphabet Set, upper case, with 70 characters for creative messaging. 5 cm magnetic letters for signage, shops. Combine sets for longer texts.","og_url":"https:\/\/vwmstudio.com\/de\/produkt\/magnetic-alphabeth-set-white\/","og_site_name":"VWM Studio","article_modified_time":"2026-03-16T13:43:23+00:00","og_image":[{"width":1707,"height":2560,"url":"https:\/\/vwmstudio.com\/wp-content\/uploads\/2025\/09\/VWM-studio-Magnetic-letters-set-Web3-scaled.webp","type":"image\/webp"}],"twitter_card":"summary_large_image","twitter_misc":{"Gesch\u00e4tzte Lesezeit":"1\u00a0Minute"},"schema":{"@context":"https:\/\/schema.org","@graph":[{"@type":"WebPage","@id":"https:\/\/vwmstudio.com\/produkt\/magnetic-alphabeth-set-white\/","url":"https:\/\/vwmstudio.com\/produkt\/magnetic-alphabeth-set-white\/","name":"MAGNETIC LETTERS SET - WHITE - VWM Studio","isPartOf":{"@id":"https:\/\/vwmstudio.com\/#website"},"primaryImageOfPage":{"@id":"https:\/\/vwmstudio.com\/produkt\/magnetic-alphabeth-set-white\/#primaryimage"},"image":{"@id":"https:\/\/vwmstudio.com\/produkt\/magnetic-alphabeth-set-white\/#primaryimage"},"thumbnailUrl":"https:\/\/vwmstudio.com\/wp-content\/uploads\/2025\/09\/VWM-studio-Magnetic-letters-set-Web3-scaled.webp","datePublished":"2025-12-12T13:27:41+00:00","dateModified":"2026-03-16T13:43:23+00:00","description":"Magnetic Alphabet Set, upper case, with 70 characters for creative messaging. 5 cm magnetic letters for signage, shops. Combine sets for longer texts.","breadcrumb":{"@id":"https:\/\/vwmstudio.com\/produkt\/magnetic-alphabeth-set-white\/#breadcrumb"},"inLanguage":"de","potentialAction":[{"@type":"ReadAction","target":["https:\/\/vwmstudio.com\/produkt\/magnetic-alphabeth-set-white\/"]}]},{"@type":"ImageObject","inLanguage":"de","@id":"https:\/\/vwmstudio.com\/produkt\/magnetic-alphabeth-set-white\/#primaryimage","url":"https:\/\/vwmstudio.com\/wp-content\/uploads\/2025\/09\/VWM-studio-Magnetic-letters-set-Web3-scaled.webp","contentUrl":"https:\/\/vwmstudio.com\/wp-content\/uploads\/2025\/09\/VWM-studio-Magnetic-letters-set-Web3-scaled.webp","width":1707,"height":2560},{"@type":"BreadcrumbList","@id":"https:\/\/vwmstudio.com\/produkt\/magnetic-alphabeth-set-white\/#breadcrumb","itemListElement":[{"@type":"ListItem","position":1,"name":"Home","item":"https:\/\/vwmstudio.com\/"},{"@type":"ListItem","position":2,"name":"Products","item":"https:\/\/vwmstudio.com\/products\/"},{"@type":"ListItem","position":3,"name":"MAGNETIC LETTERS SET &#8211; WHITE"}]},{"@type":"WebSite","@id":"https:\/\/vwmstudio.com\/#website","url":"https:\/\/vwmstudio.com\/","name":"VWM Signing","description":"","publisher":{"@id":"https:\/\/vwmstudio.com\/#organization"},"potentialAction":[{"@type":"SearchAction","target":{"@type":"EntryPoint","urlTemplate":"https:\/\/vwmstudio.com\/?s={search_term_string}"},"query-input":{"@type":"PropertyValueSpecification","valueRequired":true,"valueName":"search_term_string"}}],"inLanguage":"de"},{"@type":"Organization","@id":"https:\/\/vwmstudio.com\/#organization","name":"VWM Signing","url":"https:\/\/vwmstudio.com\/","logo":{"@type":"ImageObject","inLanguage":"de","@id":"https:\/\/vwmstudio.com\/#\/schema\/logo\/image\/","url":"https:\/\/vwmstudio.com\/wp-content\/uploads\/2023\/11\/VWMstudio_zwart.png","contentUrl":"https:\/\/vwmstudio.com\/wp-content\/uploads\/2023\/11\/VWMstudio_zwart.png","width":1280,"height":667,"caption":"VWM Signing"},"image":{"@id":"https:\/\/vwmstudio.com\/#\/schema\/logo\/image\/"}}]}},"_links":{"self":[{"href":"https:\/\/vwmstudio.com\/de\/wp-json\/wp\/v2\/product\/2210","targetHints":{"allow":["GET"]}}],"collection":[{"href":"https:\/\/vwmstudio.com\/de\/wp-json\/wp\/v2\/product"}],"about":[{"href":"https:\/\/vwmstudio.com\/de\/wp-json\/wp\/v2\/types\/product"}],"wp:featuredmedia":[{"embeddable":true,"href":"https:\/\/vwmstudio.com\/de\/wp-json\/wp\/v2\/media\/2217"}],"wp:attachment":[{"href":"https:\/\/vwmstudio.com\/de\/wp-json\/wp\/v2\/media?parent=2210"}],"wp:term":[{"taxonomy":"product_brand","embeddable":true,"href":"https:\/\/vwmstudio.com\/de\/wp-json\/wp\/v2\/product_brand?post=2210"},{"taxonomy":"product_cat","embeddable":true,"href":"https:\/\/vwmstudio.com\/de\/wp-json\/wp\/v2\/product_cat?post=2210"},{"taxonomy":"product_tag","embeddable":true,"href":"https:\/\/vwmstudio.com\/de\/wp-json\/wp\/v2\/product_tag?post=2210"}],"curies":[{"name":"wp","href":"https:\/\/api.w.org\/{rel}","templated":true}]}}