{"id":2208,"date":"2025-12-11T12:10:33","date_gmt":"2025-12-11T12:10:33","guid":{"rendered":"https:\/\/vwmstudio.com\/?post_type=product&#038;p=2208"},"modified":"2026-01-05T12:00:28","modified_gmt":"2026-01-05T12:00:28","slug":"magnetic-alphabeth-set-magnetic-near-black","status":"publish","type":"product","link":"https:\/\/vwmstudio.com\/de\/produkt\/magnetic-alphabeth-set-magnetic-near-black\/","title":{"rendered":"MAGNETISCHES BUCHSTABEN-SET \u2013 FAST SCHWARZ"},"content":{"rendered":"<p>Magnetisches Alphabet-Set f\u00fcr kreative Botschaften.<\/p>\n<p>Dieses magnetische Buchstabenset enth\u00e4lt 70 Zeichen und bietet dir die Flexibilit\u00e4t, eine Vielzahl von W\u00f6rtern und S\u00e4tzen f\u00fcr deine Beschilderung oder andere Bereiche zu gestalten. Jeder Buchstabe ist 5 cm hoch, gut lesbar und optisch auff\u00e4llig. Die enthaltenen Zeichen siehst du auf dem Produktbild. Was du siehst, ist auch das, was du bekommst.<\/p>\n<p>Tipp: Schreibe vor der Bestellung die gew\u00fcnschten Botschaften auf und pr\u00fcfe, ob ein Set gen\u00fcgend Buchstaben enth\u00e4lt. Du brauchst mehr? Die Sets lassen sich ganz einfach kombinieren f\u00fcr l\u00e4ngere Texte oder gr\u00f6\u00dfere Displays.<\/p>\n<p>Neben der Verwendung auf unseren Schildern eignet sich dieses magnetische Buchstabenset auch perfekt f\u00fcr K\u00fcchen, B\u00fcros, L\u00e4den oder kreative R\u00e4ume.  \u00dcberall dort, wo deine Botschaft auffallen soll.<\/p>\n<p>Auch erh\u00e4ltlich in strahlendem <a href=\"https:\/\/vwmstudio.com\/de\/produkt\/magnetic-alphabeth-set-white\/\">Wei\u00df<\/a>.<\/p>","protected":false},"excerpt":{"rendered":"<p>Dieses Buchstabenset macht es einfach, Ihre Botschaft jederzeit zu aktualisieren und anzupassen. Die Buchstaben sind extra d\u00fcnn gestaltet, damit sie sich nahtlos in Ihr Schild einf\u00fcgen, ganz ohne den typischen, klobigen Magnet-Look. Das Set wird mit einer fast schwarzen magnetischen Oberfl\u00e4che geliefert.<\/p>","protected":false},"featured_media":2220,"template":"","meta":{"inline_featured_image":false,"site-sidebar-layout":"default","site-content-layout":"","ast-site-content-layout":"default","site-content-style":"default","site-sidebar-style":"default","ast-global-header-display":"","ast-banner-title-visibility":"","ast-main-header-display":"","ast-hfb-above-header-display":"","ast-hfb-below-header-display":"","ast-hfb-mobile-header-display":"","site-post-title":"","ast-breadcrumbs-content":"","ast-featured-img":"","footer-sml-layout":"","ast-disable-related-posts":"","theme-transparent-header-meta":"default","adv-header-id-meta":"","stick-header-meta":"","header-above-stick-meta":"","header-main-stick-meta":"","header-below-stick-meta":"","astra-migrate-meta-layouts":"set","ast-page-background-enabled":"default","ast-page-background-meta":{"desktop":{"background-color":"var(--ast-global-color-4)","background-image":"","background-repeat":"repeat","background-position":"center center","background-size":"auto","background-attachment":"scroll","background-type":"","background-media":"","overlay-type":"","overlay-color":"","overlay-opacity":"","overlay-gradient":""},"tablet":{"background-color":"","background-image":"","background-repeat":"repeat","background-position":"center center","background-size":"auto","background-attachment":"scroll","background-type":"","background-media":"","overlay-type":"","overlay-color":"","overlay-opacity":"","overlay-gradient":""},"mobile":{"background-color":"","background-image":"","background-repeat":"repeat","background-position":"center center","background-size":"auto","background-attachment":"scroll","background-type":"","background-media":"","overlay-type":"","overlay-color":"","overlay-opacity":"","overlay-gradient":""}},"ast-content-background-meta":{"desktop":{"background-color":"var(--ast-global-color-5)","background-image":"","background-repeat":"repeat","background-position":"center center","background-size":"auto","background-attachment":"scroll","background-type":"","background-media":"","overlay-type":"","overlay-color":"","overlay-opacity":"","overlay-gradient":""},"tablet":{"background-color":"var(--ast-global-color-5)","background-image":"","background-repeat":"repeat","background-position":"center center","background-size":"auto","background-attachment":"scroll","background-type":"","background-media":"","overlay-type":"","overlay-color":"","overlay-opacity":"","overlay-gradient":""},"mobile":{"background-color":"var(--ast-global-color-5)","background-image":"","background-repeat":"repeat","background-position":"center center","background-size":"auto","background-attachment":"scroll","background-type":"","background-media":"","overlay-type":"","overlay-color":"","overlay-opacity":"","overlay-gradient":""}}},"product_brand":[],"product_cat":[16],"product_tag":[],"class_list":{"0":"post-2208","1":"product","2":"type-product","3":"status-publish","4":"has-post-thumbnail","6":"product_cat-okategoriserad","7":"product_shipping_class-small-parcel","8":"desktop-align-left","9":"tablet-align-left","10":"mobile-align-left","12":"first","13":"instock","14":"taxable","15":"shipping-taxable","16":"purchasable","17":"product-type-simple"},"yoast_head":"<!-- This site is optimized with the Yoast SEO plugin v27.5 - https:\/\/yoast.com\/product\/yoast-seo-wordpress\/ -->\n<title>MAGNETIC LETTERS SET - NEAR-BLACK - VWM Studio<\/title>\n<meta name=\"robots\" content=\"index, follow, max-snippet:-1, max-image-preview:large, max-video-preview:-1\" \/>\n<link rel=\"canonical\" href=\"https:\/\/vwmstudio.com\/de\/produkt\/magnetic-alphabeth-set-magnetic-near-black\/\" \/>\n<meta property=\"og:locale\" content=\"de_DE\" \/>\n<meta property=\"og:type\" content=\"article\" \/>\n<meta property=\"og:title\" content=\"MAGNETIC LETTERS SET - NEAR-BLACK - VWM Studio\" \/>\n<meta property=\"og:description\" content=\"This letter set makes it easy to update and adapt your message whenever you like. We\u2019ve crafted the letters extra thin so they blend seamlessly with your sign, without the bulky magnetic look. The letters come with a near-black magnetic finish.\" \/>\n<meta property=\"og:url\" content=\"https:\/\/vwmstudio.com\/de\/produkt\/magnetic-alphabeth-set-magnetic-near-black\/\" \/>\n<meta property=\"og:site_name\" content=\"VWM Studio\" \/>\n<meta property=\"article:modified_time\" content=\"2026-01-05T12:00:28+00:00\" \/>\n<meta property=\"og:image\" content=\"https:\/\/vwmstudio.com\/wp-content\/uploads\/2025\/09\/Magnetic-Letters-Set-Near-Black-scaled.webp\" \/>\n\t<meta property=\"og:image:width\" content=\"1707\" \/>\n\t<meta property=\"og:image:height\" content=\"2560\" \/>\n\t<meta property=\"og:image:type\" content=\"image\/webp\" \/>\n<meta name=\"twitter:card\" content=\"summary_large_image\" \/>\n<meta name=\"twitter:label1\" content=\"Gesch\u00e4tzte Lesezeit\" \/>\n\t<meta name=\"twitter:data1\" content=\"1\u00a0Minute\" \/>\n<script type=\"application\/ld+json\" class=\"yoast-schema-graph\">{\"@context\":\"https:\\\/\\\/schema.org\",\"@graph\":[{\"@type\":\"WebPage\",\"@id\":\"https:\\\/\\\/vwmstudio.com\\\/produkt\\\/magnetic-alphabeth-set-magnetic-near-black\\\/\",\"url\":\"https:\\\/\\\/vwmstudio.com\\\/produkt\\\/magnetic-alphabeth-set-magnetic-near-black\\\/\",\"name\":\"MAGNETIC LETTERS SET - NEAR-BLACK - VWM Studio\",\"isPartOf\":{\"@id\":\"https:\\\/\\\/vwmstudio.com\\\/#website\"},\"primaryImageOfPage\":{\"@id\":\"https:\\\/\\\/vwmstudio.com\\\/produkt\\\/magnetic-alphabeth-set-magnetic-near-black\\\/#primaryimage\"},\"image\":{\"@id\":\"https:\\\/\\\/vwmstudio.com\\\/produkt\\\/magnetic-alphabeth-set-magnetic-near-black\\\/#primaryimage\"},\"thumbnailUrl\":\"https:\\\/\\\/vwmstudio.com\\\/wp-content\\\/uploads\\\/2025\\\/09\\\/Magnetic-Letters-Set-Near-Black-scaled.webp\",\"datePublished\":\"2025-12-11T12:10:33+00:00\",\"dateModified\":\"2026-01-05T12:00:28+00:00\",\"breadcrumb\":{\"@id\":\"https:\\\/\\\/vwmstudio.com\\\/produkt\\\/magnetic-alphabeth-set-magnetic-near-black\\\/#breadcrumb\"},\"inLanguage\":\"de\",\"potentialAction\":[{\"@type\":\"ReadAction\",\"target\":[\"https:\\\/\\\/vwmstudio.com\\\/produkt\\\/magnetic-alphabeth-set-magnetic-near-black\\\/\"]}]},{\"@type\":\"ImageObject\",\"inLanguage\":\"de\",\"@id\":\"https:\\\/\\\/vwmstudio.com\\\/produkt\\\/magnetic-alphabeth-set-magnetic-near-black\\\/#primaryimage\",\"url\":\"https:\\\/\\\/vwmstudio.com\\\/wp-content\\\/uploads\\\/2025\\\/09\\\/Magnetic-Letters-Set-Near-Black-scaled.webp\",\"contentUrl\":\"https:\\\/\\\/vwmstudio.com\\\/wp-content\\\/uploads\\\/2025\\\/09\\\/Magnetic-Letters-Set-Near-Black-scaled.webp\",\"width\":1707,\"height\":2560},{\"@type\":\"BreadcrumbList\",\"@id\":\"https:\\\/\\\/vwmstudio.com\\\/produkt\\\/magnetic-alphabeth-set-magnetic-near-black\\\/#breadcrumb\",\"itemListElement\":[{\"@type\":\"ListItem\",\"position\":1,\"name\":\"Home\",\"item\":\"https:\\\/\\\/vwmstudio.com\\\/\"},{\"@type\":\"ListItem\",\"position\":2,\"name\":\"Products\",\"item\":\"https:\\\/\\\/vwmstudio.com\\\/products\\\/\"},{\"@type\":\"ListItem\",\"position\":3,\"name\":\"MAGNETIC LETTERS SET &#8211; NEAR-BLACK\"}]},{\"@type\":\"WebSite\",\"@id\":\"https:\\\/\\\/vwmstudio.com\\\/#website\",\"url\":\"https:\\\/\\\/vwmstudio.com\\\/\",\"name\":\"VWM Signing\",\"description\":\"\",\"publisher\":{\"@id\":\"https:\\\/\\\/vwmstudio.com\\\/#organization\"},\"potentialAction\":[{\"@type\":\"SearchAction\",\"target\":{\"@type\":\"EntryPoint\",\"urlTemplate\":\"https:\\\/\\\/vwmstudio.com\\\/?s={search_term_string}\"},\"query-input\":{\"@type\":\"PropertyValueSpecification\",\"valueRequired\":true,\"valueName\":\"search_term_string\"}}],\"inLanguage\":\"de\"},{\"@type\":\"Organization\",\"@id\":\"https:\\\/\\\/vwmstudio.com\\\/#organization\",\"name\":\"VWM Signing\",\"url\":\"https:\\\/\\\/vwmstudio.com\\\/\",\"logo\":{\"@type\":\"ImageObject\",\"inLanguage\":\"de\",\"@id\":\"https:\\\/\\\/vwmstudio.com\\\/#\\\/schema\\\/logo\\\/image\\\/\",\"url\":\"https:\\\/\\\/vwmstudio.com\\\/wp-content\\\/uploads\\\/2023\\\/11\\\/VWMstudio_zwart.png\",\"contentUrl\":\"https:\\\/\\\/vwmstudio.com\\\/wp-content\\\/uploads\\\/2023\\\/11\\\/VWMstudio_zwart.png\",\"width\":1280,\"height\":667,\"caption\":\"VWM Signing\"},\"image\":{\"@id\":\"https:\\\/\\\/vwmstudio.com\\\/#\\\/schema\\\/logo\\\/image\\\/\"}}]}<\/script>\n<!-- \/ Yoast SEO plugin. -->","yoast_head_json":{"title":"MAGNETIC LETTERS SET - NEAR-BLACK - VWM Studio","robots":{"index":"index","follow":"follow","max-snippet":"max-snippet:-1","max-image-preview":"max-image-preview:large","max-video-preview":"max-video-preview:-1"},"canonical":"https:\/\/vwmstudio.com\/de\/produkt\/magnetic-alphabeth-set-magnetic-near-black\/","og_locale":"de_DE","og_type":"article","og_title":"MAGNETIC LETTERS SET - NEAR-BLACK - VWM Studio","og_description":"This letter set makes it easy to update and adapt your message whenever you like. We\u2019ve crafted the letters extra thin so they blend seamlessly with your sign, without the bulky magnetic look. The letters come with a near-black magnetic finish.","og_url":"https:\/\/vwmstudio.com\/de\/produkt\/magnetic-alphabeth-set-magnetic-near-black\/","og_site_name":"VWM Studio","article_modified_time":"2026-01-05T12:00:28+00:00","og_image":[{"width":1707,"height":2560,"url":"https:\/\/vwmstudio.com\/wp-content\/uploads\/2025\/09\/Magnetic-Letters-Set-Near-Black-scaled.webp","type":"image\/webp"}],"twitter_card":"summary_large_image","twitter_misc":{"Gesch\u00e4tzte Lesezeit":"1\u00a0Minute"},"schema":{"@context":"https:\/\/schema.org","@graph":[{"@type":"WebPage","@id":"https:\/\/vwmstudio.com\/produkt\/magnetic-alphabeth-set-magnetic-near-black\/","url":"https:\/\/vwmstudio.com\/produkt\/magnetic-alphabeth-set-magnetic-near-black\/","name":"MAGNETIC LETTERS SET - NEAR-BLACK - VWM Studio","isPartOf":{"@id":"https:\/\/vwmstudio.com\/#website"},"primaryImageOfPage":{"@id":"https:\/\/vwmstudio.com\/produkt\/magnetic-alphabeth-set-magnetic-near-black\/#primaryimage"},"image":{"@id":"https:\/\/vwmstudio.com\/produkt\/magnetic-alphabeth-set-magnetic-near-black\/#primaryimage"},"thumbnailUrl":"https:\/\/vwmstudio.com\/wp-content\/uploads\/2025\/09\/Magnetic-Letters-Set-Near-Black-scaled.webp","datePublished":"2025-12-11T12:10:33+00:00","dateModified":"2026-01-05T12:00:28+00:00","breadcrumb":{"@id":"https:\/\/vwmstudio.com\/produkt\/magnetic-alphabeth-set-magnetic-near-black\/#breadcrumb"},"inLanguage":"de","potentialAction":[{"@type":"ReadAction","target":["https:\/\/vwmstudio.com\/produkt\/magnetic-alphabeth-set-magnetic-near-black\/"]}]},{"@type":"ImageObject","inLanguage":"de","@id":"https:\/\/vwmstudio.com\/produkt\/magnetic-alphabeth-set-magnetic-near-black\/#primaryimage","url":"https:\/\/vwmstudio.com\/wp-content\/uploads\/2025\/09\/Magnetic-Letters-Set-Near-Black-scaled.webp","contentUrl":"https:\/\/vwmstudio.com\/wp-content\/uploads\/2025\/09\/Magnetic-Letters-Set-Near-Black-scaled.webp","width":1707,"height":2560},{"@type":"BreadcrumbList","@id":"https:\/\/vwmstudio.com\/produkt\/magnetic-alphabeth-set-magnetic-near-black\/#breadcrumb","itemListElement":[{"@type":"ListItem","position":1,"name":"Home","item":"https:\/\/vwmstudio.com\/"},{"@type":"ListItem","position":2,"name":"Products","item":"https:\/\/vwmstudio.com\/products\/"},{"@type":"ListItem","position":3,"name":"MAGNETIC LETTERS SET &#8211; NEAR-BLACK"}]},{"@type":"WebSite","@id":"https:\/\/vwmstudio.com\/#website","url":"https:\/\/vwmstudio.com\/","name":"VWM Signing","description":"","publisher":{"@id":"https:\/\/vwmstudio.com\/#organization"},"potentialAction":[{"@type":"SearchAction","target":{"@type":"EntryPoint","urlTemplate":"https:\/\/vwmstudio.com\/?s={search_term_string}"},"query-input":{"@type":"PropertyValueSpecification","valueRequired":true,"valueName":"search_term_string"}}],"inLanguage":"de"},{"@type":"Organization","@id":"https:\/\/vwmstudio.com\/#organization","name":"VWM Signing","url":"https:\/\/vwmstudio.com\/","logo":{"@type":"ImageObject","inLanguage":"de","@id":"https:\/\/vwmstudio.com\/#\/schema\/logo\/image\/","url":"https:\/\/vwmstudio.com\/wp-content\/uploads\/2023\/11\/VWMstudio_zwart.png","contentUrl":"https:\/\/vwmstudio.com\/wp-content\/uploads\/2023\/11\/VWMstudio_zwart.png","width":1280,"height":667,"caption":"VWM Signing"},"image":{"@id":"https:\/\/vwmstudio.com\/#\/schema\/logo\/image\/"}}]}},"_links":{"self":[{"href":"https:\/\/vwmstudio.com\/de\/wp-json\/wp\/v2\/product\/2208","targetHints":{"allow":["GET"]}}],"collection":[{"href":"https:\/\/vwmstudio.com\/de\/wp-json\/wp\/v2\/product"}],"about":[{"href":"https:\/\/vwmstudio.com\/de\/wp-json\/wp\/v2\/types\/product"}],"wp:featuredmedia":[{"embeddable":true,"href":"https:\/\/vwmstudio.com\/de\/wp-json\/wp\/v2\/media\/2220"}],"wp:attachment":[{"href":"https:\/\/vwmstudio.com\/de\/wp-json\/wp\/v2\/media?parent=2208"}],"wp:term":[{"taxonomy":"product_brand","embeddable":true,"href":"https:\/\/vwmstudio.com\/de\/wp-json\/wp\/v2\/product_brand?post=2208"},{"taxonomy":"product_cat","embeddable":true,"href":"https:\/\/vwmstudio.com\/de\/wp-json\/wp\/v2\/product_cat?post=2208"},{"taxonomy":"product_tag","embeddable":true,"href":"https:\/\/vwmstudio.com\/de\/wp-json\/wp\/v2\/product_tag?post=2208"}],"curies":[{"name":"wp","href":"https:\/\/api.w.org\/{rel}","templated":true}]}}