{"id":1640,"date":"2025-02-25T13:45:32","date_gmt":"2025-02-25T13:45:32","guid":{"rendered":"https:\/\/vwmstudio.com\/?post_type=product&#038;p=1640"},"modified":"2025-11-20T12:39:50","modified_gmt":"2025-11-20T12:39:50","slug":"wall-sign-black","status":"publish","type":"product","link":"https:\/\/vwmstudio.com\/de\/produkt\/wall-sign-black\/","title":{"rendered":"WALL SIGN &#8211; BLACK"},"content":{"rendered":"<p>Wall sign for Outdoor and Indoor Use \u2013 Customizable Wall Sign.<\/p>\n<p>Langlebiges &amp; windfestes Design:<br \/>\nThis hanging wall sign is built with a powder-coated display sheet and treated oak bar, making it perfect for both outdoor and indoor use.<\/p>\n<p>Compact &amp; easy to install:<br \/>\nThis wall sign is easy to install by attaching the mounting brackets to your wall. Simply place the oak bar on the brackets to place the sign. Measure 37cm between the center of the holes.<\/p>\n<p>Farben:<br \/>\nAlso available in white, pink and blue. The oak bar is available in natural and charcoal-finished oak.<br \/>\nSuchen Sie nach der RAL Classic -Farbe, die f\u00fcr Ihr Unternehmen charakteristisch ist? Kontaktieren Sie uns, um Verf\u00fcgbarkeit und Preise zu \u00fcberpr\u00fcfen. Senden Sie eine Anfrage. <a href=\"mailto:info@vwmstudio.com\">Senden Sie eine Anfrage.<\/a><\/p>\n<p>Ma\u00dfe:<br \/>\nSheet \u2013 45 x 60 cm.<br \/>\nSheet and wooden bar: 69 x 50 x 4,5 cm.<\/p>\n<p>Gewicht:<br \/>\n5 kg.<\/p>\n<p>Personalize the wall sign:<br \/>\nThe steel display sheet is compatible with stickers, liquid chalk marker, magnetic posters and magnetic letters, making it easy to update your message. Magnetic options are available for purchase at online print stores.<\/p>\n<p>Important Note: If you use liquid chalk marker on this wall sign and leave the text on it for a while, removal may be difficult.<\/p>\n<p data-start=\"42\" data-end=\"224\" class=\"translation-block\">Aufkleberservice:<br>\nSenden Sie uns zur Erstellung bitte eine vektorisierte PDF-Datei Ihres Designs mit einer Mindestlinienst\u00e4rke von 2\u202fmm. Wir pr\u00fcfen die Datei und senden Ihnen ein Angebot sowie ein Beispielbild mit Ihrem Design auf dem Schild.<\/p>\n<p data-start=\"226\" data-end=\"465\">Need help creating your design or deciding what to write on your wall sign? No problem! Our graphic design assistance is available at \u20ac27.50 per half hour to help you find the perfect solution. Feel free to reach out to us for support.<\/p>\n<p class=\"translation-block\">Bestellen Sie Aufkleber selbst:<br> \nAchten Sie bei Online-Bestellungen darauf, dass die Aufkleber f\u00fcr den Au\u00dfenbereich geeignet sind, eine hohe Klebekraft haben und Ihr Design eine Linienbreite von mindestens 2\u202fmm aufweist.<\/p>\n<p class=\"translation-block\">Lieferzeiten:<br> \nDE: 5\u20139 Tage, SE: 3\u20135 Tage, NL: 5\u20138 Tage, BE: 5\u20139 Tage, DK: 3\u20135 Tage, FR: 5\u20139 Tage. Andere L\u00e4nder: bitte kontaktieren Sie uns, wenn nicht angegeben.<\/p>\n<p class=\"translation-block\">Versandinformation:<br> \nDerzeit bieten wir den Versand dieses Produkts ausschlie\u00dflich innerhalb der EU an.<\/p>\n<p>&nbsp;<\/p>","protected":false},"excerpt":{"rendered":"<p data-start=\"257\" data-end=\"370\">Make your message stand out with this designer wall sign, crafted for impactful display both indoors and out.<\/p>\n<p data-start=\"372\" data-end=\"780\">This premium steel wall sign, featuring a handcrafted oak handle, offers a stylish and durable way to showcase your message. Whether you&#8217;re highlighting a logo or sharing important information, its distinctive design naturally draws attention. Perfect for use behind counters or in any space where you want to leave a thoughtful note for customers, it also creates a cohesive look when displayed in a series.<\/p>\n<p data-start=\"782\" data-end=\"1025\">Personalizing your sign is simple with a liquid chalk marker, magnetic letters, magnetic posters, or our custom sticker service. Once your package arrives, set up is quick. Just mount it to the wall and start sharing your message with ease. Have a look at our <a href=\"https:\/\/vwmstudio.com\/de\/produkt\/stickered-sidewalk-sign\/\">sticker service here.\u00a0<\/a><\/p>\n<p>Um den f\u00fcr Sie zutreffenden Mehrwertsteuersatz anzuzeigen, w\u00e4hlen Sie bitte beim Checkout das richtige Land aus.<\/p>\n<p>\u00a9 Copyright VWM studio<\/p>\n<p>&nbsp;<\/p>\n<p>&nbsp;<\/p>","protected":false},"featured_media":1883,"template":"","meta":{"inline_featured_image":false,"site-sidebar-layout":"default","site-content-layout":"","ast-site-content-layout":"default","site-content-style":"default","site-sidebar-style":"default","ast-global-header-display":"","ast-banner-title-visibility":"","ast-main-header-display":"","ast-hfb-above-header-display":"","ast-hfb-below-header-display":"","ast-hfb-mobile-header-display":"","site-post-title":"","ast-breadcrumbs-content":"","ast-featured-img":"","footer-sml-layout":"","ast-disable-related-posts":"","theme-transparent-header-meta":"default","adv-header-id-meta":"","stick-header-meta":"","header-above-stick-meta":"","header-main-stick-meta":"","header-below-stick-meta":"","astra-migrate-meta-layouts":"set","ast-page-background-enabled":"default","ast-page-background-meta":{"desktop":{"background-color":"var(--ast-global-color-4)","background-image":"","background-repeat":"repeat","background-position":"center center","background-size":"auto","background-attachment":"scroll","background-type":"","background-media":"","overlay-type":"","overlay-color":"","overlay-opacity":"","overlay-gradient":""},"tablet":{"background-color":"","background-image":"","background-repeat":"repeat","background-position":"center center","background-size":"auto","background-attachment":"scroll","background-type":"","background-media":"","overlay-type":"","overlay-color":"","overlay-opacity":"","overlay-gradient":""},"mobile":{"background-color":"","background-image":"","background-repeat":"repeat","background-position":"center center","background-size":"auto","background-attachment":"scroll","background-type":"","background-media":"","overlay-type":"","overlay-color":"","overlay-opacity":"","overlay-gradient":""}},"ast-content-background-meta":{"desktop":{"background-color":"var(--ast-global-color-5)","background-image":"","background-repeat":"repeat","background-position":"center center","background-size":"auto","background-attachment":"scroll","background-type":"","background-media":"","overlay-type":"","overlay-color":"","overlay-opacity":"","overlay-gradient":""},"tablet":{"background-color":"var(--ast-global-color-5)","background-image":"","background-repeat":"repeat","background-position":"center center","background-size":"auto","background-attachment":"scroll","background-type":"","background-media":"","overlay-type":"","overlay-color":"","overlay-opacity":"","overlay-gradient":""},"mobile":{"background-color":"var(--ast-global-color-5)","background-image":"","background-repeat":"repeat","background-position":"center center","background-size":"auto","background-attachment":"scroll","background-type":"","background-media":"","overlay-type":"","overlay-color":"","overlay-opacity":"","overlay-gradient":""}}},"product_brand":[],"product_cat":[16],"product_tag":[73,71,74,72,66],"class_list":{"0":"post-1640","1":"product","2":"type-product","3":"status-publish","4":"has-post-thumbnail","6":"product_cat-okategoriserad","7":"product_tag-hanging-sign","8":"product_tag-menu-sign","9":"product_tag-outdoor-sign","10":"product_tag-store-sign","11":"product_tag-wall-sign","12":"product_shipping_class-sign-shipping","13":"desktop-align-left","14":"tablet-align-left","15":"mobile-align-left","17":"first","18":"instock","19":"taxable","20":"shipping-taxable","21":"purchasable","22":"product-type-simple"},"yoast_head":"<!-- This site is optimized with the Yoast SEO plugin v27.5 - https:\/\/yoast.com\/product\/yoast-seo-wordpress\/ -->\n<title>WALL SIGN - BLACK - VWM Studio<\/title>\n<meta name=\"description\" content=\"This design wall sign, complete with a handcrafted oak handle, is the perfect way to display your message. A true eye-catching piece.\" \/>\n<meta name=\"robots\" content=\"index, follow, max-snippet:-1, max-image-preview:large, max-video-preview:-1\" \/>\n<link rel=\"canonical\" href=\"https:\/\/vwmstudio.com\/de\/produkt\/wall-sign-black\/\" \/>\n<meta property=\"og:locale\" content=\"de_DE\" \/>\n<meta property=\"og:type\" content=\"article\" \/>\n<meta property=\"og:title\" content=\"WALL SIGN - BLACK - VWM Studio\" \/>\n<meta property=\"og:description\" content=\"This design wall sign, complete with a handcrafted oak handle, is the perfect way to display your message. A true eye-catching piece.\" \/>\n<meta property=\"og:url\" content=\"https:\/\/vwmstudio.com\/de\/produkt\/wall-sign-black\/\" \/>\n<meta property=\"og:site_name\" content=\"VWM Studio\" \/>\n<meta property=\"article:modified_time\" content=\"2025-11-20T12:39:50+00:00\" \/>\n<meta property=\"og:image\" content=\"https:\/\/vwmstudio.com\/wp-content\/uploads\/2025\/02\/VWMstudio-Wall-Sign-Web3.webp\" \/>\n\t<meta property=\"og:image:width\" content=\"1042\" \/>\n\t<meta property=\"og:image:height\" content=\"1563\" \/>\n\t<meta property=\"og:image:type\" content=\"image\/webp\" \/>\n<meta name=\"twitter:card\" content=\"summary_large_image\" \/>\n<meta name=\"twitter:label1\" content=\"Gesch\u00e4tzte Lesezeit\" \/>\n\t<meta name=\"twitter:data1\" content=\"2\u00a0Minuten\" \/>\n<script type=\"application\/ld+json\" class=\"yoast-schema-graph\">{\"@context\":\"https:\\\/\\\/schema.org\",\"@graph\":[{\"@type\":\"WebPage\",\"@id\":\"https:\\\/\\\/vwmstudio.com\\\/produkt\\\/wall-sign-black\\\/\",\"url\":\"https:\\\/\\\/vwmstudio.com\\\/produkt\\\/wall-sign-black\\\/\",\"name\":\"WALL SIGN - BLACK - VWM Studio\",\"isPartOf\":{\"@id\":\"https:\\\/\\\/vwmstudio.com\\\/#website\"},\"primaryImageOfPage\":{\"@id\":\"https:\\\/\\\/vwmstudio.com\\\/produkt\\\/wall-sign-black\\\/#primaryimage\"},\"image\":{\"@id\":\"https:\\\/\\\/vwmstudio.com\\\/produkt\\\/wall-sign-black\\\/#primaryimage\"},\"thumbnailUrl\":\"https:\\\/\\\/vwmstudio.com\\\/wp-content\\\/uploads\\\/2025\\\/02\\\/VWMstudio-Wall-Sign-Web3.webp\",\"datePublished\":\"2025-02-25T13:45:32+00:00\",\"dateModified\":\"2025-11-20T12:39:50+00:00\",\"description\":\"This design wall sign, complete with a handcrafted oak handle, is the perfect way to display your message. A true eye-catching piece.\",\"breadcrumb\":{\"@id\":\"https:\\\/\\\/vwmstudio.com\\\/produkt\\\/wall-sign-black\\\/#breadcrumb\"},\"inLanguage\":\"de\",\"potentialAction\":[{\"@type\":\"ReadAction\",\"target\":[\"https:\\\/\\\/vwmstudio.com\\\/produkt\\\/wall-sign-black\\\/\"]}]},{\"@type\":\"ImageObject\",\"inLanguage\":\"de\",\"@id\":\"https:\\\/\\\/vwmstudio.com\\\/produkt\\\/wall-sign-black\\\/#primaryimage\",\"url\":\"https:\\\/\\\/vwmstudio.com\\\/wp-content\\\/uploads\\\/2025\\\/02\\\/VWMstudio-Wall-Sign-Web3.webp\",\"contentUrl\":\"https:\\\/\\\/vwmstudio.com\\\/wp-content\\\/uploads\\\/2025\\\/02\\\/VWMstudio-Wall-Sign-Web3.webp\",\"width\":1042,\"height\":1563},{\"@type\":\"BreadcrumbList\",\"@id\":\"https:\\\/\\\/vwmstudio.com\\\/produkt\\\/wall-sign-black\\\/#breadcrumb\",\"itemListElement\":[{\"@type\":\"ListItem\",\"position\":1,\"name\":\"Home\",\"item\":\"https:\\\/\\\/vwmstudio.com\\\/\"},{\"@type\":\"ListItem\",\"position\":2,\"name\":\"Products\",\"item\":\"https:\\\/\\\/vwmstudio.com\\\/products\\\/\"},{\"@type\":\"ListItem\",\"position\":3,\"name\":\"WALL SIGN &#8211; BLACK\"}]},{\"@type\":\"WebSite\",\"@id\":\"https:\\\/\\\/vwmstudio.com\\\/#website\",\"url\":\"https:\\\/\\\/vwmstudio.com\\\/\",\"name\":\"VWM Signing\",\"description\":\"\",\"publisher\":{\"@id\":\"https:\\\/\\\/vwmstudio.com\\\/#organization\"},\"potentialAction\":[{\"@type\":\"SearchAction\",\"target\":{\"@type\":\"EntryPoint\",\"urlTemplate\":\"https:\\\/\\\/vwmstudio.com\\\/?s={search_term_string}\"},\"query-input\":{\"@type\":\"PropertyValueSpecification\",\"valueRequired\":true,\"valueName\":\"search_term_string\"}}],\"inLanguage\":\"de\"},{\"@type\":\"Organization\",\"@id\":\"https:\\\/\\\/vwmstudio.com\\\/#organization\",\"name\":\"VWM Signing\",\"url\":\"https:\\\/\\\/vwmstudio.com\\\/\",\"logo\":{\"@type\":\"ImageObject\",\"inLanguage\":\"de\",\"@id\":\"https:\\\/\\\/vwmstudio.com\\\/#\\\/schema\\\/logo\\\/image\\\/\",\"url\":\"https:\\\/\\\/vwmstudio.com\\\/wp-content\\\/uploads\\\/2023\\\/11\\\/VWMstudio_zwart.png\",\"contentUrl\":\"https:\\\/\\\/vwmstudio.com\\\/wp-content\\\/uploads\\\/2023\\\/11\\\/VWMstudio_zwart.png\",\"width\":1280,\"height\":667,\"caption\":\"VWM Signing\"},\"image\":{\"@id\":\"https:\\\/\\\/vwmstudio.com\\\/#\\\/schema\\\/logo\\\/image\\\/\"}}]}<\/script>\n<!-- \/ Yoast SEO plugin. -->","yoast_head_json":{"title":"WALL SIGN - BLACK - VWM Studio","description":"This design wall sign, complete with a handcrafted oak handle, is the perfect way to display your message. A true eye-catching piece.","robots":{"index":"index","follow":"follow","max-snippet":"max-snippet:-1","max-image-preview":"max-image-preview:large","max-video-preview":"max-video-preview:-1"},"canonical":"https:\/\/vwmstudio.com\/de\/produkt\/wall-sign-black\/","og_locale":"de_DE","og_type":"article","og_title":"WALL SIGN - BLACK - VWM Studio","og_description":"This design wall sign, complete with a handcrafted oak handle, is the perfect way to display your message. A true eye-catching piece.","og_url":"https:\/\/vwmstudio.com\/de\/produkt\/wall-sign-black\/","og_site_name":"VWM Studio","article_modified_time":"2025-11-20T12:39:50+00:00","og_image":[{"width":1042,"height":1563,"url":"https:\/\/vwmstudio.com\/wp-content\/uploads\/2025\/02\/VWMstudio-Wall-Sign-Web3.webp","type":"image\/webp"}],"twitter_card":"summary_large_image","twitter_misc":{"Gesch\u00e4tzte Lesezeit":"2\u00a0Minuten"},"schema":{"@context":"https:\/\/schema.org","@graph":[{"@type":"WebPage","@id":"https:\/\/vwmstudio.com\/produkt\/wall-sign-black\/","url":"https:\/\/vwmstudio.com\/produkt\/wall-sign-black\/","name":"WALL SIGN - BLACK - VWM Studio","isPartOf":{"@id":"https:\/\/vwmstudio.com\/#website"},"primaryImageOfPage":{"@id":"https:\/\/vwmstudio.com\/produkt\/wall-sign-black\/#primaryimage"},"image":{"@id":"https:\/\/vwmstudio.com\/produkt\/wall-sign-black\/#primaryimage"},"thumbnailUrl":"https:\/\/vwmstudio.com\/wp-content\/uploads\/2025\/02\/VWMstudio-Wall-Sign-Web3.webp","datePublished":"2025-02-25T13:45:32+00:00","dateModified":"2025-11-20T12:39:50+00:00","description":"This design wall sign, complete with a handcrafted oak handle, is the perfect way to display your message. A true eye-catching piece.","breadcrumb":{"@id":"https:\/\/vwmstudio.com\/produkt\/wall-sign-black\/#breadcrumb"},"inLanguage":"de","potentialAction":[{"@type":"ReadAction","target":["https:\/\/vwmstudio.com\/produkt\/wall-sign-black\/"]}]},{"@type":"ImageObject","inLanguage":"de","@id":"https:\/\/vwmstudio.com\/produkt\/wall-sign-black\/#primaryimage","url":"https:\/\/vwmstudio.com\/wp-content\/uploads\/2025\/02\/VWMstudio-Wall-Sign-Web3.webp","contentUrl":"https:\/\/vwmstudio.com\/wp-content\/uploads\/2025\/02\/VWMstudio-Wall-Sign-Web3.webp","width":1042,"height":1563},{"@type":"BreadcrumbList","@id":"https:\/\/vwmstudio.com\/produkt\/wall-sign-black\/#breadcrumb","itemListElement":[{"@type":"ListItem","position":1,"name":"Home","item":"https:\/\/vwmstudio.com\/"},{"@type":"ListItem","position":2,"name":"Products","item":"https:\/\/vwmstudio.com\/products\/"},{"@type":"ListItem","position":3,"name":"WALL SIGN &#8211; BLACK"}]},{"@type":"WebSite","@id":"https:\/\/vwmstudio.com\/#website","url":"https:\/\/vwmstudio.com\/","name":"VWM Signing","description":"","publisher":{"@id":"https:\/\/vwmstudio.com\/#organization"},"potentialAction":[{"@type":"SearchAction","target":{"@type":"EntryPoint","urlTemplate":"https:\/\/vwmstudio.com\/?s={search_term_string}"},"query-input":{"@type":"PropertyValueSpecification","valueRequired":true,"valueName":"search_term_string"}}],"inLanguage":"de"},{"@type":"Organization","@id":"https:\/\/vwmstudio.com\/#organization","name":"VWM Signing","url":"https:\/\/vwmstudio.com\/","logo":{"@type":"ImageObject","inLanguage":"de","@id":"https:\/\/vwmstudio.com\/#\/schema\/logo\/image\/","url":"https:\/\/vwmstudio.com\/wp-content\/uploads\/2023\/11\/VWMstudio_zwart.png","contentUrl":"https:\/\/vwmstudio.com\/wp-content\/uploads\/2023\/11\/VWMstudio_zwart.png","width":1280,"height":667,"caption":"VWM Signing"},"image":{"@id":"https:\/\/vwmstudio.com\/#\/schema\/logo\/image\/"}}]}},"_links":{"self":[{"href":"https:\/\/vwmstudio.com\/de\/wp-json\/wp\/v2\/product\/1640","targetHints":{"allow":["GET"]}}],"collection":[{"href":"https:\/\/vwmstudio.com\/de\/wp-json\/wp\/v2\/product"}],"about":[{"href":"https:\/\/vwmstudio.com\/de\/wp-json\/wp\/v2\/types\/product"}],"wp:featuredmedia":[{"embeddable":true,"href":"https:\/\/vwmstudio.com\/de\/wp-json\/wp\/v2\/media\/1883"}],"wp:attachment":[{"href":"https:\/\/vwmstudio.com\/de\/wp-json\/wp\/v2\/media?parent=1640"}],"wp:term":[{"taxonomy":"product_brand","embeddable":true,"href":"https:\/\/vwmstudio.com\/de\/wp-json\/wp\/v2\/product_brand?post=1640"},{"taxonomy":"product_cat","embeddable":true,"href":"https:\/\/vwmstudio.com\/de\/wp-json\/wp\/v2\/product_cat?post=1640"},{"taxonomy":"product_tag","embeddable":true,"href":"https:\/\/vwmstudio.com\/de\/wp-json\/wp\/v2\/product_tag?post=1640"}],"curies":[{"name":"wp","href":"https:\/\/api.w.org\/{rel}","templated":true}]}}