{"id":1606,"date":"2025-02-10T15:57:29","date_gmt":"2025-02-10T15:57:29","guid":{"rendered":"https:\/\/vwmstudio.com\/?post_type=product&#038;p=1606"},"modified":"2025-11-20T12:40:21","modified_gmt":"2025-11-20T12:40:21","slug":"wall-sign","status":"publish","type":"product","link":"https:\/\/vwmstudio.com\/de\/produkt\/wall-sign\/","title":{"rendered":"WALL SIGN &#8211; WHITE"},"content":{"rendered":"<p>Wall sign for Outdoor and Indoor Use \u2013 Customizable Wall Sign.<\/p>\n<p>Langlebiges &amp; windfestes Design:<br \/>\nThis hanging wall sign is built with a powder-coated display sheet and treated oak bar, making it perfect for both outdoor and indoor use.<\/p>\n<p>Compact &amp; easy to install:<br \/>\nThis wall sign is easy to install by attaching the mounting brackets to your wall. Simply place the oak bar on the brackets to place the sign. Measure 37cm between the center of the holes.<\/p>\n<p>Farben:<br \/>\nAlso available in black and white. The oak bar is available in natural and charcoal-finished oak.<br \/>\nSuchen Sie nach der RAL Classic -Farbe, die f\u00fcr Ihr Unternehmen charakteristisch ist? Kontaktieren Sie uns, um Verf\u00fcgbarkeit und Preise zu \u00fcberpr\u00fcfen. Senden Sie eine Anfrage. <a href=\"mailto:info@vwmstudio.com\">Senden Sie eine Anfrage.<\/a><\/p>\n<p>Ma\u00dfe:<br \/>\nSheet \u2013 45 x 60 cm.<br \/>\nSheet and wooden bar: 69 x 50 x 4,5 cm.<\/p>\n<p>Gewicht:<br \/>\n5 kg.<\/p>\n<p>Personalize the wall sign:<br \/>\nThe steel display sheet is compatible with stickers, magnetic posters and magnetic letters, making it easy to update your message. Magnetic options are available for purchase at online print stores.<\/p>\n<p data-start=\"42\" data-end=\"224\" class=\"translation-block\">Aufkleberservice:<br>\nSenden Sie uns zur Erstellung bitte eine vektorisierte PDF-Datei Ihres Designs mit einer Mindestlinienst\u00e4rke von 2\u202fmm. Wir pr\u00fcfen die Datei und senden Ihnen ein Angebot sowie ein Beispielbild mit Ihrem Design auf dem Schild.<\/p>\n<p data-start=\"226\" data-end=\"465\">Need help creating your design or deciding what to write on your wall sign? No problem! Our graphic design assistance is available at \u20ac27.50 per half hour to help you find the perfect solution. Feel free to reach out to us for support.<\/p>\n<p class=\"translation-block\">Bestellen Sie Aufkleber selbst:<br> \nAchten Sie bei Online-Bestellungen darauf, dass die Aufkleber f\u00fcr den Au\u00dfenbereich geeignet sind, eine hohe Klebekraft haben und Ihr Design eine Linienbreite von mindestens 2\u202fmm aufweist.<\/p>\n<p class=\"translation-block\">Lieferzeiten:<br> \nDE: 5\u20139 Tage, SE: 3\u20135 Tage, NL: 5\u20138 Tage, BE: 5\u20139 Tage, DK: 3\u20135 Tage, FR: 5\u20139 Tage. Andere L\u00e4nder: bitte kontaktieren Sie uns, wenn nicht angegeben.<\/p>\n<p class=\"translation-block\">Versandinformation:<br> \nDerzeit bieten wir den Versand dieses Produkts ausschlie\u00dflich innerhalb der EU an.<\/p>","protected":false},"excerpt":{"rendered":"<p class=\"\" data-start=\"58\" data-end=\"135\">Elevate Your Branding with Our Steel Wall Sign for in and outdoor use.<\/p>\n<p data-start=\"58\" data-end=\"135\">This high-quality steel wall sign, complete with a handcrafted oak handle, is the perfect way to display your message. Whether showcasing your logo or sharing information, its eye-catching design is sure to grab attention. Ideal for placement behind counters or in any area where you want to leave a personal note for your customers, it\u2019s also great for creating a cohesive look when hanging multiple signs together.<\/p>\n<p class=\"\" data-start=\"369\" data-end=\"527\">Personalizing your sign is easy with magnetic letters, magnetic poster, or our sticker service. Once your package arrives, you can quickly set it up and start displaying it without hassle. Have a look at our <a href=\"https:\/\/vwmstudio.com\/de\/produkt\/stickered-sidewalk-sign\/\">sticker service here.\u00a0<\/a><\/p>\n<p>Um den f\u00fcr Sie zutreffenden Mehrwertsteuersatz anzuzeigen, w\u00e4hlen Sie bitte beim Checkout das richtige Land aus.<\/p>\n<p>\u00a9 Copyright VWM studio<\/p>\n<p>&nbsp;<\/p>\n<p>&nbsp;<\/p>","protected":false},"featured_media":1886,"template":"","meta":{"inline_featured_image":false,"site-sidebar-layout":"default","site-content-layout":"","ast-site-content-layout":"default","site-content-style":"default","site-sidebar-style":"default","ast-global-header-display":"","ast-banner-title-visibility":"","ast-main-header-display":"","ast-hfb-above-header-display":"","ast-hfb-below-header-display":"","ast-hfb-mobile-header-display":"","site-post-title":"","ast-breadcrumbs-content":"","ast-featured-img":"","footer-sml-layout":"","ast-disable-related-posts":"","theme-transparent-header-meta":"default","adv-header-id-meta":"","stick-header-meta":"","header-above-stick-meta":"","header-main-stick-meta":"","header-below-stick-meta":"","astra-migrate-meta-layouts":"set","ast-page-background-enabled":"default","ast-page-background-meta":{"desktop":{"background-color":"var(--ast-global-color-4)","background-image":"","background-repeat":"repeat","background-position":"center center","background-size":"auto","background-attachment":"scroll","background-type":"","background-media":"","overlay-type":"","overlay-color":"","overlay-opacity":"","overlay-gradient":""},"tablet":{"background-color":"","background-image":"","background-repeat":"repeat","background-position":"center center","background-size":"auto","background-attachment":"scroll","background-type":"","background-media":"","overlay-type":"","overlay-color":"","overlay-opacity":"","overlay-gradient":""},"mobile":{"background-color":"","background-image":"","background-repeat":"repeat","background-position":"center center","background-size":"auto","background-attachment":"scroll","background-type":"","background-media":"","overlay-type":"","overlay-color":"","overlay-opacity":"","overlay-gradient":""}},"ast-content-background-meta":{"desktop":{"background-color":"var(--ast-global-color-5)","background-image":"","background-repeat":"repeat","background-position":"center center","background-size":"auto","background-attachment":"scroll","background-type":"","background-media":"","overlay-type":"","overlay-color":"","overlay-opacity":"","overlay-gradient":""},"tablet":{"background-color":"var(--ast-global-color-5)","background-image":"","background-repeat":"repeat","background-position":"center center","background-size":"auto","background-attachment":"scroll","background-type":"","background-media":"","overlay-type":"","overlay-color":"","overlay-opacity":"","overlay-gradient":""},"mobile":{"background-color":"var(--ast-global-color-5)","background-image":"","background-repeat":"repeat","background-position":"center center","background-size":"auto","background-attachment":"scroll","background-type":"","background-media":"","overlay-type":"","overlay-color":"","overlay-opacity":"","overlay-gradient":""}}},"product_brand":[],"product_cat":[16],"product_tag":[67,30,66],"class_list":{"0":"post-1606","1":"product","2":"type-product","3":"status-publish","4":"has-post-thumbnail","6":"product_cat-okategoriserad","7":"product_tag-magnetic-sign","8":"product_tag-shop-sign","9":"product_tag-wall-sign","10":"product_shipping_class-sign-shipping","11":"desktop-align-left","12":"tablet-align-left","13":"mobile-align-left","15":"first","16":"instock","17":"taxable","18":"shipping-taxable","19":"purchasable","20":"product-type-simple"},"yoast_head":"<!-- This site is optimized with the Yoast SEO plugin v27.5 - https:\/\/yoast.com\/product\/yoast-seo-wordpress\/ -->\n<title>WALL SIGN - WHITE - VWM Studio<\/title>\n<meta name=\"description\" content=\"This high-quality wall sign, complete with a handcrafted oak handle, is the perfect way to display your message. A true eye-catching piece.\" \/>\n<meta name=\"robots\" content=\"index, follow, max-snippet:-1, max-image-preview:large, max-video-preview:-1\" \/>\n<link rel=\"canonical\" href=\"https:\/\/vwmstudio.com\/de\/produkt\/wall-sign\/\" \/>\n<meta property=\"og:locale\" content=\"de_DE\" \/>\n<meta property=\"og:type\" content=\"article\" \/>\n<meta property=\"og:title\" content=\"WALL SIGN - WHITE - VWM Studio\" \/>\n<meta property=\"og:description\" content=\"This high-quality wall sign, complete with a handcrafted oak handle, is the perfect way to display your message. A true eye-catching piece.\" \/>\n<meta property=\"og:url\" content=\"https:\/\/vwmstudio.com\/de\/produkt\/wall-sign\/\" \/>\n<meta property=\"og:site_name\" content=\"VWM Studio\" \/>\n<meta property=\"article:modified_time\" content=\"2025-11-20T12:40:21+00:00\" \/>\n<meta property=\"og:image\" content=\"https:\/\/vwmstudio.com\/wp-content\/uploads\/2025\/02\/VWMstudio-Wall-Sign-Web8.webp\" \/>\n\t<meta property=\"og:image:width\" content=\"1042\" \/>\n\t<meta property=\"og:image:height\" content=\"1563\" \/>\n\t<meta property=\"og:image:type\" content=\"image\/webp\" \/>\n<meta name=\"twitter:card\" content=\"summary_large_image\" \/>\n<meta name=\"twitter:label1\" content=\"Gesch\u00e4tzte Lesezeit\" \/>\n\t<meta name=\"twitter:data1\" content=\"2\u00a0Minuten\" \/>\n<script type=\"application\/ld+json\" class=\"yoast-schema-graph\">{\"@context\":\"https:\\\/\\\/schema.org\",\"@graph\":[{\"@type\":\"WebPage\",\"@id\":\"https:\\\/\\\/vwmstudio.com\\\/produkt\\\/wall-sign\\\/\",\"url\":\"https:\\\/\\\/vwmstudio.com\\\/produkt\\\/wall-sign\\\/\",\"name\":\"WALL SIGN - WHITE - VWM Studio\",\"isPartOf\":{\"@id\":\"https:\\\/\\\/vwmstudio.com\\\/#website\"},\"primaryImageOfPage\":{\"@id\":\"https:\\\/\\\/vwmstudio.com\\\/produkt\\\/wall-sign\\\/#primaryimage\"},\"image\":{\"@id\":\"https:\\\/\\\/vwmstudio.com\\\/produkt\\\/wall-sign\\\/#primaryimage\"},\"thumbnailUrl\":\"https:\\\/\\\/vwmstudio.com\\\/wp-content\\\/uploads\\\/2025\\\/02\\\/VWMstudio-Wall-Sign-Web8.webp\",\"datePublished\":\"2025-02-10T15:57:29+00:00\",\"dateModified\":\"2025-11-20T12:40:21+00:00\",\"description\":\"This high-quality wall sign, complete with a handcrafted oak handle, is the perfect way to display your message. A true eye-catching piece.\",\"breadcrumb\":{\"@id\":\"https:\\\/\\\/vwmstudio.com\\\/produkt\\\/wall-sign\\\/#breadcrumb\"},\"inLanguage\":\"de\",\"potentialAction\":[{\"@type\":\"ReadAction\",\"target\":[\"https:\\\/\\\/vwmstudio.com\\\/produkt\\\/wall-sign\\\/\"]}]},{\"@type\":\"ImageObject\",\"inLanguage\":\"de\",\"@id\":\"https:\\\/\\\/vwmstudio.com\\\/produkt\\\/wall-sign\\\/#primaryimage\",\"url\":\"https:\\\/\\\/vwmstudio.com\\\/wp-content\\\/uploads\\\/2025\\\/02\\\/VWMstudio-Wall-Sign-Web8.webp\",\"contentUrl\":\"https:\\\/\\\/vwmstudio.com\\\/wp-content\\\/uploads\\\/2025\\\/02\\\/VWMstudio-Wall-Sign-Web8.webp\",\"width\":1042,\"height\":1563},{\"@type\":\"BreadcrumbList\",\"@id\":\"https:\\\/\\\/vwmstudio.com\\\/produkt\\\/wall-sign\\\/#breadcrumb\",\"itemListElement\":[{\"@type\":\"ListItem\",\"position\":1,\"name\":\"Home\",\"item\":\"https:\\\/\\\/vwmstudio.com\\\/\"},{\"@type\":\"ListItem\",\"position\":2,\"name\":\"Products\",\"item\":\"https:\\\/\\\/vwmstudio.com\\\/products\\\/\"},{\"@type\":\"ListItem\",\"position\":3,\"name\":\"WALL SIGN &#8211; WHITE\"}]},{\"@type\":\"WebSite\",\"@id\":\"https:\\\/\\\/vwmstudio.com\\\/#website\",\"url\":\"https:\\\/\\\/vwmstudio.com\\\/\",\"name\":\"VWM Signing\",\"description\":\"\",\"publisher\":{\"@id\":\"https:\\\/\\\/vwmstudio.com\\\/#organization\"},\"potentialAction\":[{\"@type\":\"SearchAction\",\"target\":{\"@type\":\"EntryPoint\",\"urlTemplate\":\"https:\\\/\\\/vwmstudio.com\\\/?s={search_term_string}\"},\"query-input\":{\"@type\":\"PropertyValueSpecification\",\"valueRequired\":true,\"valueName\":\"search_term_string\"}}],\"inLanguage\":\"de\"},{\"@type\":\"Organization\",\"@id\":\"https:\\\/\\\/vwmstudio.com\\\/#organization\",\"name\":\"VWM Signing\",\"url\":\"https:\\\/\\\/vwmstudio.com\\\/\",\"logo\":{\"@type\":\"ImageObject\",\"inLanguage\":\"de\",\"@id\":\"https:\\\/\\\/vwmstudio.com\\\/#\\\/schema\\\/logo\\\/image\\\/\",\"url\":\"https:\\\/\\\/vwmstudio.com\\\/wp-content\\\/uploads\\\/2023\\\/11\\\/VWMstudio_zwart.png\",\"contentUrl\":\"https:\\\/\\\/vwmstudio.com\\\/wp-content\\\/uploads\\\/2023\\\/11\\\/VWMstudio_zwart.png\",\"width\":1280,\"height\":667,\"caption\":\"VWM Signing\"},\"image\":{\"@id\":\"https:\\\/\\\/vwmstudio.com\\\/#\\\/schema\\\/logo\\\/image\\\/\"}}]}<\/script>\n<!-- \/ Yoast SEO plugin. -->","yoast_head_json":{"title":"WALL SIGN - WHITE - VWM Studio","description":"This high-quality wall sign, complete with a handcrafted oak handle, is the perfect way to display your message. A true eye-catching piece.","robots":{"index":"index","follow":"follow","max-snippet":"max-snippet:-1","max-image-preview":"max-image-preview:large","max-video-preview":"max-video-preview:-1"},"canonical":"https:\/\/vwmstudio.com\/de\/produkt\/wall-sign\/","og_locale":"de_DE","og_type":"article","og_title":"WALL SIGN - WHITE - VWM Studio","og_description":"This high-quality wall sign, complete with a handcrafted oak handle, is the perfect way to display your message. A true eye-catching piece.","og_url":"https:\/\/vwmstudio.com\/de\/produkt\/wall-sign\/","og_site_name":"VWM Studio","article_modified_time":"2025-11-20T12:40:21+00:00","og_image":[{"width":1042,"height":1563,"url":"https:\/\/vwmstudio.com\/wp-content\/uploads\/2025\/02\/VWMstudio-Wall-Sign-Web8.webp","type":"image\/webp"}],"twitter_card":"summary_large_image","twitter_misc":{"Gesch\u00e4tzte Lesezeit":"2\u00a0Minuten"},"schema":{"@context":"https:\/\/schema.org","@graph":[{"@type":"WebPage","@id":"https:\/\/vwmstudio.com\/produkt\/wall-sign\/","url":"https:\/\/vwmstudio.com\/produkt\/wall-sign\/","name":"WALL SIGN - WHITE - VWM Studio","isPartOf":{"@id":"https:\/\/vwmstudio.com\/#website"},"primaryImageOfPage":{"@id":"https:\/\/vwmstudio.com\/produkt\/wall-sign\/#primaryimage"},"image":{"@id":"https:\/\/vwmstudio.com\/produkt\/wall-sign\/#primaryimage"},"thumbnailUrl":"https:\/\/vwmstudio.com\/wp-content\/uploads\/2025\/02\/VWMstudio-Wall-Sign-Web8.webp","datePublished":"2025-02-10T15:57:29+00:00","dateModified":"2025-11-20T12:40:21+00:00","description":"This high-quality wall sign, complete with a handcrafted oak handle, is the perfect way to display your message. A true eye-catching piece.","breadcrumb":{"@id":"https:\/\/vwmstudio.com\/produkt\/wall-sign\/#breadcrumb"},"inLanguage":"de","potentialAction":[{"@type":"ReadAction","target":["https:\/\/vwmstudio.com\/produkt\/wall-sign\/"]}]},{"@type":"ImageObject","inLanguage":"de","@id":"https:\/\/vwmstudio.com\/produkt\/wall-sign\/#primaryimage","url":"https:\/\/vwmstudio.com\/wp-content\/uploads\/2025\/02\/VWMstudio-Wall-Sign-Web8.webp","contentUrl":"https:\/\/vwmstudio.com\/wp-content\/uploads\/2025\/02\/VWMstudio-Wall-Sign-Web8.webp","width":1042,"height":1563},{"@type":"BreadcrumbList","@id":"https:\/\/vwmstudio.com\/produkt\/wall-sign\/#breadcrumb","itemListElement":[{"@type":"ListItem","position":1,"name":"Home","item":"https:\/\/vwmstudio.com\/"},{"@type":"ListItem","position":2,"name":"Products","item":"https:\/\/vwmstudio.com\/products\/"},{"@type":"ListItem","position":3,"name":"WALL SIGN &#8211; WHITE"}]},{"@type":"WebSite","@id":"https:\/\/vwmstudio.com\/#website","url":"https:\/\/vwmstudio.com\/","name":"VWM Signing","description":"","publisher":{"@id":"https:\/\/vwmstudio.com\/#organization"},"potentialAction":[{"@type":"SearchAction","target":{"@type":"EntryPoint","urlTemplate":"https:\/\/vwmstudio.com\/?s={search_term_string}"},"query-input":{"@type":"PropertyValueSpecification","valueRequired":true,"valueName":"search_term_string"}}],"inLanguage":"de"},{"@type":"Organization","@id":"https:\/\/vwmstudio.com\/#organization","name":"VWM Signing","url":"https:\/\/vwmstudio.com\/","logo":{"@type":"ImageObject","inLanguage":"de","@id":"https:\/\/vwmstudio.com\/#\/schema\/logo\/image\/","url":"https:\/\/vwmstudio.com\/wp-content\/uploads\/2023\/11\/VWMstudio_zwart.png","contentUrl":"https:\/\/vwmstudio.com\/wp-content\/uploads\/2023\/11\/VWMstudio_zwart.png","width":1280,"height":667,"caption":"VWM Signing"},"image":{"@id":"https:\/\/vwmstudio.com\/#\/schema\/logo\/image\/"}}]}},"_links":{"self":[{"href":"https:\/\/vwmstudio.com\/de\/wp-json\/wp\/v2\/product\/1606","targetHints":{"allow":["GET"]}}],"collection":[{"href":"https:\/\/vwmstudio.com\/de\/wp-json\/wp\/v2\/product"}],"about":[{"href":"https:\/\/vwmstudio.com\/de\/wp-json\/wp\/v2\/types\/product"}],"wp:featuredmedia":[{"embeddable":true,"href":"https:\/\/vwmstudio.com\/de\/wp-json\/wp\/v2\/media\/1886"}],"wp:attachment":[{"href":"https:\/\/vwmstudio.com\/de\/wp-json\/wp\/v2\/media?parent=1606"}],"wp:term":[{"taxonomy":"product_brand","embeddable":true,"href":"https:\/\/vwmstudio.com\/de\/wp-json\/wp\/v2\/product_brand?post=1606"},{"taxonomy":"product_cat","embeddable":true,"href":"https:\/\/vwmstudio.com\/de\/wp-json\/wp\/v2\/product_cat?post=1606"},{"taxonomy":"product_tag","embeddable":true,"href":"https:\/\/vwmstudio.com\/de\/wp-json\/wp\/v2\/product_tag?post=1606"}],"curies":[{"name":"wp","href":"https:\/\/api.w.org\/{rel}","templated":true}]}}