{"id":2567,"date":"2025-03-20T09:54:38","date_gmt":"2025-03-20T09:54:38","guid":{"rendered":"https:\/\/vwmstudio.com\/?post_type=product&#038;p=2567"},"modified":"2026-03-20T11:41:17","modified_gmt":"2026-03-20T11:41:17","slug":"magnetic-digits-set-near-black","status":"publish","type":"product","link":"https:\/\/vwmstudio.com\/da\/produkt\/magnetic-digits-set-near-black\/","title":{"rendered":"Magnetisk tal-s\u00e6t \u2013 N\u00e6sten sort"},"content":{"rendered":"<p>Magnetisk tal-s\u00e6t \u2013 N\u00e6sten sort<\/p>\n<p>Dette magnetiske tal-s\u00e6t indeholder et udvalg af tal, hvilket giver dig mulighed for at lave datoer, priser, \u00e5bningstider og andre beskeder til skilte eller andre overflader.<\/p>\n<p>Alle tal m\u00e5ler 2,7 cm i h\u00f8jden, hvilket g\u00f8r dem lette at l\u00e6se og visuelt markante.<\/p>\n<p>De pr\u00e6cise tegn, der er inkluderet, vises p\u00e5 produktbilledet \u2013 hvad du ser, er hvad du f\u00e5r.<\/p>\n<p>S\u00e6ttet har en magnetisk overflade i en meget m\u00f8rkegr\u00e5 nuance, der h\u00e6lder mod sort.<\/p>","protected":false},"excerpt":{"rendered":"<p data-start=\"72\" data-end=\"230\">Dette magnetiske tal-s\u00e6t indeholder et udvalg af tal, hvilket giver dig mulighed for at lave datoer, priser, \u00e5bningstider og andre beskeder til skilte eller andre overflader.<\/p>\n<p data-start=\"232\" data-end=\"390\">Vi har lavet cifrene ekstra tynde, s\u00e5 de smelter problemfrit ind i dit skilt uden det klodsede magnetiske look..<\/p>\n<p data-start=\"232\" data-end=\"390\">S\u00e6ttet har en magnetisk overflade i meget m\u00f8rkegr\u00e5, der h\u00e6lder mod sort.<\/p>","protected":false},"featured_media":2554,"template":"","meta":{"inline_featured_image":false,"site-sidebar-layout":"default","site-content-layout":"","ast-site-content-layout":"default","site-content-style":"default","site-sidebar-style":"default","ast-global-header-display":"","ast-banner-title-visibility":"","ast-main-header-display":"","ast-hfb-above-header-display":"","ast-hfb-below-header-display":"","ast-hfb-mobile-header-display":"","site-post-title":"","ast-breadcrumbs-content":"","ast-featured-img":"","footer-sml-layout":"","ast-disable-related-posts":"","theme-transparent-header-meta":"default","adv-header-id-meta":"","stick-header-meta":"","header-above-stick-meta":"","header-main-stick-meta":"","header-below-stick-meta":"","astra-migrate-meta-layouts":"set","ast-page-background-enabled":"default","ast-page-background-meta":{"desktop":{"background-color":"var(--ast-global-color-4)","background-image":"","background-repeat":"repeat","background-position":"center center","background-size":"auto","background-attachment":"scroll","background-type":"","background-media":"","overlay-type":"","overlay-color":"","overlay-opacity":"","overlay-gradient":""},"tablet":{"background-color":"","background-image":"","background-repeat":"repeat","background-position":"center center","background-size":"auto","background-attachment":"scroll","background-type":"","background-media":"","overlay-type":"","overlay-color":"","overlay-opacity":"","overlay-gradient":""},"mobile":{"background-color":"","background-image":"","background-repeat":"repeat","background-position":"center center","background-size":"auto","background-attachment":"scroll","background-type":"","background-media":"","overlay-type":"","overlay-color":"","overlay-opacity":"","overlay-gradient":""}},"ast-content-background-meta":{"desktop":{"background-color":"var(--ast-global-color-5)","background-image":"","background-repeat":"repeat","background-position":"center center","background-size":"auto","background-attachment":"scroll","background-type":"","background-media":"","overlay-type":"","overlay-color":"","overlay-opacity":"","overlay-gradient":""},"tablet":{"background-color":"var(--ast-global-color-5)","background-image":"","background-repeat":"repeat","background-position":"center center","background-size":"auto","background-attachment":"scroll","background-type":"","background-media":"","overlay-type":"","overlay-color":"","overlay-opacity":"","overlay-gradient":""},"mobile":{"background-color":"var(--ast-global-color-5)","background-image":"","background-repeat":"repeat","background-position":"center center","background-size":"auto","background-attachment":"scroll","background-type":"","background-media":"","overlay-type":"","overlay-color":"","overlay-opacity":"","overlay-gradient":""}}},"product_brand":[],"product_cat":[16],"product_tag":[],"class_list":{"0":"post-2567","1":"product","2":"type-product","3":"status-publish","4":"has-post-thumbnail","6":"product_cat-okategoriserad","7":"product_shipping_class-small-parcel","8":"desktop-align-left","9":"tablet-align-left","10":"mobile-align-left","12":"first","13":"instock","14":"taxable","15":"shipping-taxable","16":"purchasable","17":"product-type-simple"},"yoast_head":"<!-- This site is optimized with the Yoast SEO plugin v27.5 - https:\/\/yoast.com\/product\/yoast-seo-wordpress\/ -->\n<title>Magnetic digits set - near black - VWM Studio<\/title>\n<meta name=\"description\" content=\"Magnetic Digits Set \u2013 Near Black or White. 2.7\u202fcm tall numbers perfect for creating dates, prices, opening hours, and custom messages. Magnetic finish, easy to read, visually striking.\" \/>\n<meta name=\"robots\" content=\"index, follow, max-snippet:-1, max-image-preview:large, max-video-preview:-1\" \/>\n<link rel=\"canonical\" href=\"https:\/\/vwmstudio.com\/da\/produkt\/magnetic-digits-set-near-black\/\" \/>\n<meta property=\"og:locale\" content=\"da_DK\" \/>\n<meta property=\"og:type\" content=\"article\" \/>\n<meta property=\"og:title\" content=\"Magnetic digits set - near black - VWM Studio\" \/>\n<meta property=\"og:description\" content=\"Magnetic Digits Set \u2013 Near Black or White. 2.7\u202fcm tall numbers perfect for creating dates, prices, opening hours, and custom messages. Magnetic finish, easy to read, visually striking.\" \/>\n<meta property=\"og:url\" content=\"https:\/\/vwmstudio.com\/da\/produkt\/magnetic-digits-set-near-black\/\" \/>\n<meta property=\"og:site_name\" content=\"VWM Studio\" \/>\n<meta property=\"article:modified_time\" content=\"2026-03-20T11:41:17+00:00\" \/>\n<meta property=\"og:image\" content=\"https:\/\/vwmstudio.com\/wp-content\/uploads\/2026\/03\/VWM-studio-Magnetic-digits-set-near-black-web-scaled.webp\" \/>\n\t<meta property=\"og:image:width\" content=\"1707\" \/>\n\t<meta property=\"og:image:height\" content=\"2560\" \/>\n\t<meta property=\"og:image:type\" content=\"image\/webp\" \/>\n<meta name=\"twitter:card\" content=\"summary_large_image\" \/>\n<meta name=\"twitter:label1\" content=\"Estimeret l\u00e6setid\" \/>\n\t<meta name=\"twitter:data1\" content=\"1 minut\" \/>\n<script type=\"application\/ld+json\" class=\"yoast-schema-graph\">{\"@context\":\"https:\\\/\\\/schema.org\",\"@graph\":[{\"@type\":\"WebPage\",\"@id\":\"https:\\\/\\\/vwmstudio.com\\\/produkt\\\/magnetic-digits-set-near-black\\\/\",\"url\":\"https:\\\/\\\/vwmstudio.com\\\/produkt\\\/magnetic-digits-set-near-black\\\/\",\"name\":\"Magnetic digits set - near black - VWM Studio\",\"isPartOf\":{\"@id\":\"https:\\\/\\\/vwmstudio.com\\\/#website\"},\"primaryImageOfPage\":{\"@id\":\"https:\\\/\\\/vwmstudio.com\\\/produkt\\\/magnetic-digits-set-near-black\\\/#primaryimage\"},\"image\":{\"@id\":\"https:\\\/\\\/vwmstudio.com\\\/produkt\\\/magnetic-digits-set-near-black\\\/#primaryimage\"},\"thumbnailUrl\":\"https:\\\/\\\/vwmstudio.com\\\/wp-content\\\/uploads\\\/2026\\\/03\\\/VWM-studio-Magnetic-digits-set-near-black-web-scaled.webp\",\"datePublished\":\"2025-03-20T09:54:38+00:00\",\"dateModified\":\"2026-03-20T11:41:17+00:00\",\"description\":\"Magnetic Digits Set \u2013 Near Black or White. 2.7\u202fcm tall numbers perfect for creating dates, prices, opening hours, and custom messages. Magnetic finish, easy to read, visually striking.\",\"breadcrumb\":{\"@id\":\"https:\\\/\\\/vwmstudio.com\\\/produkt\\\/magnetic-digits-set-near-black\\\/#breadcrumb\"},\"inLanguage\":\"da-DK\",\"potentialAction\":[{\"@type\":\"ReadAction\",\"target\":[\"https:\\\/\\\/vwmstudio.com\\\/produkt\\\/magnetic-digits-set-near-black\\\/\"]}]},{\"@type\":\"ImageObject\",\"inLanguage\":\"da-DK\",\"@id\":\"https:\\\/\\\/vwmstudio.com\\\/produkt\\\/magnetic-digits-set-near-black\\\/#primaryimage\",\"url\":\"https:\\\/\\\/vwmstudio.com\\\/wp-content\\\/uploads\\\/2026\\\/03\\\/VWM-studio-Magnetic-digits-set-near-black-web-scaled.webp\",\"contentUrl\":\"https:\\\/\\\/vwmstudio.com\\\/wp-content\\\/uploads\\\/2026\\\/03\\\/VWM-studio-Magnetic-digits-set-near-black-web-scaled.webp\",\"width\":1707,\"height\":2560},{\"@type\":\"BreadcrumbList\",\"@id\":\"https:\\\/\\\/vwmstudio.com\\\/produkt\\\/magnetic-digits-set-near-black\\\/#breadcrumb\",\"itemListElement\":[{\"@type\":\"ListItem\",\"position\":1,\"name\":\"Home\",\"item\":\"https:\\\/\\\/vwmstudio.com\\\/\"},{\"@type\":\"ListItem\",\"position\":2,\"name\":\"Products\",\"item\":\"https:\\\/\\\/vwmstudio.com\\\/products\\\/\"},{\"@type\":\"ListItem\",\"position\":3,\"name\":\"Magnetic digits set &#8211; near black\"}]},{\"@type\":\"WebSite\",\"@id\":\"https:\\\/\\\/vwmstudio.com\\\/#website\",\"url\":\"https:\\\/\\\/vwmstudio.com\\\/\",\"name\":\"VWM Signing\",\"description\":\"\",\"publisher\":{\"@id\":\"https:\\\/\\\/vwmstudio.com\\\/#organization\"},\"potentialAction\":[{\"@type\":\"SearchAction\",\"target\":{\"@type\":\"EntryPoint\",\"urlTemplate\":\"https:\\\/\\\/vwmstudio.com\\\/?s={search_term_string}\"},\"query-input\":{\"@type\":\"PropertyValueSpecification\",\"valueRequired\":true,\"valueName\":\"search_term_string\"}}],\"inLanguage\":\"da-DK\"},{\"@type\":\"Organization\",\"@id\":\"https:\\\/\\\/vwmstudio.com\\\/#organization\",\"name\":\"VWM Signing\",\"url\":\"https:\\\/\\\/vwmstudio.com\\\/\",\"logo\":{\"@type\":\"ImageObject\",\"inLanguage\":\"da-DK\",\"@id\":\"https:\\\/\\\/vwmstudio.com\\\/#\\\/schema\\\/logo\\\/image\\\/\",\"url\":\"https:\\\/\\\/vwmstudio.com\\\/wp-content\\\/uploads\\\/2023\\\/11\\\/VWMstudio_zwart.png\",\"contentUrl\":\"https:\\\/\\\/vwmstudio.com\\\/wp-content\\\/uploads\\\/2023\\\/11\\\/VWMstudio_zwart.png\",\"width\":1280,\"height\":667,\"caption\":\"VWM Signing\"},\"image\":{\"@id\":\"https:\\\/\\\/vwmstudio.com\\\/#\\\/schema\\\/logo\\\/image\\\/\"}}]}<\/script>\n<!-- \/ Yoast SEO plugin. -->","yoast_head_json":{"title":"Magnetic digits set - near black - VWM Studio","description":"Magnetic Digits Set \u2013 Near Black or White. 2.7\u202fcm tall numbers perfect for creating dates, prices, opening hours, and custom messages. Magnetic finish, easy to read, visually striking.","robots":{"index":"index","follow":"follow","max-snippet":"max-snippet:-1","max-image-preview":"max-image-preview:large","max-video-preview":"max-video-preview:-1"},"canonical":"https:\/\/vwmstudio.com\/da\/produkt\/magnetic-digits-set-near-black\/","og_locale":"da_DK","og_type":"article","og_title":"Magnetic digits set - near black - VWM Studio","og_description":"Magnetic Digits Set \u2013 Near Black or White. 2.7\u202fcm tall numbers perfect for creating dates, prices, opening hours, and custom messages. Magnetic finish, easy to read, visually striking.","og_url":"https:\/\/vwmstudio.com\/da\/produkt\/magnetic-digits-set-near-black\/","og_site_name":"VWM Studio","article_modified_time":"2026-03-20T11:41:17+00:00","og_image":[{"width":1707,"height":2560,"url":"https:\/\/vwmstudio.com\/wp-content\/uploads\/2026\/03\/VWM-studio-Magnetic-digits-set-near-black-web-scaled.webp","type":"image\/webp"}],"twitter_card":"summary_large_image","twitter_misc":{"Estimeret l\u00e6setid":"1 minut"},"schema":{"@context":"https:\/\/schema.org","@graph":[{"@type":"WebPage","@id":"https:\/\/vwmstudio.com\/produkt\/magnetic-digits-set-near-black\/","url":"https:\/\/vwmstudio.com\/produkt\/magnetic-digits-set-near-black\/","name":"Magnetic digits set - near black - VWM Studio","isPartOf":{"@id":"https:\/\/vwmstudio.com\/#website"},"primaryImageOfPage":{"@id":"https:\/\/vwmstudio.com\/produkt\/magnetic-digits-set-near-black\/#primaryimage"},"image":{"@id":"https:\/\/vwmstudio.com\/produkt\/magnetic-digits-set-near-black\/#primaryimage"},"thumbnailUrl":"https:\/\/vwmstudio.com\/wp-content\/uploads\/2026\/03\/VWM-studio-Magnetic-digits-set-near-black-web-scaled.webp","datePublished":"2025-03-20T09:54:38+00:00","dateModified":"2026-03-20T11:41:17+00:00","description":"Magnetic Digits Set \u2013 Near Black or White. 2.7\u202fcm tall numbers perfect for creating dates, prices, opening hours, and custom messages. Magnetic finish, easy to read, visually striking.","breadcrumb":{"@id":"https:\/\/vwmstudio.com\/produkt\/magnetic-digits-set-near-black\/#breadcrumb"},"inLanguage":"da-DK","potentialAction":[{"@type":"ReadAction","target":["https:\/\/vwmstudio.com\/produkt\/magnetic-digits-set-near-black\/"]}]},{"@type":"ImageObject","inLanguage":"da-DK","@id":"https:\/\/vwmstudio.com\/produkt\/magnetic-digits-set-near-black\/#primaryimage","url":"https:\/\/vwmstudio.com\/wp-content\/uploads\/2026\/03\/VWM-studio-Magnetic-digits-set-near-black-web-scaled.webp","contentUrl":"https:\/\/vwmstudio.com\/wp-content\/uploads\/2026\/03\/VWM-studio-Magnetic-digits-set-near-black-web-scaled.webp","width":1707,"height":2560},{"@type":"BreadcrumbList","@id":"https:\/\/vwmstudio.com\/produkt\/magnetic-digits-set-near-black\/#breadcrumb","itemListElement":[{"@type":"ListItem","position":1,"name":"Home","item":"https:\/\/vwmstudio.com\/"},{"@type":"ListItem","position":2,"name":"Products","item":"https:\/\/vwmstudio.com\/products\/"},{"@type":"ListItem","position":3,"name":"Magnetic digits set &#8211; near black"}]},{"@type":"WebSite","@id":"https:\/\/vwmstudio.com\/#website","url":"https:\/\/vwmstudio.com\/","name":"VWM Signing","description":"","publisher":{"@id":"https:\/\/vwmstudio.com\/#organization"},"potentialAction":[{"@type":"SearchAction","target":{"@type":"EntryPoint","urlTemplate":"https:\/\/vwmstudio.com\/?s={search_term_string}"},"query-input":{"@type":"PropertyValueSpecification","valueRequired":true,"valueName":"search_term_string"}}],"inLanguage":"da-DK"},{"@type":"Organization","@id":"https:\/\/vwmstudio.com\/#organization","name":"VWM Signing","url":"https:\/\/vwmstudio.com\/","logo":{"@type":"ImageObject","inLanguage":"da-DK","@id":"https:\/\/vwmstudio.com\/#\/schema\/logo\/image\/","url":"https:\/\/vwmstudio.com\/wp-content\/uploads\/2023\/11\/VWMstudio_zwart.png","contentUrl":"https:\/\/vwmstudio.com\/wp-content\/uploads\/2023\/11\/VWMstudio_zwart.png","width":1280,"height":667,"caption":"VWM Signing"},"image":{"@id":"https:\/\/vwmstudio.com\/#\/schema\/logo\/image\/"}}]}},"_links":{"self":[{"href":"https:\/\/vwmstudio.com\/da\/wp-json\/wp\/v2\/product\/2567","targetHints":{"allow":["GET"]}}],"collection":[{"href":"https:\/\/vwmstudio.com\/da\/wp-json\/wp\/v2\/product"}],"about":[{"href":"https:\/\/vwmstudio.com\/da\/wp-json\/wp\/v2\/types\/product"}],"wp:featuredmedia":[{"embeddable":true,"href":"https:\/\/vwmstudio.com\/da\/wp-json\/wp\/v2\/media\/2554"}],"wp:attachment":[{"href":"https:\/\/vwmstudio.com\/da\/wp-json\/wp\/v2\/media?parent=2567"}],"wp:term":[{"taxonomy":"product_brand","embeddable":true,"href":"https:\/\/vwmstudio.com\/da\/wp-json\/wp\/v2\/product_brand?post=2567"},{"taxonomy":"product_cat","embeddable":true,"href":"https:\/\/vwmstudio.com\/da\/wp-json\/wp\/v2\/product_cat?post=2567"},{"taxonomy":"product_tag","embeddable":true,"href":"https:\/\/vwmstudio.com\/da\/wp-json\/wp\/v2\/product_tag?post=2567"}],"curies":[{"name":"wp","href":"https:\/\/api.w.org\/{rel}","templated":true}]}}