{"id":1506,"date":"2024-11-18T14:10:03","date_gmt":"2024-11-18T14:10:03","guid":{"rendered":"https:\/\/vwmstudio.com\/?post_type=product&#038;p=1506"},"modified":"2025-11-03T09:04:29","modified_gmt":"2025-11-03T09:04:29","slug":"add-on-circle-white","status":"publish","type":"product","link":"https:\/\/vwmstudio.com\/da\/produkt\/add-on-circle-white\/","title":{"rendered":"ADD ON CIRCLE HVID"},"content":{"rendered":"<p class=\"\" data-start=\"160\" data-end=\"354\">Nem montering p\u00e5 dit gadeskilt:<br data-start=\"199\" data-end=\"202\" \/>Hurtig og enkel at bruge \u2013 skub blot Add-On skiltet ned i den \u00f8verste slids, n\u00e5r gadeskiltet er helt udfoldet. N\u00e5r skiltet er helt \u00e5bent, bliver Add-On\u2019en sikkert fastklemt.<br \/>\nVigtigt: Fjern tilf\u00f8jelsesskiltet, f\u00f8r du folder og flytter gadeskiltet.<\/p>\n<p class=\"translation-block\" data-start=\"356\" data-end=\"493\">Pulverlakeret finish:<br data-start=\"388\" data-end=\"391\">Designet til b\u00e5de indend\u00f8rs og udend\u00f8rs brug, med en h\u00f8jkvalitets pulverlakering for lang holdbarhed.<\/p>\n<p class=\"\" data-start=\"495\" data-end=\"606\">Farvevalg:<br \/>\nLagervarer findes i sort, hvid, pink og bl\u00e5.<br data-start=\"531\" data-end=\"534\" \/>Leder du efter en anden farve? <a href=\"\/da\/info@vwmstudio.com\/\">Kontakt os for specialtilpassede farvemuligheder.<\/a><\/p>\n<p data-start=\"608\" data-end=\"733\">V\u00e6gt:<br \/>\n0,5 kg<\/p>\n<p class=\"translation-block\" data-start=\"608\" data-end=\"733\">Andre Add-On muligheder:<br data-start=\"642\" data-end=\"645\">Udforsk hele vores sortiment, herunder Add-On Banner og Add-On Halvm\u00e5ne-designs.<\/p>\n<p class=\"translation-block\" data-start=\"735\" data-end=\"876\">Personligg\u00f8r din Add-On:<br data-start=\"762\" data-end=\"765\">Overfladen fungerer perfekt med klisterm\u00e6rker, kridt-tuscher og magnetiske elementer \u2013 ideel til fleksibel skiltning.<\/p>\n<p class=\"translation-block\" data-start=\"878\" data-end=\"1100\">Klisterm\u00e6rketilpasning:<br data-start=\"911\" data-end=\"914\">Send os en PDF med dit design, s\u00e5 giver vi dig et tilbud. Er du i tvivl om, hvad der skal st\u00e5 p\u00e5 skiltet? Har du brug for hj\u00e6lp til designet? Kontakt os \u2013 vi hj\u00e6lper dig gerne med at finde den perfekte l\u00f8sning.<\/p>\n<p class=\"translation-block\" data-start=\"1102\" data-end=\"1254\">Bestil klisterm\u00e6rker selv:<br> \nN\u00e5r du bestiller klisterm\u00e6rker online, skal du sikre dig, at de er beregnet til udend\u00f8rs brug med h\u00f8j kl\u00e6beevne, og at dit design har en stregtykkelse p\u00e5 2 mm.<\/p>\n<p class=\"translation-block\">Leveringstider:<br> \nDK: 3\u20135 dage, SE: 3\u20135 dage, NL: 5\u20138 dage, BE: 5\u20139 dage, DE: 5\u20139 dage, FR: 5\u20139 dage. Andre lande: kontakt os, hvis ikke specificeret.<\/p>\n<p class=\"translation-block\">Forsendelsesinformation:<br> \nVi tilbyder i \u00f8jeblikket kun levering inden for EU for dette produkt.<\/p>","protected":false},"excerpt":{"rendered":"<p class=\"\" data-start=\"146\" data-end=\"197\">Add-On Circle til din foldbare fortovsskylt.<\/p>\n<p class=\"\" data-start=\"199\" data-end=\"354\">Fremh\u00e6v dit budskab med Add-On Circle \u2013 designet til nemt at s\u00e6tte p\u00e5, n\u00e5r du folder din fortovsskylt ud. Der kr\u00e6ves ingen v\u00e6rkt\u00f8j, du skal bare skubbe den ind i toppen, n\u00e5r du folder skiltet helt ud for at l\u00e5se den fast, og du er klar.<br \/>\nVigtigt: Fjern tilf\u00f8jelsesskiltet, f\u00f8r du folder og flytter gadeskiltet.<\/p>\n<p class=\"\" data-start=\"356\" data-end=\"485\">Tilpas dit Add-On skilt med klisterm\u00e6rker, eller magnetiske muligheder.<\/p>\n<p class=\"\" data-start=\"487\" data-end=\"691\">Brug det til at fremh\u00e6ve vigtig information som:<br data-start=\"521\" data-end=\"524\" \/>\u2022 Dit logo eller branding<br data-start=\"547\" data-end=\"550\" \/>\u2022 Udsalg og s\u00e6rlige tilbud<br data-start=\"576\" data-end=\"579\" \/>\u2022 S\u00e6sonkampagner<br data-start=\"600\" data-end=\"603\" \/>\u2022 Nye kollektioner eller menupunkter<br data-start=\"634\" data-end=\"637\" \/>\u2022 Dagens tilbud eller events<br data-start=\"663\" data-end=\"666\" \/>\u2022 Opdaterede \u00e5bningstider<\/p>\n<p class=\"\" data-start=\"693\" data-end=\"818\">Perfekt til detailhandel, hospitality og meget mere. Dette i\u00f8jnefaldende tilbeh\u00f8r hj\u00e6lper med at tiltr\u00e6kke opm\u00e6rksomhed og f\u00e5 din skiltning til at skille sig endnu mere ud.<\/p>\n<p class=\"\" data-start=\"820\" data-end=\"972\">Kompatibel med alle vores foldbare gadeskilte.<\/p>\n<p>\u00a9 Copyright VWM studio<\/p>\n<p class=\"p1\">","protected":false},"featured_media":1503,"template":"","meta":{"inline_featured_image":false,"site-sidebar-layout":"default","site-content-layout":"","ast-site-content-layout":"default","site-content-style":"default","site-sidebar-style":"default","ast-global-header-display":"","ast-banner-title-visibility":"","ast-main-header-display":"","ast-hfb-above-header-display":"","ast-hfb-below-header-display":"","ast-hfb-mobile-header-display":"","site-post-title":"","ast-breadcrumbs-content":"","ast-featured-img":"","footer-sml-layout":"","ast-disable-related-posts":"","theme-transparent-header-meta":"default","adv-header-id-meta":"","stick-header-meta":"","header-above-stick-meta":"","header-main-stick-meta":"","header-below-stick-meta":"","astra-migrate-meta-layouts":"set","ast-page-background-enabled":"default","ast-page-background-meta":{"desktop":{"background-color":"var(--ast-global-color-4)","background-image":"","background-repeat":"repeat","background-position":"center center","background-size":"auto","background-attachment":"scroll","background-type":"","background-media":"","overlay-type":"","overlay-color":"","overlay-opacity":"","overlay-gradient":""},"tablet":{"background-color":"","background-image":"","background-repeat":"repeat","background-position":"center center","background-size":"auto","background-attachment":"scroll","background-type":"","background-media":"","overlay-type":"","overlay-color":"","overlay-opacity":"","overlay-gradient":""},"mobile":{"background-color":"","background-image":"","background-repeat":"repeat","background-position":"center center","background-size":"auto","background-attachment":"scroll","background-type":"","background-media":"","overlay-type":"","overlay-color":"","overlay-opacity":"","overlay-gradient":""}},"ast-content-background-meta":{"desktop":{"background-color":"var(--ast-global-color-5)","background-image":"","background-repeat":"repeat","background-position":"center center","background-size":"auto","background-attachment":"scroll","background-type":"","background-media":"","overlay-type":"","overlay-color":"","overlay-opacity":"","overlay-gradient":""},"tablet":{"background-color":"var(--ast-global-color-5)","background-image":"","background-repeat":"repeat","background-position":"center center","background-size":"auto","background-attachment":"scroll","background-type":"","background-media":"","overlay-type":"","overlay-color":"","overlay-opacity":"","overlay-gradient":""},"mobile":{"background-color":"var(--ast-global-color-5)","background-image":"","background-repeat":"repeat","background-position":"center center","background-size":"auto","background-attachment":"scroll","background-type":"","background-media":"","overlay-type":"","overlay-color":"","overlay-opacity":"","overlay-gradient":""}}},"product_brand":[],"product_cat":[16],"product_tag":[62,33,48,61],"class_list":{"0":"post-1506","1":"product","2":"type-product","3":"status-publish","4":"has-post-thumbnail","6":"product_cat-okategoriserad","7":"product_tag-bedrijfsigning","8":"product_tag-marketing-tool","9":"product_tag-sidewalk-sign","10":"product_tag-stoepbord","11":"product_shipping_class-small-parcel","12":"desktop-align-left","13":"tablet-align-left","14":"mobile-align-left","16":"first","17":"instock","18":"taxable","19":"shipping-taxable","20":"purchasable","21":"product-type-simple"},"yoast_head":"<!-- This site is optimized with the Yoast SEO plugin v27.5 - https:\/\/yoast.com\/product\/yoast-seo-wordpress\/ -->\n<title>ADD ON CIRCLE WHITE - VWM Studio<\/title>\n<meta name=\"description\" content=\"The Add on signs are easy to add to your sidewalk sign when unfolding. Choose sticker, magnetic sticker or chalk marker to add your daily message.\" \/>\n<meta name=\"robots\" content=\"index, follow, max-snippet:-1, max-image-preview:large, max-video-preview:-1\" \/>\n<link rel=\"canonical\" href=\"https:\/\/vwmstudio.com\/da\/produkt\/add-on-circle-white\/\" \/>\n<meta property=\"og:locale\" content=\"da_DK\" \/>\n<meta property=\"og:type\" content=\"article\" \/>\n<meta property=\"og:title\" content=\"ADD ON CIRCLE WHITE - VWM Studio\" \/>\n<meta property=\"og:description\" content=\"The Add on signs are easy to add to your sidewalk sign when unfolding. Choose sticker, magnetic sticker or chalk marker to add your daily message.\" \/>\n<meta property=\"og:url\" content=\"https:\/\/vwmstudio.com\/da\/produkt\/add-on-circle-white\/\" \/>\n<meta property=\"og:site_name\" content=\"VWM Studio\" \/>\n<meta property=\"article:modified_time\" content=\"2025-11-03T09:04:29+00:00\" \/>\n<meta property=\"og:image\" content=\"https:\/\/vwmstudio.com\/wp-content\/uploads\/2023\/11\/Add-Ons-for-sidewalk-sign-WEB87-scaled.jpg\" \/>\n\t<meta property=\"og:image:width\" content=\"1706\" \/>\n\t<meta property=\"og:image:height\" content=\"2560\" \/>\n\t<meta property=\"og:image:type\" content=\"image\/jpeg\" \/>\n<meta name=\"twitter:card\" content=\"summary_large_image\" \/>\n<meta name=\"twitter:label1\" content=\"Estimeret l\u00e6setid\" \/>\n\t<meta name=\"twitter:data1\" content=\"2 minutter\" \/>\n<script type=\"application\/ld+json\" class=\"yoast-schema-graph\">{\"@context\":\"https:\\\/\\\/schema.org\",\"@graph\":[{\"@type\":\"WebPage\",\"@id\":\"https:\\\/\\\/vwmstudio.com\\\/produkt\\\/add-on-circle-white\\\/\",\"url\":\"https:\\\/\\\/vwmstudio.com\\\/produkt\\\/add-on-circle-white\\\/\",\"name\":\"ADD ON CIRCLE WHITE - VWM Studio\",\"isPartOf\":{\"@id\":\"https:\\\/\\\/vwmstudio.com\\\/#website\"},\"primaryImageOfPage\":{\"@id\":\"https:\\\/\\\/vwmstudio.com\\\/produkt\\\/add-on-circle-white\\\/#primaryimage\"},\"image\":{\"@id\":\"https:\\\/\\\/vwmstudio.com\\\/produkt\\\/add-on-circle-white\\\/#primaryimage\"},\"thumbnailUrl\":\"https:\\\/\\\/vwmstudio.com\\\/wp-content\\\/uploads\\\/2023\\\/11\\\/Add-Ons-for-sidewalk-sign-WEB87-scaled.jpg\",\"datePublished\":\"2024-11-18T14:10:03+00:00\",\"dateModified\":\"2025-11-03T09:04:29+00:00\",\"description\":\"The Add on signs are easy to add to your sidewalk sign when unfolding. Choose sticker, magnetic sticker or chalk marker to add your daily message.\",\"breadcrumb\":{\"@id\":\"https:\\\/\\\/vwmstudio.com\\\/produkt\\\/add-on-circle-white\\\/#breadcrumb\"},\"inLanguage\":\"da-DK\",\"potentialAction\":[{\"@type\":\"ReadAction\",\"target\":[\"https:\\\/\\\/vwmstudio.com\\\/produkt\\\/add-on-circle-white\\\/\"]}]},{\"@type\":\"ImageObject\",\"inLanguage\":\"da-DK\",\"@id\":\"https:\\\/\\\/vwmstudio.com\\\/produkt\\\/add-on-circle-white\\\/#primaryimage\",\"url\":\"https:\\\/\\\/vwmstudio.com\\\/wp-content\\\/uploads\\\/2023\\\/11\\\/Add-Ons-for-sidewalk-sign-WEB87-scaled.jpg\",\"contentUrl\":\"https:\\\/\\\/vwmstudio.com\\\/wp-content\\\/uploads\\\/2023\\\/11\\\/Add-Ons-for-sidewalk-sign-WEB87-scaled.jpg\",\"width\":1706,\"height\":2560},{\"@type\":\"BreadcrumbList\",\"@id\":\"https:\\\/\\\/vwmstudio.com\\\/produkt\\\/add-on-circle-white\\\/#breadcrumb\",\"itemListElement\":[{\"@type\":\"ListItem\",\"position\":1,\"name\":\"Home\",\"item\":\"https:\\\/\\\/vwmstudio.com\\\/\"},{\"@type\":\"ListItem\",\"position\":2,\"name\":\"Products\",\"item\":\"https:\\\/\\\/vwmstudio.com\\\/products\\\/\"},{\"@type\":\"ListItem\",\"position\":3,\"name\":\"ADD ON CIRCLE WHITE\"}]},{\"@type\":\"WebSite\",\"@id\":\"https:\\\/\\\/vwmstudio.com\\\/#website\",\"url\":\"https:\\\/\\\/vwmstudio.com\\\/\",\"name\":\"VWM Signing\",\"description\":\"\",\"publisher\":{\"@id\":\"https:\\\/\\\/vwmstudio.com\\\/#organization\"},\"potentialAction\":[{\"@type\":\"SearchAction\",\"target\":{\"@type\":\"EntryPoint\",\"urlTemplate\":\"https:\\\/\\\/vwmstudio.com\\\/?s={search_term_string}\"},\"query-input\":{\"@type\":\"PropertyValueSpecification\",\"valueRequired\":true,\"valueName\":\"search_term_string\"}}],\"inLanguage\":\"da-DK\"},{\"@type\":\"Organization\",\"@id\":\"https:\\\/\\\/vwmstudio.com\\\/#organization\",\"name\":\"VWM Signing\",\"url\":\"https:\\\/\\\/vwmstudio.com\\\/\",\"logo\":{\"@type\":\"ImageObject\",\"inLanguage\":\"da-DK\",\"@id\":\"https:\\\/\\\/vwmstudio.com\\\/#\\\/schema\\\/logo\\\/image\\\/\",\"url\":\"https:\\\/\\\/vwmstudio.com\\\/wp-content\\\/uploads\\\/2023\\\/11\\\/VWMstudio_zwart.png\",\"contentUrl\":\"https:\\\/\\\/vwmstudio.com\\\/wp-content\\\/uploads\\\/2023\\\/11\\\/VWMstudio_zwart.png\",\"width\":1280,\"height\":667,\"caption\":\"VWM Signing\"},\"image\":{\"@id\":\"https:\\\/\\\/vwmstudio.com\\\/#\\\/schema\\\/logo\\\/image\\\/\"}}]}<\/script>\n<!-- \/ Yoast SEO plugin. -->","yoast_head_json":{"title":"ADD ON CIRCLE WHITE - VWM Studio","description":"The Add on signs are easy to add to your sidewalk sign when unfolding. Choose sticker, magnetic sticker or chalk marker to add your daily message.","robots":{"index":"index","follow":"follow","max-snippet":"max-snippet:-1","max-image-preview":"max-image-preview:large","max-video-preview":"max-video-preview:-1"},"canonical":"https:\/\/vwmstudio.com\/da\/produkt\/add-on-circle-white\/","og_locale":"da_DK","og_type":"article","og_title":"ADD ON CIRCLE WHITE - VWM Studio","og_description":"The Add on signs are easy to add to your sidewalk sign when unfolding. Choose sticker, magnetic sticker or chalk marker to add your daily message.","og_url":"https:\/\/vwmstudio.com\/da\/produkt\/add-on-circle-white\/","og_site_name":"VWM Studio","article_modified_time":"2025-11-03T09:04:29+00:00","og_image":[{"width":1706,"height":2560,"url":"https:\/\/vwmstudio.com\/wp-content\/uploads\/2023\/11\/Add-Ons-for-sidewalk-sign-WEB87-scaled.jpg","type":"image\/jpeg"}],"twitter_card":"summary_large_image","twitter_misc":{"Estimeret l\u00e6setid":"2 minutter"},"schema":{"@context":"https:\/\/schema.org","@graph":[{"@type":"WebPage","@id":"https:\/\/vwmstudio.com\/produkt\/add-on-circle-white\/","url":"https:\/\/vwmstudio.com\/produkt\/add-on-circle-white\/","name":"ADD ON CIRCLE WHITE - VWM Studio","isPartOf":{"@id":"https:\/\/vwmstudio.com\/#website"},"primaryImageOfPage":{"@id":"https:\/\/vwmstudio.com\/produkt\/add-on-circle-white\/#primaryimage"},"image":{"@id":"https:\/\/vwmstudio.com\/produkt\/add-on-circle-white\/#primaryimage"},"thumbnailUrl":"https:\/\/vwmstudio.com\/wp-content\/uploads\/2023\/11\/Add-Ons-for-sidewalk-sign-WEB87-scaled.jpg","datePublished":"2024-11-18T14:10:03+00:00","dateModified":"2025-11-03T09:04:29+00:00","description":"The Add on signs are easy to add to your sidewalk sign when unfolding. Choose sticker, magnetic sticker or chalk marker to add your daily message.","breadcrumb":{"@id":"https:\/\/vwmstudio.com\/produkt\/add-on-circle-white\/#breadcrumb"},"inLanguage":"da-DK","potentialAction":[{"@type":"ReadAction","target":["https:\/\/vwmstudio.com\/produkt\/add-on-circle-white\/"]}]},{"@type":"ImageObject","inLanguage":"da-DK","@id":"https:\/\/vwmstudio.com\/produkt\/add-on-circle-white\/#primaryimage","url":"https:\/\/vwmstudio.com\/wp-content\/uploads\/2023\/11\/Add-Ons-for-sidewalk-sign-WEB87-scaled.jpg","contentUrl":"https:\/\/vwmstudio.com\/wp-content\/uploads\/2023\/11\/Add-Ons-for-sidewalk-sign-WEB87-scaled.jpg","width":1706,"height":2560},{"@type":"BreadcrumbList","@id":"https:\/\/vwmstudio.com\/produkt\/add-on-circle-white\/#breadcrumb","itemListElement":[{"@type":"ListItem","position":1,"name":"Home","item":"https:\/\/vwmstudio.com\/"},{"@type":"ListItem","position":2,"name":"Products","item":"https:\/\/vwmstudio.com\/products\/"},{"@type":"ListItem","position":3,"name":"ADD ON CIRCLE WHITE"}]},{"@type":"WebSite","@id":"https:\/\/vwmstudio.com\/#website","url":"https:\/\/vwmstudio.com\/","name":"VWM Signing","description":"","publisher":{"@id":"https:\/\/vwmstudio.com\/#organization"},"potentialAction":[{"@type":"SearchAction","target":{"@type":"EntryPoint","urlTemplate":"https:\/\/vwmstudio.com\/?s={search_term_string}"},"query-input":{"@type":"PropertyValueSpecification","valueRequired":true,"valueName":"search_term_string"}}],"inLanguage":"da-DK"},{"@type":"Organization","@id":"https:\/\/vwmstudio.com\/#organization","name":"VWM Signing","url":"https:\/\/vwmstudio.com\/","logo":{"@type":"ImageObject","inLanguage":"da-DK","@id":"https:\/\/vwmstudio.com\/#\/schema\/logo\/image\/","url":"https:\/\/vwmstudio.com\/wp-content\/uploads\/2023\/11\/VWMstudio_zwart.png","contentUrl":"https:\/\/vwmstudio.com\/wp-content\/uploads\/2023\/11\/VWMstudio_zwart.png","width":1280,"height":667,"caption":"VWM Signing"},"image":{"@id":"https:\/\/vwmstudio.com\/#\/schema\/logo\/image\/"}}]}},"_links":{"self":[{"href":"https:\/\/vwmstudio.com\/da\/wp-json\/wp\/v2\/product\/1506","targetHints":{"allow":["GET"]}}],"collection":[{"href":"https:\/\/vwmstudio.com\/da\/wp-json\/wp\/v2\/product"}],"about":[{"href":"https:\/\/vwmstudio.com\/da\/wp-json\/wp\/v2\/types\/product"}],"wp:featuredmedia":[{"embeddable":true,"href":"https:\/\/vwmstudio.com\/da\/wp-json\/wp\/v2\/media\/1503"}],"wp:attachment":[{"href":"https:\/\/vwmstudio.com\/da\/wp-json\/wp\/v2\/media?parent=1506"}],"wp:term":[{"taxonomy":"product_brand","embeddable":true,"href":"https:\/\/vwmstudio.com\/da\/wp-json\/wp\/v2\/product_brand?post=1506"},{"taxonomy":"product_cat","embeddable":true,"href":"https:\/\/vwmstudio.com\/da\/wp-json\/wp\/v2\/product_cat?post=1506"},{"taxonomy":"product_tag","embeddable":true,"href":"https:\/\/vwmstudio.com\/da\/wp-json\/wp\/v2\/product_tag?post=1506"}],"curies":[{"name":"wp","href":"https:\/\/api.w.org\/{rel}","templated":true}]}}